{"id":9947,"date":"2024-04-19T12:26:59","date_gmt":"2024-04-19T10:26:59","guid":{"rendered":"https:\/\/marfret.epartenaire.com\/reefer\/"},"modified":"2024-10-07T10:08:39","modified_gmt":"2024-10-07T08:08:39","slug":"reefer","status":"publish","type":"page","link":"https:\/\/www.marfret.com\/es\/reefer\/","title":{"rendered":"Reefer"},"content":{"rendered":"\t\t<div data-elementor-type=\"wp-page\" data-elementor-id=\"9947\" class=\"elementor elementor-9947 elementor-153\" data-elementor-post-type=\"page\">\n\t\t\t\t<div class=\"elementor-element elementor-element-c19e695 e-flex e-con-boxed e-con e-parent\" data-id=\"c19e695\" data-element_type=\"container\" data-e-type=\"container\">\n\t\t\t\t\t<div class=\"e-con-inner\">\n\t\t\t\t<div class=\"elementor-element elementor-element-8c3b530 elementor-widget elementor-widget-spacer\" data-id=\"8c3b530\" data-element_type=\"widget\" data-e-type=\"widget\" data-widget_type=\"spacer.default\">\n\t\t\t\t<div class=\"elementor-widget-container\">\n\t\t\t\t\t\t\t<div class=\"elementor-spacer\">\n\t\t\t<div class=\"elementor-spacer-inner\"><\/div>\n\t\t<\/div>\n\t\t\t\t\t\t<\/div>\n\t\t\t\t<\/div>\n\t\t\t\t<div class=\"elementor-element elementor-element-7706e10 e-transform elementor-widget elementor-widget-heading\" data-id=\"7706e10\" data-element_type=\"widget\" data-e-type=\"widget\" data-settings=\"{&quot;_transform_scale_effect&quot;:{&quot;unit&quot;:&quot;px&quot;,&quot;size&quot;:&quot;&quot;,&quot;sizes&quot;:[]},&quot;_transform_scale_effect_tablet&quot;:{&quot;unit&quot;:&quot;px&quot;,&quot;size&quot;:&quot;&quot;,&quot;sizes&quot;:[]},&quot;_transform_scale_effect_mobile&quot;:{&quot;unit&quot;:&quot;px&quot;,&quot;size&quot;:&quot;&quot;,&quot;sizes&quot;:[]}}\" data-widget_type=\"heading.default\">\n\t\t\t\t<div class=\"elementor-widget-container\">\n\t\t\t\t\t<h2 class=\"elementor-heading-title elementor-size-default\">Transport r\u00e9frig\u00e9r\u00e9<\/h2>\t\t\t\t<\/div>\n\t\t\t\t<\/div>\n\t\t\t\t<div class=\"elementor-element elementor-element-5b08d53 elementor-widget elementor-widget-spacer\" data-id=\"5b08d53\" data-element_type=\"widget\" data-e-type=\"widget\" data-widget_type=\"spacer.default\">\n\t\t\t\t<div class=\"elementor-widget-container\">\n\t\t\t\t\t\t\t<div class=\"elementor-spacer\">\n\t\t\t<div class=\"elementor-spacer-inner\"><\/div>\n\t\t<\/div>\n\t\t\t\t\t\t<\/div>\n\t\t\t\t<\/div>\n\t\t\t\t\t<\/div>\n\t\t\t\t<\/div>\n\t\t<div class=\"elementor-element elementor-element-63227d8 e-flex e-con-boxed e-con e-parent\" data-id=\"63227d8\" data-element_type=\"container\" data-e-type=\"container\">\n\t\t\t\t\t<div class=\"e-con-inner\">\n\t\t\t\t<div class=\"elementor-element elementor-element-a9207fc elementor-widget elementor-widget-spacer\" data-id=\"a9207fc\" data-element_type=\"widget\" data-e-type=\"widget\" data-widget_type=\"spacer.default\">\n\t\t\t\t<div class=\"elementor-widget-container\">\n\t\t\t\t\t\t\t<div class=\"elementor-spacer\">\n\t\t\t<div class=\"elementor-spacer-inner\"><\/div>\n\t\t<\/div>\n\t\t\t\t\t\t<\/div>\n\t\t\t\t<\/div>\n\t\t\t\t<div class=\"elementor-element elementor-element-286f2b5 elementor-widget elementor-widget-text-editor\" data-id=\"286f2b5\" data-element_type=\"widget\" data-e-type=\"widget\" data-widget_type=\"text-editor.default\">\n\t\t\t\t<div class=\"elementor-widget-container\">\n\t\t\t\t\t\t\t\t\t<p><img decoding=\"async\" class=\"alignleft wp-image-955 size-full\" src=\"https:\/\/www.marfret.com\/app\/uploads\/2017\/06\/1_jaune_fluo_peut-etre_reefer_va_savoir.png\" alt=\"Marfret expert du transport en conteneur reefer\" width=\"180\" height=\"180\" \/><\/p>\n<h3 style=\"font-size: 28px; color: #2cacb4; font-family: DM Serif Display;\">Marfret expert du transport en conteneur reefer<\/h3>\n<p><strong>\u00a0<\/strong>Le Reefer, conteneur r\u00e9frig\u00e9r\u00e9, a r\u00e9volutionn\u00e9 le transport des produits frais ou fragiles, tels que les denr\u00e9es agro-alimentaires. Le conteneur isotherme permet de r\u00e9duire la dur\u00e9e des escales et d\u2019\u00e9viter les risques de rupture de charge et cha\u00eene du froid.<\/p>\n<p>Toujours en qu\u00eate d\u2019innovations, Marfret a d\u00e9velopp\u00e9 le transport en conteneur frigorifique sur l\u2019ensemble de ses lignes maritimes offrant une solution fiable, \u00e9conomique et totalement adapt\u00e9e aux exigences de ses clients : souplesse d\u2019utilisation et fiabilit\u00e9 du transport.<\/p>\n\t\t\t\t\t\t\t\t<\/div>\n\t\t\t\t<\/div>\n\t\t\t\t\t<\/div>\n\t\t\t\t<\/div>\n\t\t<div class=\"elementor-element elementor-element-ee3c154 e-flex e-con-boxed e-con e-parent\" data-id=\"ee3c154\" data-element_type=\"container\" data-e-type=\"container\">\n\t\t\t\t\t<div class=\"e-con-inner\">\n\t\t\t\t<div class=\"elementor-element elementor-element-fb30a12 elementor-widget elementor-widget-spacer\" data-id=\"fb30a12\" data-element_type=\"widget\" data-e-type=\"widget\" data-widget_type=\"spacer.default\">\n\t\t\t\t<div class=\"elementor-widget-container\">\n\t\t\t\t\t\t\t<div class=\"elementor-spacer\">\n\t\t\t<div class=\"elementor-spacer-inner\"><\/div>\n\t\t<\/div>\n\t\t\t\t\t\t<\/div>\n\t\t\t\t<\/div>\n\t\t\t\t<div class=\"elementor-element elementor-element-655ba7c elementor-widget elementor-widget-text-editor\" data-id=\"655ba7c\" data-element_type=\"widget\" data-e-type=\"widget\" data-widget_type=\"text-editor.default\">\n\t\t\t\t<div class=\"elementor-widget-container\">\n\t\t\t\t\t\t\t\t\t<p><img decoding=\"async\" class=\"wp-image-1310 size-full alignleft\" style=\"margin-bottom: 40px;\" src=\"https:\/\/www.marfret.com\/app\/uploads\/2017\/06\/reefer2.jpg\" alt=\"SOUPLESSE D\u2019UTILISATION DU CONTENEUR FRIGORIFIQUE\" width=\"180\" height=\"180\" \/><\/p>\n<h3 style=\"font-size: 28px; color: #2cacb4; font-family: DM Serif Display;\">Souplesse d\u2019utilisation du conteneur frigorifique<\/h3>\n<p>Avec sa flotte de conteneurs frigorifiques et une logistique totalement d\u00e9di\u00e9e au reefer, la compagnie Marfret est experte dans le transport de marchandises p\u00e9rissables. Les conteneurs isothermes, int\u00e9rieur aluminium, ext\u00e9rieur acier doubl\u00e9 inox, aliment\u00e9s en \u00e9lectricit\u00e9 par le navire sont \u00e9quip\u00e9s de :<\/p>\n<ul>\n<li>contr\u00f4le de l\u2019humidit\u00e9 pour pr\u00e9venir l\u2019alt\u00e9ration des marchandises sensibles<\/li>\n<li>contr\u00f4le de l\u2019atmosph\u00e8re pour ralentir le m\u00fbrissement des denr\u00e9es p\u00e9rissables.<\/li>\n<\/ul>\n<p>Les conteneurs sont directement positionn\u00e9s sur les lieux de production ou plantations avec des groupes \u00e9lectriques autonomes Genset pour assurer la r\u00e9frig\u00e9ration durant le transport terrestre jusqu\u2019\u00e0 l\u2019embarquement.<\/p>\n<p><a href=\"https:\/\/www.marfret.com\/es\/conteneurs\/le-conteneur-reefer-20-et-40\/\">Voir les types de conteneurs reefers propos\u00e9s par Marfret<\/a><\/p>\n\t\t\t\t\t\t\t\t<\/div>\n\t\t\t\t<\/div>\n\t\t\t\t\t<\/div>\n\t\t\t\t<\/div>\n\t\t<div class=\"elementor-element elementor-element-cb6a6f8 e-flex e-con-boxed e-con e-parent\" data-id=\"cb6a6f8\" data-element_type=\"container\" data-e-type=\"container\">\n\t\t\t\t\t<div class=\"e-con-inner\">\n\t\t\t\t<div class=\"elementor-element elementor-element-8adcb54 elementor-widget elementor-widget-spacer\" data-id=\"8adcb54\" data-element_type=\"widget\" data-e-type=\"widget\" data-widget_type=\"spacer.default\">\n\t\t\t\t<div class=\"elementor-widget-container\">\n\t\t\t\t\t\t\t<div class=\"elementor-spacer\">\n\t\t\t<div class=\"elementor-spacer-inner\"><\/div>\n\t\t<\/div>\n\t\t\t\t\t\t<\/div>\n\t\t\t\t<\/div>\n\t\t\t\t<div class=\"elementor-element elementor-element-3f9ee7a elementor-widget elementor-widget-text-editor\" data-id=\"3f9ee7a\" data-element_type=\"widget\" data-e-type=\"widget\" data-widget_type=\"text-editor.default\">\n\t\t\t\t<div class=\"elementor-widget-container\">\n\t\t\t\t\t\t\t\t\t<p><img decoding=\"async\" class=\"alignleft wp-image-1321 size-full\" src=\"https:\/\/www.marfret.com\/app\/uploads\/2017\/06\/3_reefer.png\" alt=\"les conteneurs pour le transport maritime\" width=\"180\" height=\"180\" \/><\/p>\n<h3 style=\"font-size: 28px; color: #2cacb4; font-family: DM Serif Display;\">Fiabilit\u00e9 du service marfret dans le transport de conteneurs isothermes.<\/h3>\n<p>Equip\u00e9s des technologies les plus r\u00e9centes, les navires de Marfret disposent d\u2019un syst\u00e8me de contr\u00f4le centralis\u00e9 des conteneurs frigorifiques afin de veiller \u00e0 leur bon fonctionnement durant toute la travers\u00e9e. La temp\u00e9rature du Reefer est r\u00e9gl\u00e9e par le chargeur puis contr\u00f4l\u00e9e tout au long du transport par les \u00e9quipes sp\u00e9cialis\u00e9es de Marfret.<\/p>\n<p><strong>Contact : C\u00e9line Douvenou +33 (0)4 88 56 91 54 <a href=\"mailto:cdouvenou@marfret.fr\">cdouvenou@marfret.fr<\/a><\/strong><\/p>\n\t\t\t\t\t\t\t\t<\/div>\n\t\t\t\t<\/div>\n\t\t\t\t\t<\/div>\n\t\t\t\t<\/div>\n\t\t\t\t<\/div>\n\t\t","protected":false},"excerpt":{"rendered":"<p>Transport r\u00e9frig\u00e9r\u00e9 Marfret expert du transport en conteneur reefer \u00a0Le Reefer, conteneur r\u00e9frig\u00e9r\u00e9, a r\u00e9volutionn\u00e9 le transport des produits frais ou fragiles, tels que les denr\u00e9es agro-alimentaires. Le conteneur isotherme permet de r\u00e9duire la dur\u00e9e des escales et d\u2019\u00e9viter les risques de rupture de charge et cha\u00eene du froid. Toujours en qu\u00eate d\u2019innovations, Marfret a [&hellip;]<\/p>\n","protected":false},"author":31,"featured_media":9951,"parent":0,"menu_order":0,"comment_status":"closed","ping_status":"closed","template":"page-full-bandeau-100vh.php","meta":{"_acf_changed":false,"footnotes":""},"class_list":["post-9947","page","type-page","status-publish","has-post-thumbnail","hentry"],"acf":[],"yoast_head":"<!-- This site is optimized with the Yoast SEO plugin v27.4 - https:\/\/yoast.com\/product\/yoast-seo-wordpress\/ -->\n<title>Transporte de contenedores isot\u00e9rmicos (reefer) | marfret<\/title>\n<meta name=\"description\" content=\"Con su flota de contenedores frigor\u00edficos y su log\u00edstica enteramente dedicada a Reefer, Marfret es experto en el transporte de mercanc\u00edas perecederas.\" \/>\n<meta name=\"robots\" content=\"index, follow, max-snippet:-1, max-image-preview:large, max-video-preview:-1\" \/>\n<link rel=\"canonical\" href=\"https:\/\/www.marfret.com\/es\/reefer\/\" \/>\n<meta property=\"og:locale\" content=\"es_ES\" \/>\n<meta property=\"og:type\" content=\"article\" \/>\n<meta property=\"og:title\" content=\"Transporte de contenedores isot\u00e9rmicos (reefer) | marfret\" \/>\n<meta property=\"og:description\" content=\"Con su flota de contenedores frigor\u00edficos y su log\u00edstica enteramente dedicada a Reefer, Marfret es experto en el transporte de mercanc\u00edas perecederas.\" \/>\n<meta property=\"og:url\" content=\"https:\/\/www.marfret.com\/es\/reefer\/\" \/>\n<meta property=\"og:site_name\" content=\"Marfret\" \/>\n<meta property=\"article:modified_time\" content=\"2024-10-07T08:08:39+00:00\" \/>\n<meta property=\"og:image\" content=\"https:\/\/www.marfret.com\/app\/uploads\/2017\/06\/reefer.jpg\" \/>\n\t<meta property=\"og:image:width\" content=\"1060\" \/>\n\t<meta property=\"og:image:height\" content=\"497\" \/>\n\t<meta property=\"og:image:type\" content=\"image\/jpeg\" \/>\n<meta name=\"twitter:card\" content=\"summary_large_image\" \/>\n<meta name=\"twitter:label1\" content=\"Est. reading time\" \/>\n\t<meta name=\"twitter:data1\" content=\"2 minutes\" \/>\n<script type=\"application\/ld+json\" class=\"yoast-schema-graph\">{\"@context\":\"https:\\\/\\\/schema.org\",\"@graph\":[{\"@type\":\"WebPage\",\"@id\":\"https:\\\/\\\/www.marfret.com\\\/es\\\/reefer\\\/\",\"url\":\"https:\\\/\\\/www.marfret.com\\\/es\\\/reefer\\\/\",\"name\":\"Transporte de contenedores isot\u00e9rmicos (reefer) | marfret\",\"isPartOf\":{\"@id\":\"https:\\\/\\\/www.marfret.com\\\/#website\"},\"primaryImageOfPage\":{\"@id\":\"https:\\\/\\\/www.marfret.com\\\/es\\\/reefer\\\/#primaryimage\"},\"image\":{\"@id\":\"https:\\\/\\\/www.marfret.com\\\/es\\\/reefer\\\/#primaryimage\"},\"thumbnailUrl\":\"https:\\\/\\\/www.marfret.com\\\/app\\\/uploads\\\/2017\\\/06\\\/reefer.jpg\",\"datePublished\":\"2024-04-19T10:26:59+00:00\",\"dateModified\":\"2024-10-07T08:08:39+00:00\",\"description\":\"Con su flota de contenedores frigor\u00edficos y su log\u00edstica enteramente dedicada a Reefer, Marfret es experto en el transporte de mercanc\u00edas perecederas.\",\"breadcrumb\":{\"@id\":\"https:\\\/\\\/www.marfret.com\\\/es\\\/reefer\\\/#breadcrumb\"},\"inLanguage\":\"es-ES\",\"potentialAction\":[{\"@type\":\"ReadAction\",\"target\":[\"https:\\\/\\\/www.marfret.com\\\/es\\\/reefer\\\/\"]}]},{\"@type\":\"ImageObject\",\"inLanguage\":\"es-ES\",\"@id\":\"https:\\\/\\\/www.marfret.com\\\/es\\\/reefer\\\/#primaryimage\",\"url\":\"https:\\\/\\\/www.marfret.com\\\/app\\\/uploads\\\/2017\\\/06\\\/reefer.jpg\",\"contentUrl\":\"https:\\\/\\\/www.marfret.com\\\/app\\\/uploads\\\/2017\\\/06\\\/reefer.jpg\",\"width\":1060,\"height\":497},{\"@type\":\"BreadcrumbList\",\"@id\":\"https:\\\/\\\/www.marfret.com\\\/es\\\/reefer\\\/#breadcrumb\",\"itemListElement\":[{\"@type\":\"ListItem\",\"position\":1,\"name\":\"Accueil\",\"item\":\"https:\\\/\\\/www.marfret.com\\\/es\\\/\"},{\"@type\":\"ListItem\",\"position\":2,\"name\":\"Reefer\"}]},{\"@type\":\"WebSite\",\"@id\":\"https:\\\/\\\/www.marfret.com\\\/#website\",\"url\":\"https:\\\/\\\/www.marfret.com\\\/\",\"name\":\"Marfret\",\"description\":\"Compagnie maritime\",\"potentialAction\":[{\"@type\":\"SearchAction\",\"target\":{\"@type\":\"EntryPoint\",\"urlTemplate\":\"https:\\\/\\\/www.marfret.com\\\/?s={search_term_string}\"},\"query-input\":{\"@type\":\"PropertyValueSpecification\",\"valueRequired\":true,\"valueName\":\"search_term_string\"}}],\"inLanguage\":\"es-ES\"}]}<\/script>\n<!-- \/ Yoast SEO plugin. -->","yoast_head_json":{"title":"Transporte de contenedores isot\u00e9rmicos (reefer) | marfret","description":"Con su flota de contenedores frigor\u00edficos y su log\u00edstica enteramente dedicada a Reefer, Marfret es experto en el transporte de mercanc\u00edas perecederas.","robots":{"index":"index","follow":"follow","max-snippet":"max-snippet:-1","max-image-preview":"max-image-preview:large","max-video-preview":"max-video-preview:-1"},"canonical":"https:\/\/www.marfret.com\/es\/reefer\/","og_locale":"es_ES","og_type":"article","og_title":"Transporte de contenedores isot\u00e9rmicos (reefer) | marfret","og_description":"Con su flota de contenedores frigor\u00edficos y su log\u00edstica enteramente dedicada a Reefer, Marfret es experto en el transporte de mercanc\u00edas perecederas.","og_url":"https:\/\/www.marfret.com\/es\/reefer\/","og_site_name":"Marfret","article_modified_time":"2024-10-07T08:08:39+00:00","og_image":[{"width":1060,"height":497,"url":"https:\/\/www.marfret.com\/app\/uploads\/2017\/06\/reefer.jpg","type":"image\/jpeg"}],"twitter_card":"summary_large_image","twitter_misc":{"Est. reading time":"2 minutes"},"schema":{"@context":"https:\/\/schema.org","@graph":[{"@type":"WebPage","@id":"https:\/\/www.marfret.com\/es\/reefer\/","url":"https:\/\/www.marfret.com\/es\/reefer\/","name":"Transporte de contenedores isot\u00e9rmicos (reefer) | marfret","isPartOf":{"@id":"https:\/\/www.marfret.com\/#website"},"primaryImageOfPage":{"@id":"https:\/\/www.marfret.com\/es\/reefer\/#primaryimage"},"image":{"@id":"https:\/\/www.marfret.com\/es\/reefer\/#primaryimage"},"thumbnailUrl":"https:\/\/www.marfret.com\/app\/uploads\/2017\/06\/reefer.jpg","datePublished":"2024-04-19T10:26:59+00:00","dateModified":"2024-10-07T08:08:39+00:00","description":"Con su flota de contenedores frigor\u00edficos y su log\u00edstica enteramente dedicada a Reefer, Marfret es experto en el transporte de mercanc\u00edas perecederas.","breadcrumb":{"@id":"https:\/\/www.marfret.com\/es\/reefer\/#breadcrumb"},"inLanguage":"es-ES","potentialAction":[{"@type":"ReadAction","target":["https:\/\/www.marfret.com\/es\/reefer\/"]}]},{"@type":"ImageObject","inLanguage":"es-ES","@id":"https:\/\/www.marfret.com\/es\/reefer\/#primaryimage","url":"https:\/\/www.marfret.com\/app\/uploads\/2017\/06\/reefer.jpg","contentUrl":"https:\/\/www.marfret.com\/app\/uploads\/2017\/06\/reefer.jpg","width":1060,"height":497},{"@type":"BreadcrumbList","@id":"https:\/\/www.marfret.com\/es\/reefer\/#breadcrumb","itemListElement":[{"@type":"ListItem","position":1,"name":"Accueil","item":"https:\/\/www.marfret.com\/es\/"},{"@type":"ListItem","position":2,"name":"Reefer"}]},{"@type":"WebSite","@id":"https:\/\/www.marfret.com\/#website","url":"https:\/\/www.marfret.com\/","name":"Marfret","description":"Compagnie maritime","potentialAction":[{"@type":"SearchAction","target":{"@type":"EntryPoint","urlTemplate":"https:\/\/www.marfret.com\/?s={search_term_string}"},"query-input":{"@type":"PropertyValueSpecification","valueRequired":true,"valueName":"search_term_string"}}],"inLanguage":"es-ES"}]}},"_links":{"self":[{"href":"https:\/\/www.marfret.com\/es\/wp-json\/wp\/v2\/pages\/9947","targetHints":{"allow":["GET"]}}],"collection":[{"href":"https:\/\/www.marfret.com\/es\/wp-json\/wp\/v2\/pages"}],"about":[{"href":"https:\/\/www.marfret.com\/es\/wp-json\/wp\/v2\/types\/page"}],"author":[{"embeddable":true,"href":"https:\/\/www.marfret.com\/es\/wp-json\/wp\/v2\/users\/31"}],"replies":[{"embeddable":true,"href":"https:\/\/www.marfret.com\/es\/wp-json\/wp\/v2\/comments?post=9947"}],"version-history":[{"count":25,"href":"https:\/\/www.marfret.com\/es\/wp-json\/wp\/v2\/pages\/9947\/revisions"}],"predecessor-version":[{"id":14809,"href":"https:\/\/www.marfret.com\/es\/wp-json\/wp\/v2\/pages\/9947\/revisions\/14809"}],"wp:featuredmedia":[{"embeddable":true,"href":"https:\/\/www.marfret.com\/es\/wp-json\/wp\/v2\/media\/9951"}],"wp:attachment":[{"href":"https:\/\/www.marfret.com\/es\/wp-json\/wp\/v2\/media?parent=9947"}],"curies":[{"name":"wp","href":"https:\/\/api.w.org\/{rel}","templated":true}]}}