{"id":9932,"date":"2024-04-19T12:23:45","date_gmt":"2024-04-19T10:23:45","guid":{"rendered":"https:\/\/marfret.epartenaire.com\/multipurpose\/"},"modified":"2024-07-24T10:22:30","modified_gmt":"2024-07-24T08:22:30","slug":"multipurpose","status":"publish","type":"page","link":"https:\/\/www.marfret.com\/es\/multipurpose\/","title":{"rendered":"Multiprop\u00f3sito"},"content":{"rendered":"\t\t<div data-elementor-type=\"wp-page\" data-elementor-id=\"9932\" class=\"elementor elementor-9932 elementor-84\" data-elementor-post-type=\"page\">\n\t\t\t\t<div class=\"elementor-element elementor-element-9e24da2 e-flex e-con-boxed e-con e-parent\" data-id=\"9e24da2\" data-element_type=\"container\" data-e-type=\"container\">\n\t\t\t\t\t<div class=\"e-con-inner\">\n\t\t\t\t<div class=\"elementor-element elementor-element-774566c elementor-widget elementor-widget-spacer\" data-id=\"774566c\" data-element_type=\"widget\" data-e-type=\"widget\" data-widget_type=\"spacer.default\">\n\t\t\t\t<div class=\"elementor-widget-container\">\n\t\t\t\t\t\t\t<div class=\"elementor-spacer\">\n\t\t\t<div class=\"elementor-spacer-inner\"><\/div>\n\t\t<\/div>\n\t\t\t\t\t\t<\/div>\n\t\t\t\t<\/div>\n\t\t\t\t<div class=\"elementor-element elementor-element-68cf303 e-transform elementor-widget elementor-widget-heading\" data-id=\"68cf303\" data-element_type=\"widget\" data-e-type=\"widget\" data-settings=\"{&quot;_transform_scale_effect&quot;:{&quot;unit&quot;:&quot;px&quot;,&quot;size&quot;:&quot;&quot;,&quot;sizes&quot;:[]},&quot;_transform_scale_effect_tablet&quot;:{&quot;unit&quot;:&quot;px&quot;,&quot;size&quot;:&quot;&quot;,&quot;sizes&quot;:[]},&quot;_transform_scale_effect_mobile&quot;:{&quot;unit&quot;:&quot;px&quot;,&quot;size&quot;:&quot;&quot;,&quot;sizes&quot;:[]}}\" data-widget_type=\"heading.default\">\n\t\t\t\t<div class=\"elementor-widget-container\">\n\t\t\t\t\t<h2 class=\"elementor-heading-title elementor-size-default\">Transporte Multiprop\u00f3sito<\/h2>\t\t\t\t<\/div>\n\t\t\t\t<\/div>\n\t\t\t\t\t<\/div>\n\t\t\t\t<\/div>\n\t\t<div class=\"elementor-element elementor-element-f9e2575 e-flex e-con-boxed e-con e-parent\" data-id=\"f9e2575\" data-element_type=\"container\" data-e-type=\"container\">\n\t\t\t\t\t<div class=\"e-con-inner\">\n\t\t<div class=\"elementor-element elementor-element-6d276a7 e-con-full e-flex e-con e-child\" data-id=\"6d276a7\" data-element_type=\"container\" data-e-type=\"container\">\n\t\t\t\t<div class=\"elementor-element elementor-element-9d09510 elementor-widget elementor-widget-counter\" data-id=\"9d09510\" data-element_type=\"widget\" data-e-type=\"widget\" data-widget_type=\"counter.default\">\n\t\t\t\t<div class=\"elementor-widget-container\">\n\t\t\t\t\t\t\t<div class=\"elementor-counter\">\n\t\t\t<div class=\"elementor-counter-title\">Buques<br>repatriados cada a\u00f1o desde las Antillas<\/div>\t\t\t<div class=\"elementor-counter-number-wrapper\">\n\t\t\t\t<span class=\"elementor-counter-number-prefix\"><\/span>\n\t\t\t\t<span class=\"elementor-counter-number\" data-duration=\"2000\" data-to-value=\"70\" data-from-value=\"0\" data-delimiter=\",\">0<\/span>\n\t\t\t\t<span class=\"elementor-counter-number-suffix\"><\/span>\n\t\t\t<\/div>\n\t\t<\/div>\n\t\t\t\t\t\t<\/div>\n\t\t\t\t<\/div>\n\t\t\t\t<\/div>\n\t\t<div class=\"elementor-element elementor-element-ed95cf2 e-con-full e-flex e-con e-child\" data-id=\"ed95cf2\" data-element_type=\"container\" data-e-type=\"container\">\n\t\t\t\t<div class=\"elementor-element elementor-element-14c1659 elementor-widget elementor-widget-counter\" data-id=\"14c1659\" data-element_type=\"widget\" data-e-type=\"widget\" data-widget_type=\"counter.default\">\n\t\t\t\t<div class=\"elementor-widget-container\">\n\t\t\t\t\t\t\t<div class=\"elementor-counter\">\n\t\t\t<div class=\"elementor-counter-title\">TEUs de residuos<br>industriales transportados al a\u00f1o<\/div>\t\t\t<div class=\"elementor-counter-number-wrapper\">\n\t\t\t\t<span class=\"elementor-counter-number-prefix\"><\/span>\n\t\t\t\t<span class=\"elementor-counter-number\" data-duration=\"2000\" data-to-value=\"70000\" data-from-value=\"0\" data-delimiter=\",\">0<\/span>\n\t\t\t\t<span class=\"elementor-counter-number-suffix\"><\/span>\n\t\t\t<\/div>\n\t\t<\/div>\n\t\t\t\t\t\t<\/div>\n\t\t\t\t<\/div>\n\t\t\t\t<\/div>\n\t\t<div class=\"elementor-element elementor-element-52edce1 e-con-full e-flex e-con e-child\" data-id=\"52edce1\" data-element_type=\"container\" data-e-type=\"container\">\n\t\t\t\t<div class=\"elementor-element elementor-element-6f1e465 elementor-widget elementor-widget-counter\" data-id=\"6f1e465\" data-element_type=\"widget\" data-e-type=\"widget\" data-widget_type=\"counter.default\">\n\t\t\t\t<div class=\"elementor-widget-container\">\n\t\t\t\t\t\t\t<div class=\"elementor-counter\">\n\t\t\t<div class=\"elementor-counter-title\">Toneladas<br>de residuos a granel transportados al a\u00f1o<\/div>\t\t\t<div class=\"elementor-counter-number-wrapper\">\n\t\t\t\t<span class=\"elementor-counter-number-prefix\"><\/span>\n\t\t\t\t<span class=\"elementor-counter-number\" data-duration=\"2000\" data-to-value=\"100000\" data-from-value=\"0\" data-delimiter=\",\">0<\/span>\n\t\t\t\t<span class=\"elementor-counter-number-suffix\"><\/span>\n\t\t\t<\/div>\n\t\t<\/div>\n\t\t\t\t\t\t<\/div>\n\t\t\t\t<\/div>\n\t\t\t\t<\/div>\n\t\t\t\t\t<\/div>\n\t\t\t\t<\/div>\n\t\t<div class=\"elementor-element elementor-element-0f4b5f1 e-flex e-con-boxed e-con e-parent\" data-id=\"0f4b5f1\" data-element_type=\"container\" data-e-type=\"container\">\n\t\t\t\t\t<div class=\"e-con-inner\">\n\t\t\t\t<div class=\"elementor-element elementor-element-aa11071 elementor-widget elementor-widget-spacer\" data-id=\"aa11071\" data-element_type=\"widget\" data-e-type=\"widget\" data-widget_type=\"spacer.default\">\n\t\t\t\t<div class=\"elementor-widget-container\">\n\t\t\t\t\t\t\t<div class=\"elementor-spacer\">\n\t\t\t<div class=\"elementor-spacer-inner\"><\/div>\n\t\t<\/div>\n\t\t\t\t\t\t<\/div>\n\t\t\t\t<\/div>\n\t\t\t\t<div class=\"elementor-element elementor-element-5460f59 elementor-widget elementor-widget-text-editor\" data-id=\"5460f59\" data-element_type=\"widget\" data-e-type=\"widget\" data-widget_type=\"text-editor.default\">\n\t\t\t\t<div class=\"elementor-widget-container\">\n\t\t\t\t\t\t\t\t\t<p><span style=\"font-family: inherit;\">Nuestra l\u00ednea de Buques Multiprop\u00f3sito (MPV &#8211; <\/span><span style=\"font-family: inherit;\">MultiPurpose Vessel) est\u00e1 especializada en el transporte de mercanc\u00edas rodantes y convencionales. Ofrece un servicio directo desde el Norte de Europa hacia la Guayana y las Antillas Francesas con el <b>Marfret Niolon<\/b>, un buque con una capacidad de 1212 ML, equipado con una rampa adecuada para el transporte de cargas pesadas.\u00a0<\/span><\/p>\t\t\t\t\t\t\t\t<\/div>\n\t\t\t\t<\/div>\n\t\t\t\t\t<\/div>\n\t\t\t\t<\/div>\n\t\t<div class=\"elementor-element elementor-element-05f6134 e-flex e-con-boxed e-con e-parent\" data-id=\"05f6134\" data-element_type=\"container\" data-e-type=\"container\">\n\t\t\t\t\t<div class=\"e-con-inner\">\n\t\t\t\t<div class=\"elementor-element elementor-element-6721c88 elementor-widget elementor-widget-spacer\" data-id=\"6721c88\" data-element_type=\"widget\" data-e-type=\"widget\" data-widget_type=\"spacer.default\">\n\t\t\t\t<div class=\"elementor-widget-container\">\n\t\t\t\t\t\t\t<div class=\"elementor-spacer\">\n\t\t\t<div class=\"elementor-spacer-inner\"><\/div>\n\t\t<\/div>\n\t\t\t\t\t\t<\/div>\n\t\t\t\t<\/div>\n\t\t\t\t<div class=\"elementor-element elementor-element-c0d9014 elementor-widget elementor-widget-text-editor\" data-id=\"c0d9014\" data-element_type=\"widget\" data-e-type=\"widget\" data-widget_type=\"text-editor.default\">\n\t\t\t\t<div class=\"elementor-widget-container\">\n\t\t\t\t\t\t\t\t\t<h3 style=\"font-size: 28px; color: #2cacb4; font-family: DM Serif Display;\">Un servicio dedicado al transporte de mercanc\u00edas rodantes y convencionales<\/h3>\n<p>El servicio MPV transporta todo lo que no se puede contenerizar.<\/p>\n<p>Ofrece una conexi\u00f3n regular en 42 d\u00edas entre Le Havre, Amberes, D\u00e9grad des Canes y Pointe-\u00e0-Pitre, y complementa nuestra oferta de contenedores a trav\u00e9s de nuestras otras rutas regulares.<\/p>\n<p>Operamos este servicio con nuestro buque ro-ro <b>Marfret Niolon<\/b>. Su capacidad de 1212 metros lineales le permite cargar una amplia gama de mercanc\u00edas rodantes: <strong>remolques, equipos de construcci\u00f3n, camiones de bomberos, cisternas, autocares, veh\u00edculos ligeros&#8230;<\/strong> El buque tambi\u00e9n puede albergar veleros en su cubierta o incluso cargas peligrosas en el regreso de las Antillas y la Guayana. As\u00ed, ofrece soluciones reales para la industria de tratamiento de residuos peligrosos, que adem\u00e1s enfrenta una falta de sitios especializados en ultramar.<\/p>\n<h3 style=\"font-size: 28px; color: #2cacb4; font-family: DM Serif Display;\">Las ventajas del servicio MPV<\/h3>\n<p>Nuestra principal ventaja son <strong>equipos experimentados<\/strong> y un dominio de toda la cadena log\u00edstica.<\/p>\n<p>Ofrecemos una <strong>amplia gama de equipos especializados<\/strong>, incluidos mafis, ganchos y plataformas para el transporte de veleros. El servicio MPV tambi\u00e9n ofrece contenedores de 45&#8242; con cortinas laterales, especialmente adecuados para el transporte de materiales de construcci\u00f3n como paneles de yeso o big bags de cemento.<\/p>\n<p>Otra ventaja es que el servicio MPV, desde Pointe-\u00e0-Pitre, cuenta con una conexi\u00f3n con el servicio Ferrymar de Marfret. Esto nos permite extender el servicio a otros destinos antillanos, incluyendo Fort de France, Saint Barth\u00e9l\u00e9my y Saint Martin.<\/p>\n<h3 style=\"font-size: 28px; color: #2cacb4; font-family: DM Serif Display;\">Un sistema de velas asistidas premiado por Armadores de Francia<\/h3>\n<p>Comprometida con la transici\u00f3n energ\u00e9tica, Marfret ha equipado al Marfret Niolon con velas del siglo XXI. Cuatro alas de aluminio han sido desplegadas en el buque ro-ro, impulsadas por los alisios en la l\u00ednea MPV. Estas velas utilizan la fuerza del viento, una energ\u00eda limpia, gratuita e inagotable, como una valiosa ayuda a la navegaci\u00f3n, permitiendo reducir el consumo de combustible entre un 10% y un 15%.<\/p>\n<p>Las alas, f\u00e1cilmente desplegables, est\u00e1n instaladas en contenedores de 40 pies. En su interior, el sistema de control y la hidr\u00e1ulica facilitan el despliegue de las velas y su almacenamiento durante las maniobras en el puerto. El jefe de guardia decide, desde el puente de mando, izar las velas de manera automatizada en funci\u00f3n de las condiciones meteorol\u00f3gicas.<\/p>\n<p>El sistema de velas desplegado por Marfret en el servicio MPV recibi\u00f3 el Trofeo de la Carta Azul de Armadores de Francia en 2022, en reconocimiento a la acci\u00f3n de Marfret para la descarbonizaci\u00f3n de su actividad.<\/p>\t\t\t\t\t\t\t\t<\/div>\n\t\t\t\t<\/div>\n\t\t\t\t\t<\/div>\n\t\t\t\t<\/div>\n\t\t\t\t<\/div>\n\t\t","protected":false},"excerpt":{"rendered":"<p>Transporte Multiprop\u00f3sito 0 Buquesrepatriados cada a\u00f1o desde las Antillas 0 TEUs de residuosindustriales transportados al a\u00f1o 0 Toneladasde residuos a granel transportados al a\u00f1o Nuestra l\u00ednea de Buques Multiprop\u00f3sito (MPV &#8211; MultiPurpose Vessel) est\u00e1 especializada en el transporte de mercanc\u00edas rodantes y convencionales. Ofrece un servicio directo desde el Norte de Europa hacia la Guayana [&hellip;]<\/p>\n","protected":false},"author":31,"featured_media":12649,"parent":0,"menu_order":0,"comment_status":"closed","ping_status":"closed","template":"page-full-bandeau-100vh.php","meta":{"_acf_changed":false,"footnotes":""},"class_list":["post-9932","page","type-page","status-publish","has-post-thumbnail","hentry"],"acf":[],"yoast_head":"<!-- This site is optimized with the Yoast SEO plugin v27.4 - https:\/\/yoast.com\/product\/yoast-seo-wordpress\/ -->\n<title>Transport de d\u00e9chets industriels et de colis sp\u00e9ciaux | Marfret<\/title>\n<meta name=\"description\" content=\"Marfret avec son Service Maritime Industriel Sp\u00e9cialis\u00e9 (SMIS) assure le transport maritime ou multimodal de colis sp\u00e9ciaux ou de d\u00e9chets.\" \/>\n<meta name=\"robots\" content=\"index, follow, max-snippet:-1, max-image-preview:large, max-video-preview:-1\" \/>\n<link rel=\"canonical\" href=\"https:\/\/www.marfret.com\/es\/multipurpose\/\" \/>\n<meta property=\"og:locale\" content=\"es_ES\" \/>\n<meta property=\"og:type\" content=\"article\" \/>\n<meta property=\"og:title\" content=\"Transport de d\u00e9chets industriels et de colis sp\u00e9ciaux | Marfret\" \/>\n<meta property=\"og:description\" content=\"Marfret avec son Service Maritime Industriel Sp\u00e9cialis\u00e9 (SMIS) assure le transport maritime ou multimodal de colis sp\u00e9ciaux ou de d\u00e9chets.\" \/>\n<meta property=\"og:url\" content=\"https:\/\/www.marfret.com\/es\/multipurpose\/\" \/>\n<meta property=\"og:site_name\" content=\"Marfret\" \/>\n<meta property=\"article:modified_time\" content=\"2024-07-24T08:22:30+00:00\" \/>\n<meta property=\"og:image\" content=\"https:\/\/www.marfret.com\/app\/uploads\/2024\/07\/00le_monde_de_marfret.jpg\" \/>\n\t<meta property=\"og:image:width\" content=\"1797\" \/>\n\t<meta property=\"og:image:height\" content=\"1136\" \/>\n\t<meta property=\"og:image:type\" content=\"image\/jpeg\" \/>\n<meta name=\"twitter:card\" content=\"summary_large_image\" \/>\n<meta name=\"twitter:label1\" content=\"Est. reading time\" \/>\n\t<meta name=\"twitter:data1\" content=\"3 minutes\" \/>\n<script type=\"application\/ld+json\" class=\"yoast-schema-graph\">{\"@context\":\"https:\\\/\\\/schema.org\",\"@graph\":[{\"@type\":\"WebPage\",\"@id\":\"https:\\\/\\\/www.marfret.com\\\/es\\\/multipurpose\\\/\",\"url\":\"https:\\\/\\\/www.marfret.com\\\/es\\\/multipurpose\\\/\",\"name\":\"Transport de d\u00e9chets industriels et de colis sp\u00e9ciaux | Marfret\",\"isPartOf\":{\"@id\":\"https:\\\/\\\/www.marfret.com\\\/#website\"},\"primaryImageOfPage\":{\"@id\":\"https:\\\/\\\/www.marfret.com\\\/es\\\/multipurpose\\\/#primaryimage\"},\"image\":{\"@id\":\"https:\\\/\\\/www.marfret.com\\\/es\\\/multipurpose\\\/#primaryimage\"},\"thumbnailUrl\":\"https:\\\/\\\/www.marfret.com\\\/app\\\/uploads\\\/2024\\\/07\\\/00le_monde_de_marfret.jpg\",\"datePublished\":\"2024-04-19T10:23:45+00:00\",\"dateModified\":\"2024-07-24T08:22:30+00:00\",\"description\":\"Marfret avec son Service Maritime Industriel Sp\u00e9cialis\u00e9 (SMIS) assure le transport maritime ou multimodal de colis sp\u00e9ciaux ou de d\u00e9chets.\",\"breadcrumb\":{\"@id\":\"https:\\\/\\\/www.marfret.com\\\/es\\\/multipurpose\\\/#breadcrumb\"},\"inLanguage\":\"es-ES\",\"potentialAction\":[{\"@type\":\"ReadAction\",\"target\":[\"https:\\\/\\\/www.marfret.com\\\/es\\\/multipurpose\\\/\"]}]},{\"@type\":\"ImageObject\",\"inLanguage\":\"es-ES\",\"@id\":\"https:\\\/\\\/www.marfret.com\\\/es\\\/multipurpose\\\/#primaryimage\",\"url\":\"https:\\\/\\\/www.marfret.com\\\/app\\\/uploads\\\/2024\\\/07\\\/00le_monde_de_marfret.jpg\",\"contentUrl\":\"https:\\\/\\\/www.marfret.com\\\/app\\\/uploads\\\/2024\\\/07\\\/00le_monde_de_marfret.jpg\",\"width\":1797,\"height\":1136},{\"@type\":\"BreadcrumbList\",\"@id\":\"https:\\\/\\\/www.marfret.com\\\/es\\\/multipurpose\\\/#breadcrumb\",\"itemListElement\":[{\"@type\":\"ListItem\",\"position\":1,\"name\":\"Accueil\",\"item\":\"https:\\\/\\\/www.marfret.com\\\/es\\\/\"},{\"@type\":\"ListItem\",\"position\":2,\"name\":\"Multiprop\u00f3sito\"}]},{\"@type\":\"WebSite\",\"@id\":\"https:\\\/\\\/www.marfret.com\\\/#website\",\"url\":\"https:\\\/\\\/www.marfret.com\\\/\",\"name\":\"Marfret\",\"description\":\"Compagnie maritime\",\"potentialAction\":[{\"@type\":\"SearchAction\",\"target\":{\"@type\":\"EntryPoint\",\"urlTemplate\":\"https:\\\/\\\/www.marfret.com\\\/?s={search_term_string}\"},\"query-input\":{\"@type\":\"PropertyValueSpecification\",\"valueRequired\":true,\"valueName\":\"search_term_string\"}}],\"inLanguage\":\"es-ES\"}]}<\/script>\n<!-- \/ Yoast SEO plugin. -->","yoast_head_json":{"title":"Transport de d\u00e9chets industriels et de colis sp\u00e9ciaux | Marfret","description":"Marfret avec son Service Maritime Industriel Sp\u00e9cialis\u00e9 (SMIS) assure le transport maritime ou multimodal de colis sp\u00e9ciaux ou de d\u00e9chets.","robots":{"index":"index","follow":"follow","max-snippet":"max-snippet:-1","max-image-preview":"max-image-preview:large","max-video-preview":"max-video-preview:-1"},"canonical":"https:\/\/www.marfret.com\/es\/multipurpose\/","og_locale":"es_ES","og_type":"article","og_title":"Transport de d\u00e9chets industriels et de colis sp\u00e9ciaux | Marfret","og_description":"Marfret avec son Service Maritime Industriel Sp\u00e9cialis\u00e9 (SMIS) assure le transport maritime ou multimodal de colis sp\u00e9ciaux ou de d\u00e9chets.","og_url":"https:\/\/www.marfret.com\/es\/multipurpose\/","og_site_name":"Marfret","article_modified_time":"2024-07-24T08:22:30+00:00","og_image":[{"width":1797,"height":1136,"url":"https:\/\/www.marfret.com\/app\/uploads\/2024\/07\/00le_monde_de_marfret.jpg","type":"image\/jpeg"}],"twitter_card":"summary_large_image","twitter_misc":{"Est. reading time":"3 minutes"},"schema":{"@context":"https:\/\/schema.org","@graph":[{"@type":"WebPage","@id":"https:\/\/www.marfret.com\/es\/multipurpose\/","url":"https:\/\/www.marfret.com\/es\/multipurpose\/","name":"Transport de d\u00e9chets industriels et de colis sp\u00e9ciaux | Marfret","isPartOf":{"@id":"https:\/\/www.marfret.com\/#website"},"primaryImageOfPage":{"@id":"https:\/\/www.marfret.com\/es\/multipurpose\/#primaryimage"},"image":{"@id":"https:\/\/www.marfret.com\/es\/multipurpose\/#primaryimage"},"thumbnailUrl":"https:\/\/www.marfret.com\/app\/uploads\/2024\/07\/00le_monde_de_marfret.jpg","datePublished":"2024-04-19T10:23:45+00:00","dateModified":"2024-07-24T08:22:30+00:00","description":"Marfret avec son Service Maritime Industriel Sp\u00e9cialis\u00e9 (SMIS) assure le transport maritime ou multimodal de colis sp\u00e9ciaux ou de d\u00e9chets.","breadcrumb":{"@id":"https:\/\/www.marfret.com\/es\/multipurpose\/#breadcrumb"},"inLanguage":"es-ES","potentialAction":[{"@type":"ReadAction","target":["https:\/\/www.marfret.com\/es\/multipurpose\/"]}]},{"@type":"ImageObject","inLanguage":"es-ES","@id":"https:\/\/www.marfret.com\/es\/multipurpose\/#primaryimage","url":"https:\/\/www.marfret.com\/app\/uploads\/2024\/07\/00le_monde_de_marfret.jpg","contentUrl":"https:\/\/www.marfret.com\/app\/uploads\/2024\/07\/00le_monde_de_marfret.jpg","width":1797,"height":1136},{"@type":"BreadcrumbList","@id":"https:\/\/www.marfret.com\/es\/multipurpose\/#breadcrumb","itemListElement":[{"@type":"ListItem","position":1,"name":"Accueil","item":"https:\/\/www.marfret.com\/es\/"},{"@type":"ListItem","position":2,"name":"Multiprop\u00f3sito"}]},{"@type":"WebSite","@id":"https:\/\/www.marfret.com\/#website","url":"https:\/\/www.marfret.com\/","name":"Marfret","description":"Compagnie maritime","potentialAction":[{"@type":"SearchAction","target":{"@type":"EntryPoint","urlTemplate":"https:\/\/www.marfret.com\/?s={search_term_string}"},"query-input":{"@type":"PropertyValueSpecification","valueRequired":true,"valueName":"search_term_string"}}],"inLanguage":"es-ES"}]}},"_links":{"self":[{"href":"https:\/\/www.marfret.com\/es\/wp-json\/wp\/v2\/pages\/9932","targetHints":{"allow":["GET"]}}],"collection":[{"href":"https:\/\/www.marfret.com\/es\/wp-json\/wp\/v2\/pages"}],"about":[{"href":"https:\/\/www.marfret.com\/es\/wp-json\/wp\/v2\/types\/page"}],"author":[{"embeddable":true,"href":"https:\/\/www.marfret.com\/es\/wp-json\/wp\/v2\/users\/31"}],"replies":[{"embeddable":true,"href":"https:\/\/www.marfret.com\/es\/wp-json\/wp\/v2\/comments?post=9932"}],"version-history":[{"count":62,"href":"https:\/\/www.marfret.com\/es\/wp-json\/wp\/v2\/pages\/9932\/revisions"}],"predecessor-version":[{"id":13609,"href":"https:\/\/www.marfret.com\/es\/wp-json\/wp\/v2\/pages\/9932\/revisions\/13609"}],"wp:featuredmedia":[{"embeddable":true,"href":"https:\/\/www.marfret.com\/es\/wp-json\/wp\/v2\/media\/12649"}],"wp:attachment":[{"href":"https:\/\/www.marfret.com\/es\/wp-json\/wp\/v2\/media?parent=9932"}],"curies":[{"name":"wp","href":"https:\/\/api.w.org\/{rel}","templated":true}]}}