{"id":9928,"date":"2024-04-19T12:20:59","date_gmt":"2024-04-19T10:20:59","guid":{"rendered":"https:\/\/marfret.epartenaire.com\/fluvial\/"},"modified":"2024-10-04T11:17:39","modified_gmt":"2024-10-04T09:17:39","slug":"fluvial","status":"publish","type":"page","link":"https:\/\/www.marfret.com\/es\/fluvial\/","title":{"rendered":"Fluvial"},"content":{"rendered":"\t\t<div data-elementor-type=\"wp-page\" data-elementor-id=\"9928\" class=\"elementor elementor-9928 elementor-151\" data-elementor-post-type=\"page\">\n\t\t\t\t<div class=\"elementor-element elementor-element-41a303e6 e-flex e-con-boxed e-con e-parent\" data-id=\"41a303e6\" data-element_type=\"container\" data-e-type=\"container\">\n\t\t\t\t\t<div class=\"e-con-inner\">\n\t\t\t\t<div class=\"elementor-element elementor-element-c00f2d2 e-transform elementor-widget elementor-widget-heading\" data-id=\"c00f2d2\" data-element_type=\"widget\" data-e-type=\"widget\" data-settings=\"{&quot;_transform_scale_effect&quot;:{&quot;unit&quot;:&quot;px&quot;,&quot;size&quot;:&quot;&quot;,&quot;sizes&quot;:[]},&quot;_transform_scale_effect_tablet&quot;:{&quot;unit&quot;:&quot;px&quot;,&quot;size&quot;:&quot;&quot;,&quot;sizes&quot;:[]},&quot;_transform_scale_effect_mobile&quot;:{&quot;unit&quot;:&quot;px&quot;,&quot;size&quot;:&quot;&quot;,&quot;sizes&quot;:[]}}\" data-widget_type=\"heading.default\">\n\t\t\t\t<div class=\"elementor-widget-container\">\n\t\t\t\t\t<h2 class=\"elementor-heading-title elementor-size-default\">Transport Inland<\/h2>\t\t\t\t<\/div>\n\t\t\t\t<\/div>\n\t\t\t\t\t<\/div>\n\t\t\t\t<\/div>\n\t\t<div class=\"elementor-element elementor-element-5d57cb5 e-flex e-con-boxed e-con e-parent\" data-id=\"5d57cb5\" data-element_type=\"container\" data-e-type=\"container\">\n\t\t\t\t\t<div class=\"e-con-inner\">\n\t\t\t\t<div class=\"elementor-element elementor-element-45bf9a1 elementor-widget elementor-widget-spacer\" data-id=\"45bf9a1\" data-element_type=\"widget\" data-e-type=\"widget\" data-widget_type=\"spacer.default\">\n\t\t\t\t<div class=\"elementor-widget-container\">\n\t\t\t\t\t\t\t<div class=\"elementor-spacer\">\n\t\t\t<div class=\"elementor-spacer-inner\"><\/div>\n\t\t<\/div>\n\t\t\t\t\t\t<\/div>\n\t\t\t\t<\/div>\n\t\t\t\t<div class=\"elementor-element elementor-element-25de172 elementor-widget elementor-widget-text-editor\" data-id=\"25de172\" data-element_type=\"widget\" data-e-type=\"widget\" data-widget_type=\"text-editor.default\">\n\t\t\t\t<div class=\"elementor-widget-container\">\n\t\t\t\t\t\t\t\t\t<p><b>Marfret <\/b><i><span style=\"font-weight: 400;\">Inland Services <\/span><\/i><b>est une offre logistique globale pour la marchandise, proposant des solutions de transport multimodal (fleuve, route, rail) avec l\u2019utilisation d\u2019un terminal d\u00e9di\u00e9, reli\u00e9 \u00e0 la meilleure offre maritime internationale.<\/b><\/p>\n<p><span style=\"font-weight: 400;\">Agissant en v\u00e9ritable int\u00e9grateur logistique, nous cr\u00e9ons une r\u00e9elle valeur ajout\u00e9e \u00e0 la supply chain par une offre innovante, comp\u00e9titive et personnalis\u00e9e pour un gain imm\u00e9diat.<\/span><img decoding=\"async\" class=\"wp-image-965 size-full alignleft\" src=\"https:\/\/www-dev.marfret.fr\/wp-content\/uploads\/2017\/06\/intro_hinterland.png\" alt=\"\" width=\"180\" height=\"180\" \/><\/p>\n<p>Pour Marfret, le multimodal a toujours \u00e9t\u00e9 un \u00e9l\u00e9ment de sa strat\u00e9gie maritime de ligne r\u00e9guli\u00e8re, avec comme avantages :<\/p>\n<ul>\n<li>de rapprocher le navire et la marchandise,<\/li>\n<li>d\u2019\u00eatre une solution \u00e9conomique et \u00e9cologique, parfaite substitution au transport terrestre d\u00e9j\u00e0 satur\u00e9,<\/li>\n<li>de proposer une offre globale depuis les terminaux portuaires vers les zones logistiques,<\/li>\n<li>de b\u00e9n\u00e9ficier d\u2019un personnel qualifi\u00e9 et exp\u00e9riment\u00e9 pour g\u00e9rer le quotidien<\/li>\n<\/ul>\n<p><span style=\"font-weight: 400;\">Gr\u00e2ce au lien direct et fiabilis\u00e9 entre Port2000 et Rouen, nous mettons en relation l\u2019outil industriel havrais pour le navire, avec l\u2019interface terrestre Rouen Hub, \u00e0 dimension humaine, souple et rapide.<\/span><\/p>\n<p><span style=\"font-weight: 400;\">De l\u00e0, nous ouvrons les territoires : r\u00e9gion parisienne, Est, Grand Ouest, Europe, par une logistique conteneur optimis\u00e9e entre les imports, le retour du vide et les exports, avec un b\u00e9n\u00e9fice \u00e9conomique imm\u00e9diat.<\/span><\/p>\n\t\t\t\t\t\t\t\t<\/div>\n\t\t\t\t<\/div>\n\t\t\t\t\t<\/div>\n\t\t\t\t<\/div>\n\t\t<div class=\"elementor-element elementor-element-3c849e9 e-flex e-con-boxed e-con e-parent\" data-id=\"3c849e9\" data-element_type=\"container\" data-e-type=\"container\">\n\t\t\t\t\t<div class=\"e-con-inner\">\n\t\t\t\t<div class=\"elementor-element elementor-element-bd01bed elementor-widget elementor-widget-spacer\" data-id=\"bd01bed\" data-element_type=\"widget\" data-e-type=\"widget\" data-widget_type=\"spacer.default\">\n\t\t\t\t<div class=\"elementor-widget-container\">\n\t\t\t\t\t\t\t<div class=\"elementor-spacer\">\n\t\t\t<div class=\"elementor-spacer-inner\"><\/div>\n\t\t<\/div>\n\t\t\t\t\t\t<\/div>\n\t\t\t\t<\/div>\n\t\t\t\t<div class=\"elementor-element elementor-element-a29ae5b elementor-widget elementor-widget-text-editor\" data-id=\"a29ae5b\" data-element_type=\"widget\" data-e-type=\"widget\" data-widget_type=\"text-editor.default\">\n\t\t\t\t<div class=\"elementor-widget-container\">\n\t\t\t\t\t\t\t\t\t<h3><span style=\"font-size: 28px; color: #2cacb4; font-family: DM Serif Display;\">Rouen hub logistique : une plateforme de transport combine mer, fleuve, rail, route<\/span><\/h3>\n<p><span style=\"font-weight: 400;\">Le Rouen Hub a pour vocation de proposer \u00e0 la marchandise, une offre de service logistique d\u00e9port\u00e9, permettant de r\u00e9aliser des \u00e9conomies et d\u2019optimiser sa logistique via un outil performant en termes d\u2019entreposage temporaire et offrir des moyens de transport intermodal pertinents.<\/span><\/p>\n<p><img decoding=\"async\" class=\"wp-image-957 size-full alignleft\" src=\"https:\/\/www-dev.marfret.fr\/wp-content\/uploads\/2017\/06\/1_hinterland.png\" alt=\"Le terminal\" width=\"180\" height=\"180\" \/><\/p>\n<h3>LE TERMINAL<\/h3>\n<ul>\n<li>Une connexion multimodale : Barge &#8211; Rail &#8211; Route<\/li>\n<li>120 000 m2 avec syst\u00e8me s\u00e9curit\u00e9 et s\u00fbret\u00e9 : ISPS et gardiennage,<\/li>\n<li>800 m de quai lin\u00e9aire avec 2 x 250 m de voies ferr\u00e9es,<\/li>\n<li>3 portiques, 6 reachstackers &amp; 12 tugs masters avec remorques,<\/li>\n<li>Prises reefer,<\/li>\n<li>5 sites d\u2019entreposage logistique pour la marchandise.<\/li>\n<\/ul>\n<p><img decoding=\"async\" class=\"wp-image-959 size-full alignleft\" src=\"https:\/\/www-dev.marfret.fr\/wp-content\/uploads\/2017\/06\/2_hinterland.png\" alt=\"Les prestations\" width=\"180\" height=\"180\" \/><\/p>\n<h3>LES PRESTATIONS<\/h3>\n<ul>\n<li>2 principaux r\u00e9parateurs nationaux,<\/li>\n<li>Une zone d\u2019entreposage bord \u00e0 quai,<\/li>\n<li>Traitement de marchandises hors gabarit, colis lourds\u2026<\/li>\n<li>Pr\u00e9paration des conteneurs frigos, pr\u00e9trip,<\/li>\n<li>Possibilit\u00e9 de pesage des conteneurs sur terminal<\/li>\n<\/ul>\n<p><img loading=\"lazy\" decoding=\"async\" class=\"alignleft wp-image-963 size-full\" src=\"https:\/\/www-dev.marfret.fr\/wp-content\/uploads\/2017\/06\/3_hinterland.png\" alt=\"Les avantages\" width=\"180\" height=\"180\" \/><\/p>\n<h3>LES AVANTAGES<\/h3>\n<ul>\n<li>De nombreuses destinations selon les modes utilis\u00e9s : Paris, Nancy, Strasbourg, Marseille Fos, Bordeaux.<\/li>\n<li>Proximit\u00e9 des principaux axes routiers,<\/li>\n<li>Sky Priority Terminal : rapidit\u00e9 d\u2019enl\u00e8vement depuis le terminal pour faciliter les livraisons.<\/li>\n<\/ul>\n<p><span style=\"font-weight: 400;\">Gr\u00e2ce \u00e0 ses offres terrestres, Marfret imagine, accompagne et investit dans des projets innovants et \u00e9conomiquement viables pour r\u00e9pondre aux probl\u00e9matiques environnementales.<\/span><\/p>\n<p>Contact : Xavier Rose + 33 (0)2 32 81 83 60 <a href=\"mailto:xrose@marfret.fr\">xrose@marfret.fr<\/a><\/p>\n\t\t\t\t\t\t\t\t<\/div>\n\t\t\t\t<\/div>\n\t\t\t\t\t<\/div>\n\t\t\t\t<\/div>\n\t\t\t\t<\/div>\n\t\t","protected":false},"excerpt":{"rendered":"<p>Transport Inland Marfret Inland Services est une offre logistique globale pour la marchandise, proposant des solutions de transport multimodal (fleuve, route, rail) avec l\u2019utilisation d\u2019un terminal d\u00e9di\u00e9, reli\u00e9 \u00e0 la meilleure offre maritime internationale. Agissant en v\u00e9ritable int\u00e9grateur logistique, nous cr\u00e9ons une r\u00e9elle valeur ajout\u00e9e \u00e0 la supply chain par une offre innovante, comp\u00e9titive et [&hellip;]<\/p>\n","protected":false},"author":31,"featured_media":10755,"parent":0,"menu_order":0,"comment_status":"closed","ping_status":"closed","template":"page-full-bandeau-100vh.php","meta":{"_acf_changed":false,"footnotes":""},"class_list":["post-9928","page","type-page","status-publish","has-post-thumbnail","hentry"],"acf":[],"yoast_head":"<!-- This site is optimized with the Yoast SEO plugin v27.4 - https:\/\/yoast.com\/product\/yoast-seo-wordpress\/ -->\n<title>Solution de transport multimodal | Marfret<\/title>\n<meta name=\"description\" content=\"Marfret est\u00e1 especializada en el transporte combinado de mercanc\u00edas. Marfret Inland Services ofrece soluciones multimodales mar\u00edtimas, fluviales, ferroviarias y por carretera.\" \/>\n<meta name=\"robots\" content=\"index, follow, max-snippet:-1, max-image-preview:large, max-video-preview:-1\" \/>\n<link rel=\"canonical\" href=\"https:\/\/www.marfret.com\/es\/fluvial\/\" \/>\n<meta property=\"og:locale\" content=\"es_ES\" \/>\n<meta property=\"og:type\" content=\"article\" \/>\n<meta property=\"og:title\" content=\"Solution de transport multimodal | Marfret\" \/>\n<meta property=\"og:description\" content=\"Marfret est\u00e1 especializada en el transporte combinado de mercanc\u00edas. Marfret Inland Services ofrece soluciones multimodales mar\u00edtimas, fluviales, ferroviarias y por carretera.\" \/>\n<meta property=\"og:url\" content=\"https:\/\/www.marfret.com\/es\/fluvial\/\" \/>\n<meta property=\"og:site_name\" content=\"Marfret\" \/>\n<meta property=\"article:modified_time\" content=\"2024-10-04T09:17:39+00:00\" \/>\n<meta property=\"og:image\" content=\"https:\/\/www.marfret.com\/app\/uploads\/2024\/05\/hinterland.jpg\" \/>\n\t<meta property=\"og:image:width\" content=\"1060\" \/>\n\t<meta property=\"og:image:height\" content=\"497\" \/>\n\t<meta property=\"og:image:type\" content=\"image\/jpeg\" \/>\n<meta name=\"twitter:card\" content=\"summary_large_image\" \/>\n<meta name=\"twitter:label1\" content=\"Est. reading time\" \/>\n\t<meta name=\"twitter:data1\" content=\"2 minutes\" \/>\n<script type=\"application\/ld+json\" class=\"yoast-schema-graph\">{\"@context\":\"https:\\\/\\\/schema.org\",\"@graph\":[{\"@type\":\"WebPage\",\"@id\":\"https:\\\/\\\/www.marfret.com\\\/es\\\/fluvial\\\/\",\"url\":\"https:\\\/\\\/www.marfret.com\\\/es\\\/fluvial\\\/\",\"name\":\"Solution de transport multimodal | Marfret\",\"isPartOf\":{\"@id\":\"https:\\\/\\\/www.marfret.com\\\/#website\"},\"primaryImageOfPage\":{\"@id\":\"https:\\\/\\\/www.marfret.com\\\/es\\\/fluvial\\\/#primaryimage\"},\"image\":{\"@id\":\"https:\\\/\\\/www.marfret.com\\\/es\\\/fluvial\\\/#primaryimage\"},\"thumbnailUrl\":\"https:\\\/\\\/www.marfret.com\\\/app\\\/uploads\\\/2024\\\/05\\\/hinterland.jpg\",\"datePublished\":\"2024-04-19T10:20:59+00:00\",\"dateModified\":\"2024-10-04T09:17:39+00:00\",\"description\":\"Marfret est\u00e1 especializada en el transporte combinado de mercanc\u00edas. Marfret Inland Services ofrece soluciones multimodales mar\u00edtimas, fluviales, ferroviarias y por carretera.\",\"breadcrumb\":{\"@id\":\"https:\\\/\\\/www.marfret.com\\\/es\\\/fluvial\\\/#breadcrumb\"},\"inLanguage\":\"es-ES\",\"potentialAction\":[{\"@type\":\"ReadAction\",\"target\":[\"https:\\\/\\\/www.marfret.com\\\/es\\\/fluvial\\\/\"]}]},{\"@type\":\"ImageObject\",\"inLanguage\":\"es-ES\",\"@id\":\"https:\\\/\\\/www.marfret.com\\\/es\\\/fluvial\\\/#primaryimage\",\"url\":\"https:\\\/\\\/www.marfret.com\\\/app\\\/uploads\\\/2024\\\/05\\\/hinterland.jpg\",\"contentUrl\":\"https:\\\/\\\/www.marfret.com\\\/app\\\/uploads\\\/2024\\\/05\\\/hinterland.jpg\",\"width\":1060,\"height\":497},{\"@type\":\"BreadcrumbList\",\"@id\":\"https:\\\/\\\/www.marfret.com\\\/es\\\/fluvial\\\/#breadcrumb\",\"itemListElement\":[{\"@type\":\"ListItem\",\"position\":1,\"name\":\"Accueil\",\"item\":\"https:\\\/\\\/www.marfret.com\\\/es\\\/\"},{\"@type\":\"ListItem\",\"position\":2,\"name\":\"Fluvial\"}]},{\"@type\":\"WebSite\",\"@id\":\"https:\\\/\\\/www.marfret.com\\\/#website\",\"url\":\"https:\\\/\\\/www.marfret.com\\\/\",\"name\":\"Marfret\",\"description\":\"Compagnie maritime\",\"potentialAction\":[{\"@type\":\"SearchAction\",\"target\":{\"@type\":\"EntryPoint\",\"urlTemplate\":\"https:\\\/\\\/www.marfret.com\\\/?s={search_term_string}\"},\"query-input\":{\"@type\":\"PropertyValueSpecification\",\"valueRequired\":true,\"valueName\":\"search_term_string\"}}],\"inLanguage\":\"es-ES\"}]}<\/script>\n<!-- \/ Yoast SEO plugin. -->","yoast_head_json":{"title":"Solution de transport multimodal | Marfret","description":"Marfret est\u00e1 especializada en el transporte combinado de mercanc\u00edas. Marfret Inland Services ofrece soluciones multimodales mar\u00edtimas, fluviales, ferroviarias y por carretera.","robots":{"index":"index","follow":"follow","max-snippet":"max-snippet:-1","max-image-preview":"max-image-preview:large","max-video-preview":"max-video-preview:-1"},"canonical":"https:\/\/www.marfret.com\/es\/fluvial\/","og_locale":"es_ES","og_type":"article","og_title":"Solution de transport multimodal | Marfret","og_description":"Marfret est\u00e1 especializada en el transporte combinado de mercanc\u00edas. Marfret Inland Services ofrece soluciones multimodales mar\u00edtimas, fluviales, ferroviarias y por carretera.","og_url":"https:\/\/www.marfret.com\/es\/fluvial\/","og_site_name":"Marfret","article_modified_time":"2024-10-04T09:17:39+00:00","og_image":[{"width":1060,"height":497,"url":"https:\/\/www.marfret.com\/app\/uploads\/2024\/05\/hinterland.jpg","type":"image\/jpeg"}],"twitter_card":"summary_large_image","twitter_misc":{"Est. reading time":"2 minutes"},"schema":{"@context":"https:\/\/schema.org","@graph":[{"@type":"WebPage","@id":"https:\/\/www.marfret.com\/es\/fluvial\/","url":"https:\/\/www.marfret.com\/es\/fluvial\/","name":"Solution de transport multimodal | Marfret","isPartOf":{"@id":"https:\/\/www.marfret.com\/#website"},"primaryImageOfPage":{"@id":"https:\/\/www.marfret.com\/es\/fluvial\/#primaryimage"},"image":{"@id":"https:\/\/www.marfret.com\/es\/fluvial\/#primaryimage"},"thumbnailUrl":"https:\/\/www.marfret.com\/app\/uploads\/2024\/05\/hinterland.jpg","datePublished":"2024-04-19T10:20:59+00:00","dateModified":"2024-10-04T09:17:39+00:00","description":"Marfret est\u00e1 especializada en el transporte combinado de mercanc\u00edas. Marfret Inland Services ofrece soluciones multimodales mar\u00edtimas, fluviales, ferroviarias y por carretera.","breadcrumb":{"@id":"https:\/\/www.marfret.com\/es\/fluvial\/#breadcrumb"},"inLanguage":"es-ES","potentialAction":[{"@type":"ReadAction","target":["https:\/\/www.marfret.com\/es\/fluvial\/"]}]},{"@type":"ImageObject","inLanguage":"es-ES","@id":"https:\/\/www.marfret.com\/es\/fluvial\/#primaryimage","url":"https:\/\/www.marfret.com\/app\/uploads\/2024\/05\/hinterland.jpg","contentUrl":"https:\/\/www.marfret.com\/app\/uploads\/2024\/05\/hinterland.jpg","width":1060,"height":497},{"@type":"BreadcrumbList","@id":"https:\/\/www.marfret.com\/es\/fluvial\/#breadcrumb","itemListElement":[{"@type":"ListItem","position":1,"name":"Accueil","item":"https:\/\/www.marfret.com\/es\/"},{"@type":"ListItem","position":2,"name":"Fluvial"}]},{"@type":"WebSite","@id":"https:\/\/www.marfret.com\/#website","url":"https:\/\/www.marfret.com\/","name":"Marfret","description":"Compagnie maritime","potentialAction":[{"@type":"SearchAction","target":{"@type":"EntryPoint","urlTemplate":"https:\/\/www.marfret.com\/?s={search_term_string}"},"query-input":{"@type":"PropertyValueSpecification","valueRequired":true,"valueName":"search_term_string"}}],"inLanguage":"es-ES"}]}},"_links":{"self":[{"href":"https:\/\/www.marfret.com\/es\/wp-json\/wp\/v2\/pages\/9928","targetHints":{"allow":["GET"]}}],"collection":[{"href":"https:\/\/www.marfret.com\/es\/wp-json\/wp\/v2\/pages"}],"about":[{"href":"https:\/\/www.marfret.com\/es\/wp-json\/wp\/v2\/types\/page"}],"author":[{"embeddable":true,"href":"https:\/\/www.marfret.com\/es\/wp-json\/wp\/v2\/users\/31"}],"replies":[{"embeddable":true,"href":"https:\/\/www.marfret.com\/es\/wp-json\/wp\/v2\/comments?post=9928"}],"version-history":[{"count":34,"href":"https:\/\/www.marfret.com\/es\/wp-json\/wp\/v2\/pages\/9928\/revisions"}],"predecessor-version":[{"id":14745,"href":"https:\/\/www.marfret.com\/es\/wp-json\/wp\/v2\/pages\/9928\/revisions\/14745"}],"wp:featuredmedia":[{"embeddable":true,"href":"https:\/\/www.marfret.com\/es\/wp-json\/wp\/v2\/media\/10755"}],"wp:attachment":[{"href":"https:\/\/www.marfret.com\/es\/wp-json\/wp\/v2\/media?parent=9928"}],"curies":[{"name":"wp","href":"https:\/\/api.w.org\/{rel}","templated":true}]}}