{"id":9914,"date":"2024-04-19T12:01:24","date_gmt":"2024-04-19T10:01:24","guid":{"rendered":"https:\/\/marfret.epartenaire.com\/maritimo\/"},"modified":"2024-10-07T10:06:18","modified_gmt":"2024-10-07T08:06:18","slug":"maritimo","status":"publish","type":"page","link":"https:\/\/www.marfret.com\/es\/maritimo\/","title":{"rendered":"Mar\u00edtimo"},"content":{"rendered":"\t\t<div data-elementor-type=\"wp-page\" data-elementor-id=\"9914\" class=\"elementor elementor-9914 elementor-133\" data-elementor-post-type=\"page\">\n\t\t\t\t<div class=\"elementor-element elementor-element-36e30c0 e-flex e-con-boxed e-con e-parent\" data-id=\"36e30c0\" data-element_type=\"container\" data-e-type=\"container\">\n\t\t\t\t\t<div class=\"e-con-inner\">\n\t\t\t\t<div class=\"elementor-element elementor-element-6119e20 elementor-widget elementor-widget-spacer\" data-id=\"6119e20\" data-element_type=\"widget\" data-e-type=\"widget\" data-widget_type=\"spacer.default\">\n\t\t\t\t<div class=\"elementor-widget-container\">\n\t\t\t\t\t\t\t<div class=\"elementor-spacer\">\n\t\t\t<div class=\"elementor-spacer-inner\"><\/div>\n\t\t<\/div>\n\t\t\t\t\t\t<\/div>\n\t\t\t\t<\/div>\n\t\t\t\t<div class=\"elementor-element elementor-element-e30a9b2 elementor-widget elementor-widget-heading\" data-id=\"e30a9b2\" data-element_type=\"widget\" data-e-type=\"widget\" data-widget_type=\"heading.default\">\n\t\t\t\t<div class=\"elementor-widget-container\">\n\t\t\t\t\t<h2 class=\"elementor-heading-title elementor-size-default\">Marfret compagnie de transport maritime de lignes r\u00e9guli\u00e8res<\/h2>\t\t\t\t<\/div>\n\t\t\t\t<\/div>\n\t\t\t\t\t<\/div>\n\t\t\t\t<\/div>\n\t\t<div class=\"elementor-element elementor-element-a7b2c25 e-flex e-con-boxed e-con e-parent\" data-id=\"a7b2c25\" data-element_type=\"container\" data-e-type=\"container\">\n\t\t\t\t\t<div class=\"e-con-inner\">\n\t\t\t\t<div class=\"elementor-element elementor-element-295a827 elementor-widget elementor-widget-spacer\" data-id=\"295a827\" data-element_type=\"widget\" data-e-type=\"widget\" data-widget_type=\"spacer.default\">\n\t\t\t\t<div class=\"elementor-widget-container\">\n\t\t\t\t\t\t\t<div class=\"elementor-spacer\">\n\t\t\t<div class=\"elementor-spacer-inner\"><\/div>\n\t\t<\/div>\n\t\t\t\t\t\t<\/div>\n\t\t\t\t<\/div>\n\t\t\t\t<div class=\"elementor-element elementor-element-df70ee2 elementor-widget elementor-widget-heading\" data-id=\"df70ee2\" data-element_type=\"widget\" data-e-type=\"widget\" data-widget_type=\"heading.default\">\n\t\t\t\t<div class=\"elementor-widget-container\">\n\t\t\t\t\t<h3 class=\"elementor-heading-title elementor-size-default\">Demande de booking<\/h3>\t\t\t\t<\/div>\n\t\t\t\t<\/div>\n\t\t\t\t<div class=\"elementor-element elementor-element-4c0e183 elementor-widget elementor-widget-text-editor\" data-id=\"4c0e183\" data-element_type=\"widget\" data-e-type=\"widget\" data-widget_type=\"text-editor.default\">\n\t\t\t\t<div class=\"elementor-widget-container\">\n\t\t\t\t\t\t\t\t\t<p>Avec votre compte INTTRA, vous pouvez faire une demande de booking sur les navires Marfret sur cette plateforme. Si vous n\u2019avez pas de compte ou si votre entreprise n\u2019est pas en relation avec MARFRET sur cette plateforme, veuillez contacter votre Agence Marfret local.<\/p>\n<p>Marfret, compagnie maritime de ligne r\u00e9guli\u00e8re, transporte pr\u00e8s de 100 000 teus par an de fret maritime et met \u00e0 votre disposition une flotte r\u00e9cente et diversifi\u00e9e de conteneurs adapt\u00e9e \u00e0 vos besoins.<\/p>\n<p>Proximit\u00e9 avec nos clients industriels ou transitaires maritimes, r\u00e9activit\u00e9 et connaissance du tissu \u00e9conomique local constituent les atouts d\u00e9terminants de notre compagnie en tant que transporteur maritime de marchandises conteneuris\u00e9es \u00e0 l\u2019international.<\/p>\n\t\t\t\t\t\t\t\t<\/div>\n\t\t\t\t<\/div>\n\t\t\t\t\t<\/div>\n\t\t\t\t<\/div>\n\t\t<div class=\"elementor-element elementor-element-d6d9134 e-flex e-con-boxed e-con e-parent\" data-id=\"d6d9134\" data-element_type=\"container\" data-e-type=\"container\">\n\t\t\t\t\t<div class=\"e-con-inner\">\n\t\t\t\t<div class=\"elementor-element elementor-element-f2fea11 elementor-widget elementor-widget-text-editor\" data-id=\"f2fea11\" data-element_type=\"widget\" data-e-type=\"widget\" data-widget_type=\"text-editor.default\">\n\t\t\t\t<div class=\"elementor-widget-container\">\n\t\t\t\t\t\t\t\t\t<p><img decoding=\"async\" class=\"wp-image-950 size-full alignleft\" src=\"https:\/\/www.marfret.com\/app\/uploads\/2017\/06\/1_maritime.png\" alt=\"Le client acteur du transport de ses marchandises par la mer\" width=\"180\" height=\"180\" \/><\/p>\n<h3 style=\"font-size: 28px; color: #2cacb4; font-family: DM Serif Display;\">Le client acteur du transport de ses marchandises par la mer<\/h3>\n<p>Avec un programme fiable de d\u00e9parts \u00e0 jour fixe, Marfret met \u00e0 disposition de ses clients une flotte de navires performants pour le transport de tous types de conteneurs : dry, reefer, flat, pallet wide, open-top\u2026<\/p>\n<p>La compagnie maritime Marfret accompagne ses clients dans leur prise de d\u00e9cision\u00a0gr\u00e2ce \u00e0:<\/p>\n<ul>\n<li>une offre de services maritimes totalement int\u00e9gr\u00e9e : navires, agences, manutentionnaires, garantissant la r\u00e9gularit\u00e9 des d\u00e9parts ;<\/li>\n<li>une ing\u00e9nierie globale de l\u2019op\u00e9ration de transport pour r\u00e9duire la complexit\u00e9 administrative;<\/li>\n<li>une coordination des op\u00e9rations en temps r\u00e9el gr\u00e2ce au syst\u00e8me d\u2019information M@rius d\u00e9velopp\u00e9 par Marfret ;<\/li>\n<li>une gestion optimale des allocations d\u2019espace sur nos navires porte-conteneurs gr\u00e2ce au pilotage personnalis\u00e9 des r\u00e9servations.<\/li>\n<\/ul>\n\t\t\t\t\t\t\t\t<\/div>\n\t\t\t\t<\/div>\n\t\t\t\t\t<\/div>\n\t\t\t\t<\/div>\n\t\t<div class=\"elementor-element elementor-element-26653f1 e-flex e-con-boxed e-con e-parent\" data-id=\"26653f1\" data-element_type=\"container\" data-e-type=\"container\">\n\t\t\t\t\t<div class=\"e-con-inner\">\n\t\t\t\t<div class=\"elementor-element elementor-element-ea7b783 elementor-widget elementor-widget-text-editor\" data-id=\"ea7b783\" data-element_type=\"widget\" data-e-type=\"widget\" data-widget_type=\"text-editor.default\">\n\t\t\t\t<div class=\"elementor-widget-container\">\n\t\t\t\t\t\t\t\t\t<p><img decoding=\"async\" class=\"wp-image-952 size-full alignleft\" src=\"https:\/\/www.marfret.com\/app\/uploads\/2017\/06\/2_maritime.png\" alt=\"Transport maritime conteneuris\u00e9\" width=\"180\" height=\"180\" \/><\/p>\n<h3 style=\"font-size: 28px; color: #2cacb4; font-family: DM Serif Display;\">Transport maritime conteneurise<\/h3>\n<p>Le conteneur pr\u00e9sente de nombreux avantages qui r\u00e9duisent le co\u00fbt global du transport : r\u00e9duction des temps d\u2019escale, facilit\u00e9 de la manutention, adaptation \u00e0 tous les modes de transport (route, fer, mer et fleuve).<\/p>\n<p>Enjeux primordiaux, la logistique en conteneurs et la logistique du conteneur permettent \u00e0 Marfret d\u2019assurer \u00e0 ses clients une solution modulable, fiable et \u00e9conomique.<\/p>\n<p>En plus des conteneurs Dry, la compagnie dispose d\u2019une grande vari\u00e9t\u00e9 de conteneurs pour s\u2019adapter \u00e0 tout type de transports :<\/p>\n<ul>\n<li>conteneurs citernes destin\u00e9s aux produits liquides ou gazeux<\/li>\n<li>conteneurs Reefers pour les denr\u00e9es p\u00e9rissables<\/li>\n<li>conteneurs Open Top pour le \u201cBreak Bulk\u201d ou machines<\/li>\n<li>conteneurs Flats pour les marchandises encombrantes.<\/li>\n<\/ul>\n<p>Par ailleurs, Marfret propose des services rouliers (roll on, roll off) pour les marchandises unitis\u00e9es en remorques routi\u00e8res comme son service Ferrymar, pont maritime entre la Martinique et la Guadeloupe.<\/p>\n\t\t\t\t\t\t\t\t<\/div>\n\t\t\t\t<\/div>\n\t\t\t\t\t<\/div>\n\t\t\t\t<\/div>\n\t\t\t\t<\/div>\n\t\t","protected":false},"excerpt":{"rendered":"<p>Marfret compagnie de transport maritime de lignes r\u00e9guli\u00e8res Demande de booking Avec votre compte INTTRA, vous pouvez faire une demande de booking sur les navires Marfret sur cette plateforme. Si vous n\u2019avez pas de compte ou si votre entreprise n\u2019est pas en relation avec MARFRET sur cette plateforme, veuillez contacter votre Agence Marfret local. Marfret, [&hellip;]<\/p>\n","protected":false},"author":31,"featured_media":9924,"parent":0,"menu_order":0,"comment_status":"closed","ping_status":"closed","template":"page-full-bandeau-100vh.php","meta":{"_acf_changed":false,"footnotes":""},"class_list":["post-9914","page","type-page","status-publish","has-post-thumbnail","hentry"],"acf":[],"yoast_head":"<!-- This site is optimized with the Yoast SEO plugin v27.5 - https:\/\/yoast.com\/product\/yoast-seo-wordpress\/ -->\n<title>Compa\u00f1\u00eda naviera en contenedores | marfret<\/title>\n<meta name=\"description\" content=\"Marfret dispone de una flota de buques eficientes para el transporte de todo tipo de contenedores: secos, isot\u00e9rmicos, planos, open top o pallet-wide.\" \/>\n<meta name=\"robots\" content=\"index, follow, max-snippet:-1, max-image-preview:large, max-video-preview:-1\" \/>\n<link rel=\"canonical\" href=\"https:\/\/www.marfret.com\/es\/maritimo\/\" \/>\n<meta property=\"og:locale\" content=\"es_ES\" \/>\n<meta property=\"og:type\" content=\"article\" \/>\n<meta property=\"og:title\" content=\"Compa\u00f1\u00eda naviera en contenedores | marfret\" \/>\n<meta property=\"og:description\" content=\"Marfret dispone de una flota de buques eficientes para el transporte de todo tipo de contenedores: secos, isot\u00e9rmicos, planos, open top o pallet-wide.\" \/>\n<meta property=\"og:url\" content=\"https:\/\/www.marfret.com\/es\/maritimo\/\" \/>\n<meta property=\"og:site_name\" content=\"Marfret\" \/>\n<meta property=\"article:modified_time\" content=\"2024-10-07T08:06:18+00:00\" \/>\n<meta property=\"og:image\" content=\"https:\/\/www.marfret.com\/app\/uploads\/2017\/06\/maritime2.jpg\" \/>\n\t<meta property=\"og:image:width\" content=\"1060\" \/>\n\t<meta property=\"og:image:height\" content=\"497\" \/>\n\t<meta property=\"og:image:type\" content=\"image\/jpeg\" \/>\n<meta name=\"twitter:card\" content=\"summary_large_image\" \/>\n<meta name=\"twitter:label1\" content=\"Est. reading time\" \/>\n\t<meta name=\"twitter:data1\" content=\"2 minutes\" \/>\n<script type=\"application\/ld+json\" class=\"yoast-schema-graph\">{\"@context\":\"https:\\\/\\\/schema.org\",\"@graph\":[{\"@type\":\"WebPage\",\"@id\":\"https:\\\/\\\/www.marfret.com\\\/es\\\/maritimo\\\/\",\"url\":\"https:\\\/\\\/www.marfret.com\\\/es\\\/maritimo\\\/\",\"name\":\"Compa\u00f1\u00eda naviera en contenedores | marfret\",\"isPartOf\":{\"@id\":\"https:\\\/\\\/www.marfret.com\\\/#website\"},\"primaryImageOfPage\":{\"@id\":\"https:\\\/\\\/www.marfret.com\\\/es\\\/maritimo\\\/#primaryimage\"},\"image\":{\"@id\":\"https:\\\/\\\/www.marfret.com\\\/es\\\/maritimo\\\/#primaryimage\"},\"thumbnailUrl\":\"https:\\\/\\\/www.marfret.com\\\/app\\\/uploads\\\/2017\\\/06\\\/maritime2.jpg\",\"datePublished\":\"2024-04-19T10:01:24+00:00\",\"dateModified\":\"2024-10-07T08:06:18+00:00\",\"description\":\"Marfret dispone de una flota de buques eficientes para el transporte de todo tipo de contenedores: secos, isot\u00e9rmicos, planos, open top o pallet-wide.\",\"breadcrumb\":{\"@id\":\"https:\\\/\\\/www.marfret.com\\\/es\\\/maritimo\\\/#breadcrumb\"},\"inLanguage\":\"es-ES\",\"potentialAction\":[{\"@type\":\"ReadAction\",\"target\":[\"https:\\\/\\\/www.marfret.com\\\/es\\\/maritimo\\\/\"]}]},{\"@type\":\"ImageObject\",\"inLanguage\":\"es-ES\",\"@id\":\"https:\\\/\\\/www.marfret.com\\\/es\\\/maritimo\\\/#primaryimage\",\"url\":\"https:\\\/\\\/www.marfret.com\\\/app\\\/uploads\\\/2017\\\/06\\\/maritime2.jpg\",\"contentUrl\":\"https:\\\/\\\/www.marfret.com\\\/app\\\/uploads\\\/2017\\\/06\\\/maritime2.jpg\",\"width\":1060,\"height\":497},{\"@type\":\"BreadcrumbList\",\"@id\":\"https:\\\/\\\/www.marfret.com\\\/es\\\/maritimo\\\/#breadcrumb\",\"itemListElement\":[{\"@type\":\"ListItem\",\"position\":1,\"name\":\"Accueil\",\"item\":\"https:\\\/\\\/www.marfret.com\\\/es\\\/\"},{\"@type\":\"ListItem\",\"position\":2,\"name\":\"Mar\u00edtimo\"}]},{\"@type\":\"WebSite\",\"@id\":\"https:\\\/\\\/www.marfret.com\\\/#website\",\"url\":\"https:\\\/\\\/www.marfret.com\\\/\",\"name\":\"Marfret\",\"description\":\"Compagnie maritime\",\"potentialAction\":[{\"@type\":\"SearchAction\",\"target\":{\"@type\":\"EntryPoint\",\"urlTemplate\":\"https:\\\/\\\/www.marfret.com\\\/?s={search_term_string}\"},\"query-input\":{\"@type\":\"PropertyValueSpecification\",\"valueRequired\":true,\"valueName\":\"search_term_string\"}}],\"inLanguage\":\"es-ES\"}]}<\/script>\n<!-- \/ Yoast SEO plugin. -->","yoast_head_json":{"title":"Compa\u00f1\u00eda naviera en contenedores | marfret","description":"Marfret dispone de una flota de buques eficientes para el transporte de todo tipo de contenedores: secos, isot\u00e9rmicos, planos, open top o pallet-wide.","robots":{"index":"index","follow":"follow","max-snippet":"max-snippet:-1","max-image-preview":"max-image-preview:large","max-video-preview":"max-video-preview:-1"},"canonical":"https:\/\/www.marfret.com\/es\/maritimo\/","og_locale":"es_ES","og_type":"article","og_title":"Compa\u00f1\u00eda naviera en contenedores | marfret","og_description":"Marfret dispone de una flota de buques eficientes para el transporte de todo tipo de contenedores: secos, isot\u00e9rmicos, planos, open top o pallet-wide.","og_url":"https:\/\/www.marfret.com\/es\/maritimo\/","og_site_name":"Marfret","article_modified_time":"2024-10-07T08:06:18+00:00","og_image":[{"width":1060,"height":497,"url":"https:\/\/www.marfret.com\/app\/uploads\/2017\/06\/maritime2.jpg","type":"image\/jpeg"}],"twitter_card":"summary_large_image","twitter_misc":{"Est. reading time":"2 minutes"},"schema":{"@context":"https:\/\/schema.org","@graph":[{"@type":"WebPage","@id":"https:\/\/www.marfret.com\/es\/maritimo\/","url":"https:\/\/www.marfret.com\/es\/maritimo\/","name":"Compa\u00f1\u00eda naviera en contenedores | marfret","isPartOf":{"@id":"https:\/\/www.marfret.com\/#website"},"primaryImageOfPage":{"@id":"https:\/\/www.marfret.com\/es\/maritimo\/#primaryimage"},"image":{"@id":"https:\/\/www.marfret.com\/es\/maritimo\/#primaryimage"},"thumbnailUrl":"https:\/\/www.marfret.com\/app\/uploads\/2017\/06\/maritime2.jpg","datePublished":"2024-04-19T10:01:24+00:00","dateModified":"2024-10-07T08:06:18+00:00","description":"Marfret dispone de una flota de buques eficientes para el transporte de todo tipo de contenedores: secos, isot\u00e9rmicos, planos, open top o pallet-wide.","breadcrumb":{"@id":"https:\/\/www.marfret.com\/es\/maritimo\/#breadcrumb"},"inLanguage":"es-ES","potentialAction":[{"@type":"ReadAction","target":["https:\/\/www.marfret.com\/es\/maritimo\/"]}]},{"@type":"ImageObject","inLanguage":"es-ES","@id":"https:\/\/www.marfret.com\/es\/maritimo\/#primaryimage","url":"https:\/\/www.marfret.com\/app\/uploads\/2017\/06\/maritime2.jpg","contentUrl":"https:\/\/www.marfret.com\/app\/uploads\/2017\/06\/maritime2.jpg","width":1060,"height":497},{"@type":"BreadcrumbList","@id":"https:\/\/www.marfret.com\/es\/maritimo\/#breadcrumb","itemListElement":[{"@type":"ListItem","position":1,"name":"Accueil","item":"https:\/\/www.marfret.com\/es\/"},{"@type":"ListItem","position":2,"name":"Mar\u00edtimo"}]},{"@type":"WebSite","@id":"https:\/\/www.marfret.com\/#website","url":"https:\/\/www.marfret.com\/","name":"Marfret","description":"Compagnie maritime","potentialAction":[{"@type":"SearchAction","target":{"@type":"EntryPoint","urlTemplate":"https:\/\/www.marfret.com\/?s={search_term_string}"},"query-input":{"@type":"PropertyValueSpecification","valueRequired":true,"valueName":"search_term_string"}}],"inLanguage":"es-ES"}]}},"_links":{"self":[{"href":"https:\/\/www.marfret.com\/es\/wp-json\/wp\/v2\/pages\/9914","targetHints":{"allow":["GET"]}}],"collection":[{"href":"https:\/\/www.marfret.com\/es\/wp-json\/wp\/v2\/pages"}],"about":[{"href":"https:\/\/www.marfret.com\/es\/wp-json\/wp\/v2\/types\/page"}],"author":[{"embeddable":true,"href":"https:\/\/www.marfret.com\/es\/wp-json\/wp\/v2\/users\/31"}],"replies":[{"embeddable":true,"href":"https:\/\/www.marfret.com\/es\/wp-json\/wp\/v2\/comments?post=9914"}],"version-history":[{"count":28,"href":"https:\/\/www.marfret.com\/es\/wp-json\/wp\/v2\/pages\/9914\/revisions"}],"predecessor-version":[{"id":14806,"href":"https:\/\/www.marfret.com\/es\/wp-json\/wp\/v2\/pages\/9914\/revisions\/14806"}],"wp:featuredmedia":[{"embeddable":true,"href":"https:\/\/www.marfret.com\/es\/wp-json\/wp\/v2\/media\/9924"}],"wp:attachment":[{"href":"https:\/\/www.marfret.com\/es\/wp-json\/wp\/v2\/media?parent=9914"}],"curies":[{"name":"wp","href":"https:\/\/api.w.org\/{rel}","templated":true}]}}