{"id":9908,"date":"2024-04-19T11:51:27","date_gmt":"2024-04-19T09:51:27","guid":{"rendered":"https:\/\/marfret.epartenaire.com\/mecenazgo\/"},"modified":"2025-11-17T14:18:00","modified_gmt":"2025-11-17T13:18:00","slug":"mecenazgo","status":"publish","type":"page","link":"https:\/\/www.marfret.com\/es\/mecenazgo\/","title":{"rendered":"Mecenazgo"},"content":{"rendered":"\t\t<div data-elementor-type=\"wp-page\" data-elementor-id=\"9908\" class=\"elementor elementor-9908 elementor-8204\" data-elementor-post-type=\"page\">\n\t\t\t\t<div class=\"elementor-element elementor-element-a99218c e-flex e-con-boxed e-con e-parent\" data-id=\"a99218c\" data-element_type=\"container\" data-e-type=\"container\">\n\t\t\t\t\t<div class=\"e-con-inner\">\n\t\t\t\t<div class=\"elementor-element elementor-element-6d74f67 elementor-widget elementor-widget-spacer\" data-id=\"6d74f67\" data-element_type=\"widget\" data-e-type=\"widget\" data-widget_type=\"spacer.default\">\n\t\t\t\t<div class=\"elementor-widget-container\">\n\t\t\t\t\t\t\t<div class=\"elementor-spacer\">\n\t\t\t<div class=\"elementor-spacer-inner\"><\/div>\n\t\t<\/div>\n\t\t\t\t\t\t<\/div>\n\t\t\t\t<\/div>\n\t\t\t\t\t<\/div>\n\t\t\t\t<\/div>\n\t\t<div class=\"elementor-element elementor-element-0da897b e-flex e-con-boxed e-con e-parent\" data-id=\"0da897b\" data-element_type=\"container\" data-e-type=\"container\">\n\t\t\t\t\t<div class=\"e-con-inner\">\n\t\t\t\t<div class=\"elementor-element elementor-element-0226f96 elementor-widget elementor-widget-heading\" data-id=\"0226f96\" data-element_type=\"widget\" data-e-type=\"widget\" data-widget_type=\"heading.default\">\n\t\t\t\t<div class=\"elementor-widget-container\">\n\t\t\t\t\t<h3 class=\"elementor-heading-title elementor-size-default\">Mecenazgo Cultural: La acogida de artistas en residencia en el coraz\u00f3n<\/h3>\t\t\t\t<\/div>\n\t\t\t\t<\/div>\n\t\t\t\t\t<\/div>\n\t\t\t\t<\/div>\n\t\t<div class=\"elementor-element elementor-element-0ecd055 e-flex e-con-boxed e-con e-parent\" data-id=\"0ecd055\" data-element_type=\"container\" data-e-type=\"container\">\n\t\t\t\t\t<div class=\"e-con-inner\">\n\t\t<div class=\"elementor-element elementor-element-6e78f62 e-con-full e-flex e-con e-child\" data-id=\"6e78f62\" data-element_type=\"container\" data-e-type=\"container\">\n\t\t\t\t<div class=\"elementor-element elementor-element-84fb17c elementor-widget elementor-widget-text-editor\" data-id=\"84fb17c\" data-element_type=\"widget\" data-e-type=\"widget\" data-widget_type=\"text-editor.default\">\n\t\t\t\t<div class=\"elementor-widget-container\">\n\t\t\t\t\t\t\t\t\t<p class=\"MsoNormal\">Desde 2007, Marfret se compromete con el mecenazgo cultural acogiendo artistas en residencia. Nuestro objetivo es ofrecer a nuestros colaboradores y a las comunidades portuarias una visi\u00f3n constantemente renovada de nuestra actividad mar\u00edtima. A trav\u00e9s de estas residencias art\u00edsticas, exploramos la complejidad y la est\u00e9tica del transporte mar\u00edtimo, que constituye un elemento esencial en la evoluci\u00f3n del mundo contempor\u00e1neo.<\/p><p class=\"MsoNormal\">El buque, el puerto, el contenedor, s\u00edmbolos del transporte mar\u00edtimo, poseen una poderosa fuerza est\u00e9tica y evocadora que ha inspirado a numerosos artistas. Al acoger artistas en residencia, ofrecemos un espacio propicio para la creaci\u00f3n, la reflexi\u00f3n y la interpretaci\u00f3n de nuestro universo mar\u00edtimo desde el puente del barco.<\/p><p class=\"MsoNormal\">A lo largo de los a\u00f1os, Marfret ha tenido el privilegio de acoger artistas de todos los horizontes.<\/p><p class=\"MsoNormal\">Entre ellos, la videoartista <strong>Marie Reinert<\/strong>, ganadora de M\u00e9c\u00e8nes del Sur, cuyo documental \u00abRoll on Roll off\u00bb captur\u00f3 la esencia misma de nuestra actividad mar\u00edtima a trav\u00e9s del estudio de los flujos.<\/p><p class=\"MsoNormal\">Tambi\u00e9n hemos colaborado con el artista pl\u00e1stico <strong>Erick Deroost<\/strong>, quien ha explorado las mutaciones de los paisajes portuarios inducidas por la contenedorizaci\u00f3n, columna vertebral de la globalizaci\u00f3n.<\/p><p>Los videoartistas <strong>Vincent Ducarne<\/strong> y <strong>Nicolas Clauss<\/strong> aportaron su mirada \u00fanica a bordo de nuestros barcos, capturando momentos de vida y de evasi\u00f3n en alta mar.<\/p><p>Finalmente, el acuarelista <strong>Yvan Salomone<\/strong> ha sabido traducir la poes\u00eda de nuestras traves\u00edas oce\u00e1nicas, de los espacios mar\u00edtimos y portuarios.<\/p><p>Esta diversidad art\u00edstica enriquece nuestra experiencia de mecenazgo cultural al permitirnos explorar una multitud de perspectivas sobre el mundo mar\u00edtimo. Colaboraciones \u00fanicas que dan lugar a obras variadas y originales que testimonian la riqueza de los v\u00ednculos entre arte y empresa.<\/p><p>En 2024, se lanz\u00f3 la <strong>Atlantic-Pacific Artists Line, en colaboraci\u00f3n con la prestigiosa Villa Albertine y el Mus\u00e9e National de la Marine<\/strong>. Esta l\u00ednea mar\u00edtima conecta el norte de Europa con Tahit\u00ed y Nueva Caledonia, pasando por los puertos estadounidenses de Nueva York y Savannah, Australia y Nueva Zelanda. As\u00ed, ofrece una plataforma \u00fanica para la expresi\u00f3n art\u00edstica inspirada por los viajes en el mar.<\/p><p>En el marco de esta colaboraci\u00f3n, artistas renombrados como el ilustrador <strong>Pierre Buttin<\/strong>, el escritor <strong>Arno Bertina<\/strong> y el fot\u00f3grafo y cineasta <strong>Gr\u00e9goire Korganow<\/strong> vivieron una experiencia inmersiva a bordo de nuestros barcos en 2023, produciendo obras originales que testimonian su encuentro con el universo mar\u00edtimo y sus habitantes.<\/p><p>Al acoger artistas en residencia y apoyar proyectos innovadores como la Atlantic-Pacific Artists Line, reforzamos nuestro compromiso con la cultura, la creatividad y el desarrollo sostenible. Estas iniciativas contribuyen a enriquecer nuestra visi\u00f3n del mundo mar\u00edtimo y a tejer lazos duraderos con las comunidades art\u00edsticas de todo el mundo.<\/p>\t\t\t\t\t\t\t\t<\/div>\n\t\t\t\t<\/div>\n\t\t\t\t<\/div>\n\t\t<div class=\"elementor-element elementor-element-c786f85 e-con-full e-flex e-con e-child\" data-id=\"c786f85\" data-element_type=\"container\" data-e-type=\"container\">\n\t\t\t\t<div class=\"elementor-element elementor-element-6810ee5 elementor-widget elementor-widget-image\" data-id=\"6810ee5\" data-element_type=\"widget\" data-e-type=\"widget\" data-widget_type=\"image.default\">\n\t\t\t\t<div class=\"elementor-widget-container\">\n\t\t\t\t\t\t\t\t\t\t\t\t<figure class=\"wp-caption\">\n\t\t\t\t\t\t\t\t\t\t<img decoding=\"async\" src=\"https:\/\/www.marfret.com\/app\/uploads\/elementor\/thumbs\/expo-deroost-qntd77j00jsjhymma45puknh50jfmlw60te7shi0bw.png\" title=\"expo-deroost.png\" alt=\"expo-deroost.png\" loading=\"lazy\" \/>\t\t\t\t\t\t\t\t\t\t\t<figcaption class=\"widget-image-caption wp-caption-text\">Exposici\u00f3n \"Waterfront\" por Erick Deroost<\/figcaption>\n\t\t\t\t\t\t\t\t\t\t<\/figure>\n\t\t\t\t\t\t\t\t\t<\/div>\n\t\t\t\t<\/div>\n\t\t\t\t<div class=\"elementor-element elementor-element-565b67f elementor-widget elementor-widget-image\" data-id=\"565b67f\" data-element_type=\"widget\" data-e-type=\"widget\" data-widget_type=\"image.default\">\n\t\t\t\t<div class=\"elementor-widget-container\">\n\t\t\t\t\t\t\t\t\t\t\t\t<figure class=\"wp-caption\">\n\t\t\t\t\t\t\t\t\t\t<img decoding=\"async\" src=\"https:\/\/www.marfret.com\/app\/uploads\/elementor\/thumbs\/mec1-qntd77j00jsjhymma45puknh50jfmlw60te7shi0bw.jpg\" title=\"mec1.jpg\" alt=\"mec1.jpg\" loading=\"lazy\" \/>\t\t\t\t\t\t\t\t\t\t\t<figcaption class=\"widget-image-caption wp-caption-text\">Acuarela de Yvan Salomone<\/figcaption>\n\t\t\t\t\t\t\t\t\t\t<\/figure>\n\t\t\t\t\t\t\t\t\t<\/div>\n\t\t\t\t<\/div>\n\t\t\t\t<div class=\"elementor-element elementor-element-9addd94 elementor-widget elementor-widget-image\" data-id=\"9addd94\" data-element_type=\"widget\" data-e-type=\"widget\" data-widget_type=\"image.default\">\n\t\t\t\t<div class=\"elementor-widget-container\">\n\t\t\t\t\t\t\t\t\t\t\t\t<figure class=\"wp-caption\">\n\t\t\t\t\t\t\t\t\t\t<img decoding=\"async\" src=\"https:\/\/www.marfret.com\/app\/uploads\/elementor\/thumbs\/marius-par-pierre-buttin-qntd77j00jsjhymma45puknh50jfmlw60te7shi0bw.png\" title=\"marius-par-pierre-buttin.png\" alt=\"marius-par-pierre-buttin.png\" loading=\"lazy\" \/>\t\t\t\t\t\t\t\t\t\t\t<figcaption class=\"widget-image-caption wp-caption-text\">\"Le Marius\" por Pierre Buttin<\/figcaption>\n\t\t\t\t\t\t\t\t\t\t<\/figure>\n\t\t\t\t\t\t\t\t\t<\/div>\n\t\t\t\t<\/div>\n\t\t\t\t<\/div>\n\t\t\t\t\t<\/div>\n\t\t\t\t<\/div>\n\t\t<div class=\"elementor-element elementor-element-a173566 e-flex e-con-boxed e-con e-parent\" data-id=\"a173566\" data-element_type=\"container\" data-e-type=\"container\">\n\t\t\t\t\t<div class=\"e-con-inner\">\n\t\t\t\t<div class=\"elementor-element elementor-element-5bbf9f2 elementor-widget elementor-widget-heading\" data-id=\"5bbf9f2\" data-element_type=\"widget\" data-e-type=\"widget\" data-widget_type=\"heading.default\">\n\t\t\t\t<div class=\"elementor-widget-container\">\n\t\t\t\t\t<h3 class=\"elementor-heading-title elementor-size-default\">Mecenazgo Deportivo: Asociaci\u00f3n con el navegante Xavier Macaire<\/h3>\t\t\t\t<\/div>\n\t\t\t\t<\/div>\n\t\t\t\t\t<\/div>\n\t\t\t\t<\/div>\n\t\t<div class=\"elementor-element elementor-element-36d66ba e-flex e-con-boxed e-con e-parent\" data-id=\"36d66ba\" data-element_type=\"container\" data-e-type=\"container\">\n\t\t\t\t\t<div class=\"e-con-inner\">\n\t\t<div class=\"elementor-element elementor-element-2d9ce04 e-con-full e-flex e-con e-child\" data-id=\"2d9ce04\" data-element_type=\"container\" data-e-type=\"container\">\n\t\t\t\t<div class=\"elementor-element elementor-element-98ec750 elementor-widget elementor-widget-text-editor\" data-id=\"98ec750\" data-element_type=\"widget\" data-e-type=\"widget\" data-widget_type=\"text-editor.default\">\n\t\t\t\t<div class=\"elementor-widget-container\">\n\t\t\t\t\t\t\t\t\t<p>Desde 2021, Marfret se enorgullece de patrocinar a Xavier Macaire, un navegante a vela de renombre, que compite en la clase Class 40. Xavier encarna los valores de compromiso, resiliencia y perseverancia, valores que resuenan profundamente con los de nuestra compa\u00f1\u00eda.<\/p>\n<p>En Marfret, estamos apasionadamente comprometidos con la aventura mar\u00edtima, especialmente con la traves\u00eda del Atl\u00e1ntico, una experiencia a menudo olvidada o trivializada por los terr\u00edcolas.<\/p>\n<p>Nuestra asociaci\u00f3n con Xavier Macaire va m\u00e1s all\u00e1 del \u00e1mbito deportivo; tambi\u00e9n representa un compromiso con la reducci\u00f3n de nuestra huella ambiental y la mejora continua de nuestro rendimiento energ\u00e9tico.<\/p>\n<p>Al colaborar con Xavier, nos beneficiamos de su experiencia para optimizar el uso de nuestro sistema v\u00e9lico desplegado en nuestro servicio MPV. Esta colaboraci\u00f3n ha sido todo un \u00e9xito, ya que tuvimos el honor de recibir el Trofeo de la Carta Azul de Armadores de Francia.<\/p>\n<p>Las competiciones en las que apoyamos a Xavier Macaire resuenan con las rutas utilizadas por los barcos de Marfret.<\/p>\n<p>En particular, particip\u00f3 en la Route du Rhum con destino a Guadalupe en 2022 y en la Transat Jacques Vabre en d\u00fao con Pierre Leboucher hacia Martinica en 2023. Martinica y Guadalupe son destinos que Marfret ha servido durante m\u00e1s de 40 a\u00f1os, reforzando as\u00ed los v\u00ednculos entre nuestra compa\u00f1\u00eda y estos territorios insulares.<\/p>\n<p>Esta asociaci\u00f3n demuestra nuestra voluntad de innovar y progresar en el respeto al medio ambiente, al mismo tiempo que apoyamos a atletas talentosos como Xavier Macaire, quienes comparten nuestros valores y nuestra visi\u00f3n de un futuro mar\u00edtimo sostenible.<\/p>\t\t\t\t\t\t\t\t<\/div>\n\t\t\t\t<\/div>\n\t\t\t\t<\/div>\n\t\t<div class=\"elementor-element elementor-element-99128c5 e-con-full e-flex e-con e-child\" data-id=\"99128c5\" data-element_type=\"container\" data-e-type=\"container\">\n\t\t\t\t<div class=\"elementor-element elementor-element-b176b96 elementor-widget elementor-widget-image\" data-id=\"b176b96\" data-element_type=\"widget\" data-e-type=\"widget\" data-widget_type=\"image.default\">\n\t\t\t\t<div class=\"elementor-widget-container\">\n\t\t\t\t\t\t\t\t\t\t\t\t<figure class=\"wp-caption\">\n\t\t\t\t\t\t\t\t\t\t<img decoding=\"async\" src=\"https:\/\/www.marfret.com\/app\/uploads\/elementor\/thumbs\/macaire-site-qntd7lmkv2buc424zs94dz3e1slxu2g52r6hzmx3qk.png\" title=\"macaire-site.png\" alt=\"macaire-site.png\" loading=\"lazy\" \/>\t\t\t\t\t\t\t\t\t\t\t<figcaption class=\"widget-image-caption wp-caption-text\"><\/figcaption>\n\t\t\t\t\t\t\t\t\t\t<\/figure>\n\t\t\t\t\t\t\t\t\t<\/div>\n\t\t\t\t<\/div>\n\t\t\t\t<div class=\"elementor-element elementor-element-6fe47c8 elementor-widget elementor-widget-image\" data-id=\"6fe47c8\" data-element_type=\"widget\" data-e-type=\"widget\" data-widget_type=\"image.default\">\n\t\t\t\t<div class=\"elementor-widget-container\">\n\t\t\t\t\t\t\t\t\t\t\t\t<figure class=\"wp-caption\">\n\t\t\t\t\t\t\t\t\t\t<img decoding=\"async\" src=\"https:\/\/www.marfret.com\/app\/uploads\/elementor\/thumbs\/xavier-macaire-vainqueur-de-la-niji40-qntd7mkf1wd4nq0ruanqyguun6hb1rjvevtzgwvpkc.png\" title=\"xavier-macaire-vainqueur-de-la-niji40.png\" alt=\"xavier-macaire-vainqueur-de-la-niji40.png\" loading=\"lazy\" \/>\t\t\t\t\t\t\t\t\t\t\t<figcaption class=\"widget-image-caption wp-caption-text\"><\/figcaption>\n\t\t\t\t\t\t\t\t\t\t<\/figure>\n\t\t\t\t\t\t\t\t\t<\/div>\n\t\t\t\t<\/div>\n\t\t\t\t<\/div>\n\t\t\t\t\t<\/div>\n\t\t\t\t<\/div>\n\t\t\t\t<\/div>\n\t\t","protected":false},"excerpt":{"rendered":"<p>Mecenazgo Cultural: La acogida de artistas en residencia en el coraz\u00f3n Desde 2007, Marfret se compromete con el mecenazgo cultural acogiendo artistas en residencia. Nuestro objetivo es ofrecer a nuestros colaboradores y a las comunidades portuarias una visi\u00f3n constantemente renovada de nuestra actividad mar\u00edtima. A trav\u00e9s de estas residencias art\u00edsticas, exploramos la complejidad y la [&hellip;]<\/p>\n","protected":false},"author":32,"featured_media":9651,"parent":0,"menu_order":0,"comment_status":"closed","ping_status":"closed","template":"page-full-bandeau-100vh.php","meta":{"_acf_changed":false,"footnotes":""},"class_list":["post-9908","page","type-page","status-publish","has-post-thumbnail","hentry"],"acf":[],"yoast_head":"<!-- This site is optimized with the Yoast SEO plugin v27.4 - https:\/\/yoast.com\/product\/yoast-seo-wordpress\/ -->\n<title>Mecenazgo - Marfret<\/title>\n<meta name=\"description\" content=\"Descubre nuestro compromiso con el mecenazgo, apoyando iniciativas culturales, sociales y educativas para generar un impacto positivo.\" \/>\n<meta name=\"robots\" content=\"index, follow, max-snippet:-1, max-image-preview:large, max-video-preview:-1\" \/>\n<link rel=\"canonical\" href=\"https:\/\/www.marfret.com\/es\/mecenazgo\/\" \/>\n<meta property=\"og:locale\" content=\"es_ES\" \/>\n<meta property=\"og:type\" content=\"article\" \/>\n<meta property=\"og:title\" content=\"Mecenazgo - Marfret\" \/>\n<meta property=\"og:description\" content=\"Descubre nuestro compromiso con el mecenazgo, apoyando iniciativas culturales, sociales y educativas para generar un impacto positivo.\" \/>\n<meta property=\"og:url\" content=\"https:\/\/www.marfret.com\/es\/mecenazgo\/\" \/>\n<meta property=\"og:site_name\" content=\"Marfret\" \/>\n<meta property=\"article:modified_time\" content=\"2025-11-17T13:18:00+00:00\" \/>\n<meta property=\"og:image\" content=\"https:\/\/www.marfret.com\/app\/uploads\/2024\/04\/1043_0220-_troisquarts-scaled-e1712308152142.jpg\" \/>\n\t<meta property=\"og:image:width\" content=\"2560\" \/>\n\t<meta property=\"og:image:height\" content=\"1771\" \/>\n\t<meta property=\"og:image:type\" content=\"image\/jpeg\" \/>\n<meta name=\"twitter:card\" content=\"summary_large_image\" \/>\n<meta name=\"twitter:label1\" content=\"Est. reading time\" \/>\n\t<meta name=\"twitter:data1\" content=\"5 minutes\" \/>\n<script type=\"application\/ld+json\" class=\"yoast-schema-graph\">{\"@context\":\"https:\\\/\\\/schema.org\",\"@graph\":[{\"@type\":\"WebPage\",\"@id\":\"https:\\\/\\\/www.marfret.com\\\/es\\\/mecenazgo\\\/\",\"url\":\"https:\\\/\\\/www.marfret.com\\\/es\\\/mecenazgo\\\/\",\"name\":\"Mecenazgo - Marfret\",\"isPartOf\":{\"@id\":\"https:\\\/\\\/www.marfret.com\\\/#website\"},\"primaryImageOfPage\":{\"@id\":\"https:\\\/\\\/www.marfret.com\\\/es\\\/mecenazgo\\\/#primaryimage\"},\"image\":{\"@id\":\"https:\\\/\\\/www.marfret.com\\\/es\\\/mecenazgo\\\/#primaryimage\"},\"thumbnailUrl\":\"https:\\\/\\\/www.marfret.com\\\/app\\\/uploads\\\/2024\\\/04\\\/1043_0220-_troisquarts-scaled-e1712308152142.jpg\",\"datePublished\":\"2024-04-19T09:51:27+00:00\",\"dateModified\":\"2025-11-17T13:18:00+00:00\",\"description\":\"Descubre nuestro compromiso con el mecenazgo, apoyando iniciativas culturales, sociales y educativas para generar un impacto positivo.\",\"breadcrumb\":{\"@id\":\"https:\\\/\\\/www.marfret.com\\\/es\\\/mecenazgo\\\/#breadcrumb\"},\"inLanguage\":\"es-ES\",\"potentialAction\":[{\"@type\":\"ReadAction\",\"target\":[\"https:\\\/\\\/www.marfret.com\\\/es\\\/mecenazgo\\\/\"]}]},{\"@type\":\"ImageObject\",\"inLanguage\":\"es-ES\",\"@id\":\"https:\\\/\\\/www.marfret.com\\\/es\\\/mecenazgo\\\/#primaryimage\",\"url\":\"https:\\\/\\\/www.marfret.com\\\/app\\\/uploads\\\/2024\\\/04\\\/1043_0220-_troisquarts-scaled-e1712308152142.jpg\",\"contentUrl\":\"https:\\\/\\\/www.marfret.com\\\/app\\\/uploads\\\/2024\\\/04\\\/1043_0220-_troisquarts-scaled-e1712308152142.jpg\",\"width\":2560,\"height\":1771},{\"@type\":\"BreadcrumbList\",\"@id\":\"https:\\\/\\\/www.marfret.com\\\/es\\\/mecenazgo\\\/#breadcrumb\",\"itemListElement\":[{\"@type\":\"ListItem\",\"position\":1,\"name\":\"Accueil\",\"item\":\"https:\\\/\\\/www.marfret.com\\\/es\\\/\"},{\"@type\":\"ListItem\",\"position\":2,\"name\":\"Mecenazgo\"}]},{\"@type\":\"WebSite\",\"@id\":\"https:\\\/\\\/www.marfret.com\\\/#website\",\"url\":\"https:\\\/\\\/www.marfret.com\\\/\",\"name\":\"Marfret\",\"description\":\"Compagnie maritime\",\"potentialAction\":[{\"@type\":\"SearchAction\",\"target\":{\"@type\":\"EntryPoint\",\"urlTemplate\":\"https:\\\/\\\/www.marfret.com\\\/?s={search_term_string}\"},\"query-input\":{\"@type\":\"PropertyValueSpecification\",\"valueRequired\":true,\"valueName\":\"search_term_string\"}}],\"inLanguage\":\"es-ES\"}]}<\/script>\n<!-- \/ Yoast SEO plugin. -->","yoast_head_json":{"title":"Mecenazgo - Marfret","description":"Descubre nuestro compromiso con el mecenazgo, apoyando iniciativas culturales, sociales y educativas para generar un impacto positivo.","robots":{"index":"index","follow":"follow","max-snippet":"max-snippet:-1","max-image-preview":"max-image-preview:large","max-video-preview":"max-video-preview:-1"},"canonical":"https:\/\/www.marfret.com\/es\/mecenazgo\/","og_locale":"es_ES","og_type":"article","og_title":"Mecenazgo - Marfret","og_description":"Descubre nuestro compromiso con el mecenazgo, apoyando iniciativas culturales, sociales y educativas para generar un impacto positivo.","og_url":"https:\/\/www.marfret.com\/es\/mecenazgo\/","og_site_name":"Marfret","article_modified_time":"2025-11-17T13:18:00+00:00","og_image":[{"width":2560,"height":1771,"url":"https:\/\/www.marfret.com\/app\/uploads\/2024\/04\/1043_0220-_troisquarts-scaled-e1712308152142.jpg","type":"image\/jpeg"}],"twitter_card":"summary_large_image","twitter_misc":{"Est. reading time":"5 minutes"},"schema":{"@context":"https:\/\/schema.org","@graph":[{"@type":"WebPage","@id":"https:\/\/www.marfret.com\/es\/mecenazgo\/","url":"https:\/\/www.marfret.com\/es\/mecenazgo\/","name":"Mecenazgo - Marfret","isPartOf":{"@id":"https:\/\/www.marfret.com\/#website"},"primaryImageOfPage":{"@id":"https:\/\/www.marfret.com\/es\/mecenazgo\/#primaryimage"},"image":{"@id":"https:\/\/www.marfret.com\/es\/mecenazgo\/#primaryimage"},"thumbnailUrl":"https:\/\/www.marfret.com\/app\/uploads\/2024\/04\/1043_0220-_troisquarts-scaled-e1712308152142.jpg","datePublished":"2024-04-19T09:51:27+00:00","dateModified":"2025-11-17T13:18:00+00:00","description":"Descubre nuestro compromiso con el mecenazgo, apoyando iniciativas culturales, sociales y educativas para generar un impacto positivo.","breadcrumb":{"@id":"https:\/\/www.marfret.com\/es\/mecenazgo\/#breadcrumb"},"inLanguage":"es-ES","potentialAction":[{"@type":"ReadAction","target":["https:\/\/www.marfret.com\/es\/mecenazgo\/"]}]},{"@type":"ImageObject","inLanguage":"es-ES","@id":"https:\/\/www.marfret.com\/es\/mecenazgo\/#primaryimage","url":"https:\/\/www.marfret.com\/app\/uploads\/2024\/04\/1043_0220-_troisquarts-scaled-e1712308152142.jpg","contentUrl":"https:\/\/www.marfret.com\/app\/uploads\/2024\/04\/1043_0220-_troisquarts-scaled-e1712308152142.jpg","width":2560,"height":1771},{"@type":"BreadcrumbList","@id":"https:\/\/www.marfret.com\/es\/mecenazgo\/#breadcrumb","itemListElement":[{"@type":"ListItem","position":1,"name":"Accueil","item":"https:\/\/www.marfret.com\/es\/"},{"@type":"ListItem","position":2,"name":"Mecenazgo"}]},{"@type":"WebSite","@id":"https:\/\/www.marfret.com\/#website","url":"https:\/\/www.marfret.com\/","name":"Marfret","description":"Compagnie maritime","potentialAction":[{"@type":"SearchAction","target":{"@type":"EntryPoint","urlTemplate":"https:\/\/www.marfret.com\/?s={search_term_string}"},"query-input":{"@type":"PropertyValueSpecification","valueRequired":true,"valueName":"search_term_string"}}],"inLanguage":"es-ES"}]}},"_links":{"self":[{"href":"https:\/\/www.marfret.com\/es\/wp-json\/wp\/v2\/pages\/9908","targetHints":{"allow":["GET"]}}],"collection":[{"href":"https:\/\/www.marfret.com\/es\/wp-json\/wp\/v2\/pages"}],"about":[{"href":"https:\/\/www.marfret.com\/es\/wp-json\/wp\/v2\/types\/page"}],"author":[{"embeddable":true,"href":"https:\/\/www.marfret.com\/es\/wp-json\/wp\/v2\/users\/32"}],"replies":[{"embeddable":true,"href":"https:\/\/www.marfret.com\/es\/wp-json\/wp\/v2\/comments?post=9908"}],"version-history":[{"count":22,"href":"https:\/\/www.marfret.com\/es\/wp-json\/wp\/v2\/pages\/9908\/revisions"}],"predecessor-version":[{"id":13325,"href":"https:\/\/www.marfret.com\/es\/wp-json\/wp\/v2\/pages\/9908\/revisions\/13325"}],"wp:featuredmedia":[{"embeddable":true,"href":"https:\/\/www.marfret.com\/es\/wp-json\/wp\/v2\/media\/9651"}],"wp:attachment":[{"href":"https:\/\/www.marfret.com\/es\/wp-json\/wp\/v2\/media?parent=9908"}],"curies":[{"name":"wp","href":"https:\/\/api.w.org\/{rel}","templated":true}]}}