{"id":9900,"date":"2024-04-19T11:28:07","date_gmt":"2024-04-19T09:28:07","guid":{"rendered":"https:\/\/marfret.epartenaire.com\/nuestra-historia\/"},"modified":"2025-11-17T14:19:26","modified_gmt":"2025-11-17T13:19:26","slug":"nuestra-historia","status":"publish","type":"page","link":"https:\/\/www.marfret.com\/es\/nuestra-historia\/","title":{"rendered":"Nuestra historia"},"content":{"rendered":"\t\t<div data-elementor-type=\"wp-page\" data-elementor-id=\"9900\" class=\"elementor elementor-9900 elementor-8266\" data-elementor-post-type=\"page\">\n\t\t\t\t<div class=\"elementor-element elementor-element-48b90df e-flex e-con-boxed e-con e-parent\" data-id=\"48b90df\" data-element_type=\"container\" data-e-type=\"container\">\n\t\t\t\t\t<div class=\"e-con-inner\">\n\t\t\t\t<div class=\"elementor-element elementor-element-912f1ee elementor-widget elementor-widget-spacer\" data-id=\"912f1ee\" data-element_type=\"widget\" data-e-type=\"widget\" data-widget_type=\"spacer.default\">\n\t\t\t\t<div class=\"elementor-widget-container\">\n\t\t\t\t\t\t\t<div class=\"elementor-spacer\">\n\t\t\t<div class=\"elementor-spacer-inner\"><\/div>\n\t\t<\/div>\n\t\t\t\t\t\t<\/div>\n\t\t\t\t<\/div>\n\t\t\t\t\t<\/div>\n\t\t\t\t<\/div>\n\t\t<div class=\"elementor-element elementor-element-7016a36 e-flex e-con-boxed e-con e-parent\" data-id=\"7016a36\" data-element_type=\"container\" data-e-type=\"container\">\n\t\t\t\t\t<div class=\"e-con-inner\">\n\t\t\t\t<div class=\"elementor-element elementor-element-0193d0b e-transform elementor-widget elementor-widget-heading\" data-id=\"0193d0b\" data-element_type=\"widget\" data-e-type=\"widget\" data-settings=\"{&quot;_transform_scale_effect&quot;:{&quot;unit&quot;:&quot;px&quot;,&quot;size&quot;:&quot;&quot;,&quot;sizes&quot;:[]},&quot;_transform_scale_effect_tablet&quot;:{&quot;unit&quot;:&quot;px&quot;,&quot;size&quot;:&quot;&quot;,&quot;sizes&quot;:[]},&quot;_transform_scale_effect_mobile&quot;:{&quot;unit&quot;:&quot;px&quot;,&quot;size&quot;:&quot;&quot;,&quot;sizes&quot;:[]}}\" data-widget_type=\"heading.default\">\n\t\t\t\t<div class=\"elementor-widget-container\">\n\t\t\t\t\t<h2 class=\"elementor-heading-title elementor-size-default\">\"No hay viento favorable para quien no conoce su puerto\".<\/h2>\t\t\t\t<\/div>\n\t\t\t\t<\/div>\n\t\t\t\t<div class=\"elementor-element elementor-element-a025fa6 elementor-widget elementor-widget-text-editor\" data-id=\"a025fa6\" data-element_type=\"widget\" data-e-type=\"widget\" data-widget_type=\"text-editor.default\">\n\t\t\t\t<div class=\"elementor-widget-container\">\n\t\t\t\t\t\t\t\t\t<p>Esta m\u00e1xima de S\u00e9neca encarna el compromiso de nuestra compa\u00f1\u00eda, decidida a perseguir sus objetivos y visi\u00f3n a largo plazo.<\/p><p>Desde su fundaci\u00f3n, el grupo Marfret siempre ha mirado hacia el horizonte, buscando anticipar los desaf\u00edos futuros e innovar para satisfacer las necesidades de ma\u00f1ana. Mientras navegamos hacia el futuro con determinaci\u00f3n, nos basamos en las lecciones aprendidas a lo largo de los a\u00f1os, a veces en mares agitados, para mantener nuestro rumbo hacia un futuro mar\u00edtimo sostenible.<\/p><p>En un sector dominado por la globalizaci\u00f3n de los intercambios y la creciente concentraci\u00f3n, la independencia y la capacidad de respuesta de Marfret garantizan la libertad de elecci\u00f3n de sus clientes, ofreci\u00e9ndoles al mismo tiempo un alto nivel de servicios.<\/p><p>Nuestra compa\u00f1\u00eda naci\u00f3 en Marsella a principios de la d\u00e9cada de 1950. Varias d\u00e9cadas intensas y llenas de eventos han hecho de Marsella Fret, y luego de Marfret a partir de 1987, una empresa mar\u00edtima \u00fanica, una empresa familiar presente en unos treinta pa\u00edses en todo el mundo.<\/p>\t\t\t\t\t\t\t\t<\/div>\n\t\t\t\t<\/div>\n\t\t\t\t\t<\/div>\n\t\t\t\t<\/div>\n\t\t<div class=\"elementor-element elementor-element-ba3e11d e-flex e-con-boxed e-con e-parent\" data-id=\"ba3e11d\" data-element_type=\"container\" data-e-type=\"container\">\n\t\t\t\t\t<div class=\"e-con-inner\">\n\t\t\t\t<div class=\"elementor-element elementor-element-1ab60b6 elementor-widget elementor-widget-timeline-widget-addon\" data-id=\"1ab60b6\" data-element_type=\"widget\" data-e-type=\"widget\" data-widget_type=\"timeline-widget-addon.default\">\n\t\t\t\t<div class=\"elementor-widget-container\">\n\t\t\t\t\t<!-- ========= Timeline Widget Addon For Elementor 1.6.24 ========= -->\n<div id=\"twae-wrapper-1ab60b6\" class=\"twae-vertical twae-wrapper  twae-both-sided\">   \n    <div class=\"twae-start\"><\/div>    \n    <div id=\"twea-timeline-1ab60b6\" class=\"twae-timeline\" ><!-- Start of Story Repeater Content --><div id=\"story-9e110a2\" class=\"twae-story twae-repeater-item twae-story-right twae-story-no-icon\"><!-- Story Label --><div class=\"twae-labels\"><div class=\"twae-label-big\">1950-1960 <\/div><\/div><!-- Story Icon --><div class=\"twae-icon\"><i aria-hidden=\"true\" class=\"far fa-clock\"><\/i><\/div><!-- Story Arrow --><div class=\"twae-arrow\"><\/div><!-- Start of Story Content --><div class=\"twae-content\"><!-- Story Title --><div class=\"twae-title\">TRAMPING EN EL MEDITERR\u00c1NEO<\/div><!-- Story Image --><div class=\"twae-media medium\"><img fetchpriority=\"high\" decoding=\"async\" width=\"300\" height=\"167\" src=\"https:\/\/www.marfret.com\/app\/uploads\/2024\/04\/douce-france-i-300x167.jpeg\" class=\"attachment-medium size-medium\" alt=\"\" srcset=\"https:\/\/www.marfret.com\/app\/uploads\/2024\/04\/douce-france-i-300x167.jpeg 300w, https:\/\/www.marfret.com\/app\/uploads\/2024\/04\/douce-france-i-768x428.jpeg 768w, https:\/\/www.marfret.com\/app\/uploads\/2024\/04\/douce-france-i.jpeg 828w\" sizes=\"(max-width: 300px) 100vw, 300px\" \/><\/div><!-- Story Description --><div class=\"twae-description\"><p>Fue en 1951 cuando Claude Vidil y Pierre Giraud decidieron fundar su compa\u00f1\u00eda mar\u00edtima, Marseille-Fret. Comenzaron arrendando un barco pesquero island\u00e9s, el \"Douce France\", que transportaba mercanc\u00edas como tejas, garrafas de gas, corchos, sacos de cemento, entre Marsella, Argelia y T\u00fanez, con un retorno por C\u00f3rcega. Los dos empresarios pronto compraron sus primeros barcos para realizar tramping en el Mediterr\u00e1neo, aceptando todo tipo de cargamentos que no eran compatibles con las compa\u00f1\u00edas de l\u00edneas regulares:&nbsp;<\/p>\n<ul>\n<li>el \u201cC\u00f4te des L\u00e9gendes\u201d en 1955<\/li>\n<li>el \u201cVille de Saint-Pierre\u201d en 1956<\/li>\n<li>el \u201cDouce France II\u201d en 1960<\/li>\n<\/ul><\/div><\/div><\/div><!-- Start of Story Repeater Content --><div id=\"story-e67908c\" class=\"twae-story twae-repeater-item twae-story-left twae-story-no-icon\"><!-- Story Label --><div class=\"twae-labels\"><div class=\"twae-label-big\">1960-1980 <\/div><\/div><!-- Story Icon --><div class=\"twae-icon\"><i aria-hidden=\"true\" class=\"far fa-clock\"><\/i><\/div><!-- Story Arrow --><div class=\"twae-arrow\"><\/div><!-- Start of Story Content --><div class=\"twae-content\"><!-- Story Title --><div class=\"twae-title\">EL DESARROLLO EN EL MEDITERR\u00c1NEO ORIENTAL<\/div><!-- Story Description --><div class=\"twae-description\"><p style=\"text-align: right\">El comienzo de los a\u00f1os 1960 es inseparable de la descolonizaci\u00f3n y su corolario en el \u00e1mbito mar\u00edtimo, la creaci\u00f3n de flotas estatales en el norte de \u00c1frica. Las Conferencias bilaterales distribuyen entonces el transporte del comercio exterior siguiendo un sistema poco favorable para los j\u00f3venes emprendedores en general y para Marseille-Fret en particular, basado en las cargas realizadas en el pasado. Por lo tanto, el per\u00edodo es dif\u00edcil.<\/p>\n<p style=\"text-align: right\">Buscando nuevos horizontes, los directivos crean un servicio hacia Libia y desarrollan su red comercial, con la apertura de agencias en Par\u00eds, Ruan y Dunkerque. Para permitir este desarrollo, la compa\u00f1\u00eda ampl\u00eda su flota.<\/p>\n<p style=\"text-align: right\">Este per\u00edodo termina con un evento significativo en la vida de la empresa: en octubre de 1979, el gobierno libio incauta el buque insignia de la compa\u00f1\u00eda, el \"Rove\", mientras estaba atracado en Bengasi. Para Marseille-Fret, el futuro en el Mediterr\u00e1neo parece entonces fuertemente comprometido.<\/p><\/div><\/div><\/div><!-- Start of Story Repeater Content --><div id=\"story-886b61e\" class=\"twae-story twae-repeater-item twae-story-right twae-story-no-icon\"><!-- Story Label --><div class=\"twae-labels\"><div class=\"twae-label-big\">1980-1995 <\/div><\/div><!-- Story Icon --><div class=\"twae-icon\"><i aria-hidden=\"true\" class=\"far fa-clock\"><\/i><\/div><!-- Story Arrow --><div class=\"twae-arrow\"><\/div><!-- Start of Story Content --><div class=\"twae-content\"><!-- Story Title --><div class=\"twae-title\">UN GIRO ESTRAT\u00c9GICO: SALIR DEL MEDITERR\u00c1NEO CON LAS L\u00cdNEAS REGULARES<\/div><!-- Story Image --><div class=\"twae-media medium\"><img decoding=\"async\" width=\"300\" height=\"169\" src=\"https:\/\/www.marfret.com\/app\/uploads\/2024\/03\/4-2-300x169.jpg\" class=\"attachment-medium size-medium\" alt=\"\" srcset=\"https:\/\/www.marfret.com\/app\/uploads\/2024\/03\/4-2-300x169.jpg 300w, https:\/\/www.marfret.com\/app\/uploads\/2024\/03\/4-2-1024x576.jpg 1024w, https:\/\/www.marfret.com\/app\/uploads\/2024\/03\/4-2-768x432.jpg 768w, https:\/\/www.marfret.com\/app\/uploads\/2024\/03\/4-2-1536x864.jpg 1536w, https:\/\/www.marfret.com\/app\/uploads\/2024\/03\/4-2-2048x1152.jpg 2048w\" sizes=\"(max-width: 300px) 100vw, 300px\" \/><\/div><!-- Story Description --><div class=\"twae-description\"><p>A principios de los a\u00f1os 80, Marseille-Fret se lanza al servicio de l\u00ednea regular. Respondiendo a la demanda del Puerto Aut\u00f3nomo de Ruan, la compa\u00f1\u00eda se embarca en la explotaci\u00f3n de la l\u00ednea Ruan-Antillas en contenedores. Despu\u00e9s de unos comienzos dif\u00edciles, los resultados de la l\u00ednea mejoran y se abren otras l\u00edneas. As\u00ed, en 1984, se abre una l\u00ednea con destino a Canad\u00e1.<\/p><p><br \/>En 1987, las actividades se separan: Marseille-Fret se convierte en una holding, manteniendo la propiedad de los barcos. Se crea Marfret para asegurar la explotaci\u00f3n de las l\u00edneas.<\/p><p>Marfret contin\u00faa ampliando la oferta de servicios en otros oc\u00e9anos. Ya en 1987, se crea una l\u00ednea desde el Mediterr\u00e1neo hacia Venezuela, Colombia y las islas del Caribe.<\/p><\/div><\/div><\/div><!-- Start of Story Repeater Content --><div id=\"story-95e0b28\" class=\"twae-story twae-repeater-item twae-story-left twae-story-no-icon\"><!-- Story Label --><div class=\"twae-labels\"><div class=\"twae-label-big\">1995-2000 <\/div><\/div><!-- Story Icon --><div class=\"twae-icon\"><i aria-hidden=\"true\" class=\"far fa-clock\"><\/i><\/div><!-- Story Arrow --><div class=\"twae-arrow\"><\/div><!-- Start of Story Content --><div class=\"twae-content\"><!-- Story Title --><div class=\"twae-title\">MARFRET \u00abSMALL GLOBAL CARRIER\u00bb<\/div><!-- Story Description --><div class=\"twae-description\"><p style=\"text-align: right\">A partir de mediados de los a\u00f1os 1990, comienza el per\u00edodo de \"florecimiento\" de la compa\u00f1\u00eda. Marfret elige el camino de la alianza acerc\u00e1ndose a sus competidores (CMA CGM, Sudcargos, Maersk, Contship, etc.) para intentar construir soluciones de servicio com\u00fan donde las ventajas son m\u00faltiples: econom\u00edas de escala adicionales gracias a la explotaci\u00f3n de buques m\u00e1s grandes, mejora de la frecuencia de los servicios...<\/p><p style=\"text-align: right\">La empresa multiplica entonces la apertura de l\u00edneas regulares al tiempo que consolida la oferta ya existente: Marsella \/ Argelia-T\u00fanez, Europa del Norte \/ Guayana-Norte de Brasil, Europa del Norte \/ Canad\u00e1, Europa del Norte \/ Antillas Francesas, Vuelta al Mundo, Europa del Norte \/ Colombia, Mediterr\u00e1neo \/ Caribe, Irlanda (Le Havre \/ Waterford). Marfret est\u00e1 ahora presente en todos los continentes gracias a su red de agentes repartidos en 35 pa\u00edses y 5 departamentos y territorios de ultramar. La empresa adquiere en 1996 un nuevo buque, el \u201cProvidence\u201d.<\/p><\/div><\/div><\/div><!-- Start of Story Repeater Content --><div id=\"story-2b5c12b\" class=\"twae-story twae-repeater-item twae-story-right twae-story-no-icon\"><!-- Story Label --><div class=\"twae-labels\"><div class=\"twae-label-big\">2000-2005<\/div><\/div><!-- Story Icon --><div class=\"twae-icon\"><i aria-hidden=\"true\" class=\"far fa-clock\"><\/i><\/div><!-- Story Arrow --><div class=\"twae-arrow\"><\/div><!-- Start of Story Content --><div class=\"twae-content\"><!-- Story Title --><div class=\"twae-title\">REGRESO AL CABOTAJE<\/div><!-- Story Description --><div class=\"twae-description\"><p>Despu\u00e9s de desarrollar l\u00edneas regulares Este\/Oeste, Marfret retoma varias iniciativas de l\u00edneas cortas Norte\/Sur:<\/p><ul><li>lanzamiento del servicio interinsular Ferrymar entre Guadalupe y Martinica<\/li><li>servicio Antillas-Guyana v\u00eda Trinidad como complemento de la l\u00ednea Europa del Norte-Guyana-Norte de Brasil<\/li><\/ul><\/div><\/div><\/div><!-- Start of Story Repeater Content --><div id=\"story-e191230\" class=\"twae-story twae-repeater-item twae-story-left twae-story-no-icon\"><!-- Story Label --><div class=\"twae-labels\"><div class=\"twae-label-big\">2005 - 2015 <\/div><\/div><!-- Story Icon --><div class=\"twae-icon\"><i aria-hidden=\"true\" class=\"far fa-clock\"><\/i><\/div><!-- Story Arrow --><div class=\"twae-arrow\"><\/div><!-- Start of Story Content --><div class=\"twae-content\"><!-- Story Title --><div class=\"twae-title\"> Marfret frente a los Desaf\u00edos del Transporte Mar\u00edtimo<\/div><!-- Story Description --><div class=\"twae-description\"><p style=\"text-align: right\">El mercado experiment\u00f3 en 2005 una amplificaci\u00f3n de los fen\u00f3menos de concentraci\u00f3n con la aparici\u00f3n de \"super-armadores\" que ahora dominan el sector. Algunas de estas adquisiciones tuvieron repercusiones directas en las alianzas en las que Marfret era socio, y tuvieron que hacer nuevos acuerdos.<\/p>\n<p style=\"text-align: right\">Marfret contin\u00faa su expansi\u00f3n en Francia y a nivel internacional abriendo establecimientos secundarios en Le Havre (2003), Guayana Francesa (2005), Par\u00eds, Estados Unidos y Argelia (2006).<\/p>\n<p style=\"text-align: right\">En 2005, Marfret crea FluvioFeeder y se posiciona como uno de los l\u00edderes en el transporte fluvial y multimodal de contenedores en el Sena.<\/p>\n<p style=\"text-align: right\">En 2008, el Grupo completa su plan de inversi\u00f3n de cinco a\u00f1os para la renovaci\u00f3n de la flota, por un total de 185 millones de euros.<\/p><\/div><\/div><\/div><!-- Start of Story Repeater Content --><div id=\"story-bdf6767\" class=\"twae-story twae-repeater-item twae-story-right twae-story-no-icon\"><!-- Story Label --><div class=\"twae-labels\"><div class=\"twae-label-big\">2015-2024<\/div><\/div><!-- Story Icon --><div class=\"twae-icon\"><i aria-hidden=\"true\" class=\"far fa-clock\"><\/i><\/div><!-- Story Arrow --><div class=\"twae-arrow\"><\/div><!-- Start of Story Content --><div class=\"twae-content\"><!-- Story Title --><div class=\"twae-title\">Rumbo al Futuro - Resiliencia y Adaptabilidad en un Mundo en Transformaci\u00f3n<\/div><!-- Story Description --><div class=\"twae-description\"><p>El per\u00edodo est\u00e1 marcado por desaf\u00edos importantes: huelgas en los puertos franceses, la pandemia de Covid-19, la guerra en Ucrania, la crisis energ\u00e9tica y la crisis clim\u00e1tica que afecta notablemente el paso por el canal de Panam\u00e1. Es en marejadas fuertes cuando se pone a prueba la solidez y la resistencia de un barco. Marfret no solo ha sabido mantener el rumbo en sus l\u00edneas existentes, sino que tambi\u00e9n se ha abierto a nuevos horizontes con el lanzamiento del \"Multipurpose Vessel Service\", un servicio convencional que conecta Le Havre y Amberes con Guayana y las Antillas, y la creaci\u00f3n de una l\u00ednea entre Egipto e Italia.<\/p>\n<p>Adem\u00e1s, hemos reforzado nuestras posiciones en la zona de las Antillas proporcionando una mayor capacidad, compensando la salida del operador Maersk. Marfret sigue siendo fiel a esta ruta hist\u00f3rica.<\/p>\n<p>Durante los \u00faltimos cinco a\u00f1os, Marfret ha realizado un trabajo profundo en la direcci\u00f3n de sistemas de informaci\u00f3n para pasar a una oferta de servicios basada en plataformas en modo SaaS. El \"Software as a Service\" constituye una respuesta resiliente y segura en un contexto de aumento de amenazas cibern\u00e9ticas. Nuestros equipos, liberadas de ciertas tareas repetitivas y que consumen mucho tiempo, est\u00e1n as\u00ed movilizadas para ofrecer soluciones de transporte personalizadas con mayor valor agregado. El e-booking se implementar\u00e1 durante el primer trimestre de 2024 para que nuestros clientes puedan acceder a esta opci\u00f3n complementaria de reserva de carga las 24 horas del d\u00eda, los 7 d\u00edas de la semana. El objetivo es adaptarse a sus restricciones mientras se mantienen las fortalezas que hacen de Marfret una empresa destacada: equipos disponibles para asistirle en todo momento.<\/p>\n<p>Marfret invierte en su transici\u00f3n energ\u00e9tica: nuestra acci\u00f3n para la descarbonizaci\u00f3n de nuestra actividad ha sido reconocida por Armador de Francia, que nos otorg\u00f3 el Trofeo de la Carta Azul por el sistema de propulsi\u00f3n a vela que hemos elegido integrar en nuestro servicio MPV. Utilizar la fuerza del viento, esta energ\u00eda limpia, gratuita e inagotable, como una ayuda valiosa para la navegaci\u00f3n\u2026 Despu\u00e9s de meses de estudios, Marfret concret\u00f3 este proyecto equipando al Marfret Niolon con cuatro turbovelas que permiten reducir el consumo de combustible en un 10 a 15%.<\/p>\n<p>En un momento de conciencia global sobre los desaf\u00edos clim\u00e1ticos, Marfret pretende contribuir al esfuerzo colectivo.<\/p><\/div><\/div><\/div><\/div>\n    <div class=\"twae-end\"><\/div>\n    <\/div><style type=\"text\/css\">@media (max-width: 1024px){ .twae-wrapper{--tw-ybx-size: 80px !important;}}@media (max-width: 767px){ .twae-wrapper{--tw-ybx-size: 80px !important}}<\/style>\t\t\t\t<\/div>\n\t\t\t\t<\/div>\n\t\t\t\t\t<\/div>\n\t\t\t\t<\/div>\n\t\t\t\t<\/div>\n\t\t","protected":false},"excerpt":{"rendered":"<p>&#8220;No hay viento favorable para quien no conoce su puerto&#8221;. Esta m\u00e1xima de S\u00e9neca encarna el compromiso de nuestra compa\u00f1\u00eda, decidida a perseguir sus objetivos y visi\u00f3n a largo plazo. Desde su fundaci\u00f3n, el grupo Marfret siempre ha mirado hacia el horizonte, buscando anticipar los desaf\u00edos futuros e innovar para satisfacer las necesidades de ma\u00f1ana. [&hellip;]<\/p>\n","protected":false},"author":32,"featured_media":9037,"parent":0,"menu_order":0,"comment_status":"closed","ping_status":"closed","template":"page-full-bandeau-100vh.php","meta":{"_acf_changed":false,"footnotes":""},"class_list":["post-9900","page","type-page","status-publish","has-post-thumbnail","hentry"],"acf":[],"yoast_head":"<!-- This site is optimized with the Yoast SEO plugin v27.4 - https:\/\/yoast.com\/product\/yoast-seo-wordpress\/ -->\n<title>Nuestra historia - Marfret<\/title>\n<meta name=\"description\" content=\"Descubre la historia de Marfret, una compa\u00f1\u00eda mar\u00edtima familiar desde 1950, con visi\u00f3n de futuro, innovaci\u00f3n y presencia en m\u00e1s de 30 pa\u00edses.\" \/>\n<meta name=\"robots\" content=\"index, follow, max-snippet:-1, max-image-preview:large, max-video-preview:-1\" \/>\n<link rel=\"canonical\" href=\"https:\/\/www.marfret.com\/es\/nuestra-historia\/\" \/>\n<meta property=\"og:locale\" content=\"es_ES\" \/>\n<meta property=\"og:type\" content=\"article\" \/>\n<meta property=\"og:title\" content=\"Nuestra historia - Marfret\" \/>\n<meta property=\"og:description\" content=\"Descubre la historia de Marfret, una compa\u00f1\u00eda mar\u00edtima familiar desde 1950, con visi\u00f3n de futuro, innovaci\u00f3n y presencia en m\u00e1s de 30 pa\u00edses.\" \/>\n<meta property=\"og:url\" content=\"https:\/\/www.marfret.com\/es\/nuestra-historia\/\" \/>\n<meta property=\"og:site_name\" content=\"Marfret\" \/>\n<meta property=\"article:modified_time\" content=\"2025-11-17T13:19:26+00:00\" \/>\n<meta property=\"og:image\" content=\"https:\/\/www.marfret.com\/app\/uploads\/2024\/03\/2-1-e1709917386941.jpg\" \/>\n\t<meta property=\"og:image:width\" content=\"2560\" \/>\n\t<meta property=\"og:image:height\" content=\"1440\" \/>\n\t<meta property=\"og:image:type\" content=\"image\/jpeg\" \/>\n<meta name=\"twitter:card\" content=\"summary_large_image\" \/>\n<meta name=\"twitter:label1\" content=\"Est. reading time\" \/>\n\t<meta name=\"twitter:data1\" content=\"8 minutes\" \/>\n<script type=\"application\/ld+json\" class=\"yoast-schema-graph\">{\"@context\":\"https:\\\/\\\/schema.org\",\"@graph\":[{\"@type\":\"WebPage\",\"@id\":\"https:\\\/\\\/www.marfret.com\\\/es\\\/nuestra-historia\\\/\",\"url\":\"https:\\\/\\\/www.marfret.com\\\/es\\\/nuestra-historia\\\/\",\"name\":\"Nuestra historia - Marfret\",\"isPartOf\":{\"@id\":\"https:\\\/\\\/www.marfret.com\\\/#website\"},\"primaryImageOfPage\":{\"@id\":\"https:\\\/\\\/www.marfret.com\\\/es\\\/nuestra-historia\\\/#primaryimage\"},\"image\":{\"@id\":\"https:\\\/\\\/www.marfret.com\\\/es\\\/nuestra-historia\\\/#primaryimage\"},\"thumbnailUrl\":\"https:\\\/\\\/www.marfret.com\\\/app\\\/uploads\\\/2024\\\/03\\\/2-1-e1709917386941.jpg\",\"datePublished\":\"2024-04-19T09:28:07+00:00\",\"dateModified\":\"2025-11-17T13:19:26+00:00\",\"description\":\"Descubre la historia de Marfret, una compa\u00f1\u00eda mar\u00edtima familiar desde 1950, con visi\u00f3n de futuro, innovaci\u00f3n y presencia en m\u00e1s de 30 pa\u00edses.\",\"breadcrumb\":{\"@id\":\"https:\\\/\\\/www.marfret.com\\\/es\\\/nuestra-historia\\\/#breadcrumb\"},\"inLanguage\":\"es-ES\",\"potentialAction\":[{\"@type\":\"ReadAction\",\"target\":[\"https:\\\/\\\/www.marfret.com\\\/es\\\/nuestra-historia\\\/\"]}]},{\"@type\":\"ImageObject\",\"inLanguage\":\"es-ES\",\"@id\":\"https:\\\/\\\/www.marfret.com\\\/es\\\/nuestra-historia\\\/#primaryimage\",\"url\":\"https:\\\/\\\/www.marfret.com\\\/app\\\/uploads\\\/2024\\\/03\\\/2-1-e1709917386941.jpg\",\"contentUrl\":\"https:\\\/\\\/www.marfret.com\\\/app\\\/uploads\\\/2024\\\/03\\\/2-1-e1709917386941.jpg\",\"width\":2560,\"height\":1440},{\"@type\":\"BreadcrumbList\",\"@id\":\"https:\\\/\\\/www.marfret.com\\\/es\\\/nuestra-historia\\\/#breadcrumb\",\"itemListElement\":[{\"@type\":\"ListItem\",\"position\":1,\"name\":\"Accueil\",\"item\":\"https:\\\/\\\/www.marfret.com\\\/es\\\/\"},{\"@type\":\"ListItem\",\"position\":2,\"name\":\"Nuestra historia\"}]},{\"@type\":\"WebSite\",\"@id\":\"https:\\\/\\\/www.marfret.com\\\/#website\",\"url\":\"https:\\\/\\\/www.marfret.com\\\/\",\"name\":\"Marfret\",\"description\":\"Compagnie maritime\",\"potentialAction\":[{\"@type\":\"SearchAction\",\"target\":{\"@type\":\"EntryPoint\",\"urlTemplate\":\"https:\\\/\\\/www.marfret.com\\\/?s={search_term_string}\"},\"query-input\":{\"@type\":\"PropertyValueSpecification\",\"valueRequired\":true,\"valueName\":\"search_term_string\"}}],\"inLanguage\":\"es-ES\"}]}<\/script>\n<!-- \/ Yoast SEO plugin. -->","yoast_head_json":{"title":"Nuestra historia - Marfret","description":"Descubre la historia de Marfret, una compa\u00f1\u00eda mar\u00edtima familiar desde 1950, con visi\u00f3n de futuro, innovaci\u00f3n y presencia en m\u00e1s de 30 pa\u00edses.","robots":{"index":"index","follow":"follow","max-snippet":"max-snippet:-1","max-image-preview":"max-image-preview:large","max-video-preview":"max-video-preview:-1"},"canonical":"https:\/\/www.marfret.com\/es\/nuestra-historia\/","og_locale":"es_ES","og_type":"article","og_title":"Nuestra historia - Marfret","og_description":"Descubre la historia de Marfret, una compa\u00f1\u00eda mar\u00edtima familiar desde 1950, con visi\u00f3n de futuro, innovaci\u00f3n y presencia en m\u00e1s de 30 pa\u00edses.","og_url":"https:\/\/www.marfret.com\/es\/nuestra-historia\/","og_site_name":"Marfret","article_modified_time":"2025-11-17T13:19:26+00:00","og_image":[{"width":2560,"height":1440,"url":"https:\/\/www.marfret.com\/app\/uploads\/2024\/03\/2-1-e1709917386941.jpg","type":"image\/jpeg"}],"twitter_card":"summary_large_image","twitter_misc":{"Est. reading time":"8 minutes"},"schema":{"@context":"https:\/\/schema.org","@graph":[{"@type":"WebPage","@id":"https:\/\/www.marfret.com\/es\/nuestra-historia\/","url":"https:\/\/www.marfret.com\/es\/nuestra-historia\/","name":"Nuestra historia - Marfret","isPartOf":{"@id":"https:\/\/www.marfret.com\/#website"},"primaryImageOfPage":{"@id":"https:\/\/www.marfret.com\/es\/nuestra-historia\/#primaryimage"},"image":{"@id":"https:\/\/www.marfret.com\/es\/nuestra-historia\/#primaryimage"},"thumbnailUrl":"https:\/\/www.marfret.com\/app\/uploads\/2024\/03\/2-1-e1709917386941.jpg","datePublished":"2024-04-19T09:28:07+00:00","dateModified":"2025-11-17T13:19:26+00:00","description":"Descubre la historia de Marfret, una compa\u00f1\u00eda mar\u00edtima familiar desde 1950, con visi\u00f3n de futuro, innovaci\u00f3n y presencia en m\u00e1s de 30 pa\u00edses.","breadcrumb":{"@id":"https:\/\/www.marfret.com\/es\/nuestra-historia\/#breadcrumb"},"inLanguage":"es-ES","potentialAction":[{"@type":"ReadAction","target":["https:\/\/www.marfret.com\/es\/nuestra-historia\/"]}]},{"@type":"ImageObject","inLanguage":"es-ES","@id":"https:\/\/www.marfret.com\/es\/nuestra-historia\/#primaryimage","url":"https:\/\/www.marfret.com\/app\/uploads\/2024\/03\/2-1-e1709917386941.jpg","contentUrl":"https:\/\/www.marfret.com\/app\/uploads\/2024\/03\/2-1-e1709917386941.jpg","width":2560,"height":1440},{"@type":"BreadcrumbList","@id":"https:\/\/www.marfret.com\/es\/nuestra-historia\/#breadcrumb","itemListElement":[{"@type":"ListItem","position":1,"name":"Accueil","item":"https:\/\/www.marfret.com\/es\/"},{"@type":"ListItem","position":2,"name":"Nuestra historia"}]},{"@type":"WebSite","@id":"https:\/\/www.marfret.com\/#website","url":"https:\/\/www.marfret.com\/","name":"Marfret","description":"Compagnie maritime","potentialAction":[{"@type":"SearchAction","target":{"@type":"EntryPoint","urlTemplate":"https:\/\/www.marfret.com\/?s={search_term_string}"},"query-input":{"@type":"PropertyValueSpecification","valueRequired":true,"valueName":"search_term_string"}}],"inLanguage":"es-ES"}]}},"_links":{"self":[{"href":"https:\/\/www.marfret.com\/es\/wp-json\/wp\/v2\/pages\/9900","targetHints":{"allow":["GET"]}}],"collection":[{"href":"https:\/\/www.marfret.com\/es\/wp-json\/wp\/v2\/pages"}],"about":[{"href":"https:\/\/www.marfret.com\/es\/wp-json\/wp\/v2\/types\/page"}],"author":[{"embeddable":true,"href":"https:\/\/www.marfret.com\/es\/wp-json\/wp\/v2\/users\/32"}],"replies":[{"embeddable":true,"href":"https:\/\/www.marfret.com\/es\/wp-json\/wp\/v2\/comments?post=9900"}],"version-history":[{"count":51,"href":"https:\/\/www.marfret.com\/es\/wp-json\/wp\/v2\/pages\/9900\/revisions"}],"predecessor-version":[{"id":13298,"href":"https:\/\/www.marfret.com\/es\/wp-json\/wp\/v2\/pages\/9900\/revisions\/13298"}],"wp:featuredmedia":[{"embeddable":true,"href":"https:\/\/www.marfret.com\/es\/wp-json\/wp\/v2\/media\/9037"}],"wp:attachment":[{"href":"https:\/\/www.marfret.com\/es\/wp-json\/wp\/v2\/media?parent=9900"}],"curies":[{"name":"wp","href":"https:\/\/api.w.org\/{rel}","templated":true}]}}