{"id":8848,"date":"2024-03-08T14:01:19","date_gmt":"2024-03-08T13:01:19","guid":{"rendered":"https:\/\/marfret.epartenaire.com\/accueil\/"},"modified":"2025-11-19T11:20:45","modified_gmt":"2025-11-19T10:20:45","slug":"accueil","status":"publish","type":"page","link":"https:\/\/www.marfret.com\/es\/","title":{"rendered":"Inicio"},"content":{"rendered":"\t\t<div data-elementor-type=\"wp-page\" data-elementor-id=\"8848\" class=\"elementor elementor-8848 elementor-2\" data-elementor-post-type=\"page\">\n\t\t\t\t<div class=\"elementor-element elementor-element-f70d2ac e-flex e-con-boxed e-con e-parent\" data-id=\"f70d2ac\" data-element_type=\"container\" data-e-type=\"container\" data-settings=\"{&quot;background_background&quot;:&quot;classic&quot;}\">\n\t\t\t\t\t<div class=\"e-con-inner\">\n\t\t<div class=\"elementor-element elementor-element-4273452 e-con-full e-flex e-con e-child\" data-id=\"4273452\" data-element_type=\"container\" data-e-type=\"container\">\n\t\t\t\t<div class=\"elementor-element elementor-element-668c74c elementor-widget elementor-widget-heading\" data-id=\"668c74c\" data-element_type=\"widget\" data-e-type=\"widget\" data-widget_type=\"heading.default\">\n\t\t\t\t<div class=\"elementor-widget-container\">\n\t\t\t\t\t<h2 class=\"elementor-heading-title elementor-size-default\">Marfret, en el coraz\u00f3n del intercambio<\/h2>\t\t\t\t<\/div>\n\t\t\t\t<\/div>\n\t\t\t\t<div class=\"elementor-element elementor-element-83a26b2 elementor-widget elementor-widget-text-editor\" data-id=\"83a26b2\" data-element_type=\"widget\" data-e-type=\"widget\" data-widget_type=\"text-editor.default\">\n\t\t\t\t<div class=\"elementor-widget-container\">\n\t\t\t\t\t\t\t\t\t<p>MARFRET es una empresa de transporte y log\u00edstica especializada en el \u00e1mbito mar\u00edtimo y multimodal. Fundada en 1951, hoy en d\u00eda es un actor clave en el sector, ofreciendo servicios de transporte de mercanc\u00edas a nivel internacional. La empresa se distingue por su experiencia en log\u00edstica y su capacidad para proporcionar soluciones personalizadas a sus clientes.<\/p>\n<p>Externamente, MARFRET mantiene relaciones estrechas con sus socios comerciales, incluyendo compa\u00f1\u00edas navieras, transitarios y clientes. La empresa apuesta por la transparencia y la comunicaci\u00f3n para asegurar intercambios fluidos y eficientes. Gracias a su red global de colaboradores, MARFRET ofrece servicios de transporte de alta calidad a clientes de diversos sectores.<\/p>\n<p>Internamente, MARFRET fomenta la colaboraci\u00f3n entre equipos y valora la escucha y el intercambio de experiencias para impulsar la innovaci\u00f3n y la creatividad. Se alienta a los colaboradores a trabajar juntos y compartir conocimientos para mejorar continuamente los procesos y servicios de la empresa.<\/p>\n<p>Como empresa responsable, MARFRET da gran importancia a los intercambios con partes interesadas externas, especialmente en t\u00e9rminos de desarrollo sostenible. Se compromete a reducir su impacto ambiental y promover pr\u00e1cticas responsables en toda su cadena de valor. Colabora con proveedores y clientes para implementar soluciones sostenibles y respetuosas con el medio ambiente.<\/p>\n<p>En resumen, MARFRET es una empresa din\u00e1mica e innovadora que apuesta por los intercambios, tanto internos como externos, para garantizar su crecimiento y sostenibilidad. Favoreciendo la comunicaci\u00f3n, la colaboraci\u00f3n y el intercambio, la empresa sigue una trayectoria de mejora continua y responsabilidad social y ambiental.<\/p>\n\t\t\t\t\t\t\t\t<\/div>\n\t\t\t\t<\/div>\n\t\t\t\t<div class=\"elementor-element elementor-element-41ad3a1 elementor-widget elementor-widget-html\" data-id=\"41ad3a1\" data-element_type=\"widget\" data-e-type=\"widget\" data-widget_type=\"html.default\">\n\t\t\t\t<div class=\"elementor-widget-container\">\n\t\t\t\t\t<div class=\"text-center\">\r\n<a target=\"_blank\" class=\"bouton bouton-orange\" href=\"\/app\/uploads\/2024\/03\/marfret_plaq_fr.pdf\">Descargue nuestro folleto<\/a>\r\n<a class=\"bouton bouton-orange\" href=\"\/edito\/\">M\u00e1s informaci\u00f3n<\/a>\r\n<\/div>\t\t\t\t<\/div>\n\t\t\t\t<\/div>\n\t\t\t\t<\/div>\n\t\t<div class=\"elementor-element elementor-element-ddc809a e-con-full e-flex e-con e-child\" data-id=\"ddc809a\" data-element_type=\"container\" data-e-type=\"container\" data-settings=\"{&quot;background_background&quot;:&quot;classic&quot;}\">\n\t\t\t\t<\/div>\n\t\t\t\t\t<\/div>\n\t\t\t\t<\/div>\n\t\t\t\t<\/div>\n\t\t","protected":false},"excerpt":{"rendered":"<p>Marfret, en el coraz\u00f3n del intercambio MARFRET es una empresa de transporte y log\u00edstica especializada en el \u00e1mbito mar\u00edtimo y multimodal. Fundada en 1951, hoy en d\u00eda es un actor clave en el sector, ofreciendo servicios de transporte de mercanc\u00edas a nivel internacional. La empresa se distingue por su experiencia en log\u00edstica y su capacidad [&hellip;]<\/p>\n","protected":false},"author":31,"featured_media":0,"parent":0,"menu_order":0,"comment_status":"closed","ping_status":"closed","template":"page-index.php","meta":{"_acf_changed":false,"footnotes":""},"class_list":["post-8848","page","type-page","status-publish","hentry"],"acf":[],"yoast_head":"<!-- This site is optimized with the Yoast SEO plugin v27.4 - https:\/\/yoast.com\/product\/yoast-seo-wordpress\/ -->\n<title>Transporte de contenedores mar\u00edtimos en l\u00edneas regulares | Marfret<\/title>\n<meta name=\"description\" content=\"Rutas mar\u00edtimas directas y l\u00edneas regulares. Marfret transporta contenedores con una amplia cobertura mundial con casi cien escalas.\" \/>\n<meta name=\"robots\" content=\"index, follow, max-snippet:-1, max-image-preview:large, max-video-preview:-1\" \/>\n<link rel=\"canonical\" href=\"https:\/\/www.marfret.com\/es\/\" \/>\n<meta property=\"og:locale\" content=\"es_ES\" \/>\n<meta property=\"og:type\" content=\"article\" \/>\n<meta property=\"og:title\" content=\"Transporte de contenedores mar\u00edtimos en l\u00edneas regulares | Marfret\" \/>\n<meta property=\"og:description\" content=\"Rutas mar\u00edtimas directas y l\u00edneas regulares. Marfret transporta contenedores con una amplia cobertura mundial con casi cien escalas.\" \/>\n<meta property=\"og:url\" content=\"https:\/\/www.marfret.com\/es\/\" \/>\n<meta property=\"og:site_name\" content=\"Marfret\" \/>\n<meta property=\"article:modified_time\" content=\"2025-11-19T10:20:45+00:00\" \/>\n<meta name=\"twitter:card\" content=\"summary_large_image\" \/>\n<meta name=\"twitter:label1\" content=\"Est. reading time\" \/>\n\t<meta name=\"twitter:data1\" content=\"2 minutes\" \/>\n<script type=\"application\/ld+json\" class=\"yoast-schema-graph\">{\"@context\":\"https:\\\/\\\/schema.org\",\"@graph\":[{\"@type\":\"WebPage\",\"@id\":\"https:\\\/\\\/www.marfret.com\\\/es\\\/\",\"url\":\"https:\\\/\\\/www.marfret.com\\\/es\\\/\",\"name\":\"Transporte de contenedores mar\u00edtimos en l\u00edneas regulares | Marfret\",\"isPartOf\":{\"@id\":\"https:\\\/\\\/www.marfret.com\\\/#website\"},\"datePublished\":\"2024-03-08T13:01:19+00:00\",\"dateModified\":\"2025-11-19T10:20:45+00:00\",\"description\":\"Rutas mar\u00edtimas directas y l\u00edneas regulares. Marfret transporta contenedores con una amplia cobertura mundial con casi cien escalas.\",\"breadcrumb\":{\"@id\":\"https:\\\/\\\/www.marfret.com\\\/es\\\/#breadcrumb\"},\"inLanguage\":\"es-ES\",\"potentialAction\":[{\"@type\":\"ReadAction\",\"target\":[\"https:\\\/\\\/www.marfret.com\\\/es\\\/\"]}]},{\"@type\":\"BreadcrumbList\",\"@id\":\"https:\\\/\\\/www.marfret.com\\\/es\\\/#breadcrumb\",\"itemListElement\":[{\"@type\":\"ListItem\",\"position\":1,\"name\":\"Accueil\",\"item\":\"https:\\\/\\\/www.marfret.com\\\/es\\\/\"},{\"@type\":\"ListItem\",\"position\":2,\"name\":\"Inicio\"}]},{\"@type\":\"WebSite\",\"@id\":\"https:\\\/\\\/www.marfret.com\\\/#website\",\"url\":\"https:\\\/\\\/www.marfret.com\\\/\",\"name\":\"Marfret\",\"description\":\"Compagnie maritime\",\"potentialAction\":[{\"@type\":\"SearchAction\",\"target\":{\"@type\":\"EntryPoint\",\"urlTemplate\":\"https:\\\/\\\/www.marfret.com\\\/?s={search_term_string}\"},\"query-input\":{\"@type\":\"PropertyValueSpecification\",\"valueRequired\":true,\"valueName\":\"search_term_string\"}}],\"inLanguage\":\"es-ES\"}]}<\/script>\n<!-- \/ Yoast SEO plugin. -->","yoast_head_json":{"title":"Transporte de contenedores mar\u00edtimos en l\u00edneas regulares | Marfret","description":"Rutas mar\u00edtimas directas y l\u00edneas regulares. Marfret transporta contenedores con una amplia cobertura mundial con casi cien escalas.","robots":{"index":"index","follow":"follow","max-snippet":"max-snippet:-1","max-image-preview":"max-image-preview:large","max-video-preview":"max-video-preview:-1"},"canonical":"https:\/\/www.marfret.com\/es\/","og_locale":"es_ES","og_type":"article","og_title":"Transporte de contenedores mar\u00edtimos en l\u00edneas regulares | Marfret","og_description":"Rutas mar\u00edtimas directas y l\u00edneas regulares. Marfret transporta contenedores con una amplia cobertura mundial con casi cien escalas.","og_url":"https:\/\/www.marfret.com\/es\/","og_site_name":"Marfret","article_modified_time":"2025-11-19T10:20:45+00:00","twitter_card":"summary_large_image","twitter_misc":{"Est. reading time":"2 minutes"},"schema":{"@context":"https:\/\/schema.org","@graph":[{"@type":"WebPage","@id":"https:\/\/www.marfret.com\/es\/","url":"https:\/\/www.marfret.com\/es\/","name":"Transporte de contenedores mar\u00edtimos en l\u00edneas regulares | Marfret","isPartOf":{"@id":"https:\/\/www.marfret.com\/#website"},"datePublished":"2024-03-08T13:01:19+00:00","dateModified":"2025-11-19T10:20:45+00:00","description":"Rutas mar\u00edtimas directas y l\u00edneas regulares. Marfret transporta contenedores con una amplia cobertura mundial con casi cien escalas.","breadcrumb":{"@id":"https:\/\/www.marfret.com\/es\/#breadcrumb"},"inLanguage":"es-ES","potentialAction":[{"@type":"ReadAction","target":["https:\/\/www.marfret.com\/es\/"]}]},{"@type":"BreadcrumbList","@id":"https:\/\/www.marfret.com\/es\/#breadcrumb","itemListElement":[{"@type":"ListItem","position":1,"name":"Accueil","item":"https:\/\/www.marfret.com\/es\/"},{"@type":"ListItem","position":2,"name":"Inicio"}]},{"@type":"WebSite","@id":"https:\/\/www.marfret.com\/#website","url":"https:\/\/www.marfret.com\/","name":"Marfret","description":"Compagnie maritime","potentialAction":[{"@type":"SearchAction","target":{"@type":"EntryPoint","urlTemplate":"https:\/\/www.marfret.com\/?s={search_term_string}"},"query-input":{"@type":"PropertyValueSpecification","valueRequired":true,"valueName":"search_term_string"}}],"inLanguage":"es-ES"}]}},"_links":{"self":[{"href":"https:\/\/www.marfret.com\/es\/wp-json\/wp\/v2\/pages\/8848","targetHints":{"allow":["GET"]}}],"collection":[{"href":"https:\/\/www.marfret.com\/es\/wp-json\/wp\/v2\/pages"}],"about":[{"href":"https:\/\/www.marfret.com\/es\/wp-json\/wp\/v2\/types\/page"}],"author":[{"embeddable":true,"href":"https:\/\/www.marfret.com\/es\/wp-json\/wp\/v2\/users\/31"}],"replies":[{"embeddable":true,"href":"https:\/\/www.marfret.com\/es\/wp-json\/wp\/v2\/comments?post=8848"}],"version-history":[{"count":50,"href":"https:\/\/www.marfret.com\/es\/wp-json\/wp\/v2\/pages\/8848\/revisions"}],"predecessor-version":[{"id":21347,"href":"https:\/\/www.marfret.com\/es\/wp-json\/wp\/v2\/pages\/8848\/revisions\/21347"}],"wp:attachment":[{"href":"https:\/\/www.marfret.com\/es\/wp-json\/wp\/v2\/media?parent=8848"}],"curies":[{"name":"wp","href":"https:\/\/api.w.org\/{rel}","templated":true}]}}