{"id":16369,"date":"2025-02-20T10:09:30","date_gmt":"2025-02-20T09:09:30","guid":{"rendered":"https:\/\/www.marfret.com\/calculadora-ecologica\/"},"modified":"2025-11-17T12:50:34","modified_gmt":"2025-11-17T11:50:34","slug":"calculadora-ecologica","status":"publish","type":"page","link":"https:\/\/www.marfret.com\/es\/calculadora-ecologica\/","title":{"rendered":"Calculadora ecol\u00f3gica"},"content":{"rendered":"","protected":false},"excerpt":{"rendered":"","protected":false},"author":32,"featured_media":0,"parent":0,"menu_order":0,"comment_status":"closed","ping_status":"closed","template":"page-eco-calculator.php","meta":{"_acf_changed":false,"footnotes":""},"class_list":["post-16369","page","type-page","status-publish","hentry"],"acf":[],"yoast_head":"<!-- This site is optimized with the Yoast SEO plugin v27.4 - https:\/\/yoast.com\/product\/yoast-seo-wordpress\/ -->\n<title>Calculadora ecol\u00f3gica - Marfret<\/title>\n<meta name=\"description\" content=\"Ecologica Calculadora calcula tus emisiones de CO\u2082 y te gu\u00eda hacia decisiones m\u00e1s sostenibles, ayud\u00e1ndote a proteger el planeta.\" \/>\n<meta name=\"robots\" content=\"index, follow, max-snippet:-1, max-image-preview:large, max-video-preview:-1\" \/>\n<link rel=\"canonical\" href=\"https:\/\/www.marfret.com\/es\/calculadora-ecologica\/\" \/>\n<meta property=\"og:locale\" content=\"es_ES\" \/>\n<meta property=\"og:type\" content=\"article\" \/>\n<meta property=\"og:title\" content=\"Calculadora ecol\u00f3gica - Marfret\" \/>\n<meta property=\"og:description\" content=\"Ecologica Calculadora calcula tus emisiones de CO\u2082 y te gu\u00eda hacia decisiones m\u00e1s sostenibles, ayud\u00e1ndote a proteger el planeta.\" \/>\n<meta property=\"og:url\" content=\"https:\/\/www.marfret.com\/es\/calculadora-ecologica\/\" \/>\n<meta property=\"og:site_name\" content=\"Marfret\" \/>\n<meta property=\"article:modified_time\" content=\"2025-11-17T11:50:34+00:00\" \/>\n<meta name=\"twitter:card\" content=\"summary_large_image\" \/>\n<script type=\"application\/ld+json\" class=\"yoast-schema-graph\">{\"@context\":\"https:\\\/\\\/schema.org\",\"@graph\":[{\"@type\":\"WebPage\",\"@id\":\"https:\\\/\\\/www.marfret.com\\\/es\\\/calculadora-ecologica\\\/\",\"url\":\"https:\\\/\\\/www.marfret.com\\\/es\\\/calculadora-ecologica\\\/\",\"name\":\"Calculadora ecol\u00f3gica - Marfret\",\"isPartOf\":{\"@id\":\"https:\\\/\\\/www.marfret.com\\\/#website\"},\"datePublished\":\"2025-02-20T09:09:30+00:00\",\"dateModified\":\"2025-11-17T11:50:34+00:00\",\"description\":\"Ecologica Calculadora calcula tus emisiones de CO\u2082 y te gu\u00eda hacia decisiones m\u00e1s sostenibles, ayud\u00e1ndote a proteger el planeta.\",\"breadcrumb\":{\"@id\":\"https:\\\/\\\/www.marfret.com\\\/es\\\/calculadora-ecologica\\\/#breadcrumb\"},\"inLanguage\":\"es-ES\",\"potentialAction\":[{\"@type\":\"ReadAction\",\"target\":[\"https:\\\/\\\/www.marfret.com\\\/es\\\/calculadora-ecologica\\\/\"]}]},{\"@type\":\"BreadcrumbList\",\"@id\":\"https:\\\/\\\/www.marfret.com\\\/es\\\/calculadora-ecologica\\\/#breadcrumb\",\"itemListElement\":[{\"@type\":\"ListItem\",\"position\":1,\"name\":\"Accueil\",\"item\":\"https:\\\/\\\/www.marfret.com\\\/es\\\/\"},{\"@type\":\"ListItem\",\"position\":2,\"name\":\"Calculadora ecol\u00f3gica\"}]},{\"@type\":\"WebSite\",\"@id\":\"https:\\\/\\\/www.marfret.com\\\/#website\",\"url\":\"https:\\\/\\\/www.marfret.com\\\/\",\"name\":\"Marfret\",\"description\":\"Compagnie maritime\",\"potentialAction\":[{\"@type\":\"SearchAction\",\"target\":{\"@type\":\"EntryPoint\",\"urlTemplate\":\"https:\\\/\\\/www.marfret.com\\\/?s={search_term_string}\"},\"query-input\":{\"@type\":\"PropertyValueSpecification\",\"valueRequired\":true,\"valueName\":\"search_term_string\"}}],\"inLanguage\":\"es-ES\"}]}<\/script>\n<!-- \/ Yoast SEO plugin. -->","yoast_head_json":{"title":"Calculadora ecol\u00f3gica - Marfret","description":"Ecologica Calculadora calcula tus emisiones de CO\u2082 y te gu\u00eda hacia decisiones m\u00e1s sostenibles, ayud\u00e1ndote a proteger el planeta.","robots":{"index":"index","follow":"follow","max-snippet":"max-snippet:-1","max-image-preview":"max-image-preview:large","max-video-preview":"max-video-preview:-1"},"canonical":"https:\/\/www.marfret.com\/es\/calculadora-ecologica\/","og_locale":"es_ES","og_type":"article","og_title":"Calculadora ecol\u00f3gica - Marfret","og_description":"Ecologica Calculadora calcula tus emisiones de CO\u2082 y te gu\u00eda hacia decisiones m\u00e1s sostenibles, ayud\u00e1ndote a proteger el planeta.","og_url":"https:\/\/www.marfret.com\/es\/calculadora-ecologica\/","og_site_name":"Marfret","article_modified_time":"2025-11-17T11:50:34+00:00","twitter_card":"summary_large_image","schema":{"@context":"https:\/\/schema.org","@graph":[{"@type":"WebPage","@id":"https:\/\/www.marfret.com\/es\/calculadora-ecologica\/","url":"https:\/\/www.marfret.com\/es\/calculadora-ecologica\/","name":"Calculadora ecol\u00f3gica - Marfret","isPartOf":{"@id":"https:\/\/www.marfret.com\/#website"},"datePublished":"2025-02-20T09:09:30+00:00","dateModified":"2025-11-17T11:50:34+00:00","description":"Ecologica Calculadora calcula tus emisiones de CO\u2082 y te gu\u00eda hacia decisiones m\u00e1s sostenibles, ayud\u00e1ndote a proteger el planeta.","breadcrumb":{"@id":"https:\/\/www.marfret.com\/es\/calculadora-ecologica\/#breadcrumb"},"inLanguage":"es-ES","potentialAction":[{"@type":"ReadAction","target":["https:\/\/www.marfret.com\/es\/calculadora-ecologica\/"]}]},{"@type":"BreadcrumbList","@id":"https:\/\/www.marfret.com\/es\/calculadora-ecologica\/#breadcrumb","itemListElement":[{"@type":"ListItem","position":1,"name":"Accueil","item":"https:\/\/www.marfret.com\/es\/"},{"@type":"ListItem","position":2,"name":"Calculadora ecol\u00f3gica"}]},{"@type":"WebSite","@id":"https:\/\/www.marfret.com\/#website","url":"https:\/\/www.marfret.com\/","name":"Marfret","description":"Compagnie maritime","potentialAction":[{"@type":"SearchAction","target":{"@type":"EntryPoint","urlTemplate":"https:\/\/www.marfret.com\/?s={search_term_string}"},"query-input":{"@type":"PropertyValueSpecification","valueRequired":true,"valueName":"search_term_string"}}],"inLanguage":"es-ES"}]}},"_links":{"self":[{"href":"https:\/\/www.marfret.com\/es\/wp-json\/wp\/v2\/pages\/16369","targetHints":{"allow":["GET"]}}],"collection":[{"href":"https:\/\/www.marfret.com\/es\/wp-json\/wp\/v2\/pages"}],"about":[{"href":"https:\/\/www.marfret.com\/es\/wp-json\/wp\/v2\/types\/page"}],"author":[{"embeddable":true,"href":"https:\/\/www.marfret.com\/es\/wp-json\/wp\/v2\/users\/32"}],"replies":[{"embeddable":true,"href":"https:\/\/www.marfret.com\/es\/wp-json\/wp\/v2\/comments?post=16369"}],"version-history":[{"count":1,"href":"https:\/\/www.marfret.com\/es\/wp-json\/wp\/v2\/pages\/16369\/revisions"}],"predecessor-version":[{"id":21323,"href":"https:\/\/www.marfret.com\/es\/wp-json\/wp\/v2\/pages\/16369\/revisions\/21323"}],"wp:attachment":[{"href":"https:\/\/www.marfret.com\/es\/wp-json\/wp\/v2\/media?parent=16369"}],"curies":[{"name":"wp","href":"https:\/\/api.w.org\/{rel}","templated":true}]}}