{"id":11250,"date":"2024-05-07T09:59:15","date_gmt":"2024-05-07T07:59:15","guid":{"rendered":"https:\/\/marfret.epartenaire.com\/contactos\/agence\/"},"modified":"2024-10-07T10:31:12","modified_gmt":"2024-10-07T08:31:12","slug":"agencia","status":"publish","type":"page","link":"https:\/\/www.marfret.com\/es\/contactos\/agencia\/","title":{"rendered":"Agencia"},"content":{"rendered":"","protected":false},"excerpt":{"rendered":"","protected":false},"author":32,"featured_media":10843,"parent":11248,"menu_order":0,"comment_status":"closed","ping_status":"closed","template":"archive-agence.php","meta":{"_acf_changed":false,"footnotes":""},"class_list":["post-11250","page","type-page","status-publish","has-post-thumbnail","hentry"],"acf":[],"yoast_head":"<!-- This site is optimized with the Yoast SEO plugin v27.5 - https:\/\/yoast.com\/product\/yoast-seo-wordpress\/ -->\n<title>Agencias Marfret Transporte mar\u00edtimo y fluvial internacional<\/title>\n<meta name=\"description\" content=\"Descubra las agencias Marfret para el transporte mar\u00edtimo y fluvial, incluidas soluciones de transporte mar\u00edtimo de mercanc\u00edas polivalentes.\" \/>\n<meta name=\"robots\" content=\"index, follow, max-snippet:-1, max-image-preview:large, max-video-preview:-1\" \/>\n<link rel=\"canonical\" href=\"https:\/\/www.marfret.com\/es\/contactos\/agencia\/\" \/>\n<meta property=\"og:locale\" content=\"es_ES\" \/>\n<meta property=\"og:type\" content=\"article\" \/>\n<meta property=\"og:title\" content=\"Agencias Marfret Transporte mar\u00edtimo y fluvial internacional\" \/>\n<meta property=\"og:description\" content=\"Descubra las agencias Marfret para el transporte mar\u00edtimo y fluvial, incluidas soluciones de transporte mar\u00edtimo de mercanc\u00edas polivalentes.\" \/>\n<meta property=\"og:url\" content=\"https:\/\/www.marfret.com\/es\/contactos\/agencia\/\" \/>\n<meta property=\"og:site_name\" content=\"Marfret\" \/>\n<meta property=\"article:modified_time\" content=\"2024-10-07T08:31:12+00:00\" \/>\n<meta property=\"og:image\" content=\"https:\/\/www.marfret.com\/app\/uploads\/2024\/02\/bandeau-agences-e1721384394101.png\" \/>\n\t<meta property=\"og:image:width\" content=\"1825\" \/>\n\t<meta property=\"og:image:height\" content=\"658\" \/>\n\t<meta property=\"og:image:type\" content=\"image\/png\" \/>\n<meta name=\"twitter:card\" content=\"summary_large_image\" \/>\n<meta name=\"twitter:label1\" content=\"Est. reading time\" \/>\n\t<meta name=\"twitter:data1\" content=\"1 minute\" \/>\n<script type=\"application\/ld+json\" class=\"yoast-schema-graph\">{\"@context\":\"https:\\\/\\\/schema.org\",\"@graph\":[{\"@type\":\"WebPage\",\"@id\":\"https:\\\/\\\/www.marfret.com\\\/es\\\/contactos\\\/agencia\\\/\",\"url\":\"https:\\\/\\\/www.marfret.com\\\/es\\\/contactos\\\/agencia\\\/\",\"name\":\"Agencias Marfret Transporte mar\u00edtimo y fluvial internacional\",\"isPartOf\":{\"@id\":\"https:\\\/\\\/www.marfret.com\\\/#website\"},\"primaryImageOfPage\":{\"@id\":\"https:\\\/\\\/www.marfret.com\\\/es\\\/contactos\\\/agencia\\\/#primaryimage\"},\"image\":{\"@id\":\"https:\\\/\\\/www.marfret.com\\\/es\\\/contactos\\\/agencia\\\/#primaryimage\"},\"thumbnailUrl\":\"https:\\\/\\\/www.marfret.com\\\/app\\\/uploads\\\/2024\\\/02\\\/bandeau-agences-e1721384394101.png\",\"datePublished\":\"2024-05-07T07:59:15+00:00\",\"dateModified\":\"2024-10-07T08:31:12+00:00\",\"description\":\"Descubra las agencias Marfret para el transporte mar\u00edtimo y fluvial, incluidas soluciones de transporte mar\u00edtimo de mercanc\u00edas polivalentes.\",\"breadcrumb\":{\"@id\":\"https:\\\/\\\/www.marfret.com\\\/es\\\/contactos\\\/agencia\\\/#breadcrumb\"},\"inLanguage\":\"es-ES\",\"potentialAction\":[{\"@type\":\"ReadAction\",\"target\":[\"https:\\\/\\\/www.marfret.com\\\/es\\\/contactos\\\/agencia\\\/\"]}]},{\"@type\":\"ImageObject\",\"inLanguage\":\"es-ES\",\"@id\":\"https:\\\/\\\/www.marfret.com\\\/es\\\/contactos\\\/agencia\\\/#primaryimage\",\"url\":\"https:\\\/\\\/www.marfret.com\\\/app\\\/uploads\\\/2024\\\/02\\\/bandeau-agences-e1721384394101.png\",\"contentUrl\":\"https:\\\/\\\/www.marfret.com\\\/app\\\/uploads\\\/2024\\\/02\\\/bandeau-agences-e1721384394101.png\",\"width\":1825,\"height\":658},{\"@type\":\"BreadcrumbList\",\"@id\":\"https:\\\/\\\/www.marfret.com\\\/es\\\/contactos\\\/agencia\\\/#breadcrumb\",\"itemListElement\":[{\"@type\":\"ListItem\",\"position\":1,\"name\":\"Accueil\",\"item\":\"https:\\\/\\\/www.marfret.com\\\/es\\\/\"},{\"@type\":\"ListItem\",\"position\":2,\"name\":\"Contactos\",\"item\":\"https:\\\/\\\/www.marfret.com\\\/es\\\/contactos\\\/\"},{\"@type\":\"ListItem\",\"position\":3,\"name\":\"Agencia\"}]},{\"@type\":\"WebSite\",\"@id\":\"https:\\\/\\\/www.marfret.com\\\/#website\",\"url\":\"https:\\\/\\\/www.marfret.com\\\/\",\"name\":\"Marfret\",\"description\":\"Compagnie maritime\",\"potentialAction\":[{\"@type\":\"SearchAction\",\"target\":{\"@type\":\"EntryPoint\",\"urlTemplate\":\"https:\\\/\\\/www.marfret.com\\\/?s={search_term_string}\"},\"query-input\":{\"@type\":\"PropertyValueSpecification\",\"valueRequired\":true,\"valueName\":\"search_term_string\"}}],\"inLanguage\":\"es-ES\"}]}<\/script>\n<!-- \/ Yoast SEO plugin. -->","yoast_head_json":{"title":"Agencias Marfret Transporte mar\u00edtimo y fluvial internacional","description":"Descubra las agencias Marfret para el transporte mar\u00edtimo y fluvial, incluidas soluciones de transporte mar\u00edtimo de mercanc\u00edas polivalentes.","robots":{"index":"index","follow":"follow","max-snippet":"max-snippet:-1","max-image-preview":"max-image-preview:large","max-video-preview":"max-video-preview:-1"},"canonical":"https:\/\/www.marfret.com\/es\/contactos\/agencia\/","og_locale":"es_ES","og_type":"article","og_title":"Agencias Marfret Transporte mar\u00edtimo y fluvial internacional","og_description":"Descubra las agencias Marfret para el transporte mar\u00edtimo y fluvial, incluidas soluciones de transporte mar\u00edtimo de mercanc\u00edas polivalentes.","og_url":"https:\/\/www.marfret.com\/es\/contactos\/agencia\/","og_site_name":"Marfret","article_modified_time":"2024-10-07T08:31:12+00:00","og_image":[{"width":1825,"height":658,"url":"https:\/\/www.marfret.com\/app\/uploads\/2024\/02\/bandeau-agences-e1721384394101.png","type":"image\/png"}],"twitter_card":"summary_large_image","twitter_misc":{"Est. reading time":"1 minute"},"schema":{"@context":"https:\/\/schema.org","@graph":[{"@type":"WebPage","@id":"https:\/\/www.marfret.com\/es\/contactos\/agencia\/","url":"https:\/\/www.marfret.com\/es\/contactos\/agencia\/","name":"Agencias Marfret Transporte mar\u00edtimo y fluvial internacional","isPartOf":{"@id":"https:\/\/www.marfret.com\/#website"},"primaryImageOfPage":{"@id":"https:\/\/www.marfret.com\/es\/contactos\/agencia\/#primaryimage"},"image":{"@id":"https:\/\/www.marfret.com\/es\/contactos\/agencia\/#primaryimage"},"thumbnailUrl":"https:\/\/www.marfret.com\/app\/uploads\/2024\/02\/bandeau-agences-e1721384394101.png","datePublished":"2024-05-07T07:59:15+00:00","dateModified":"2024-10-07T08:31:12+00:00","description":"Descubra las agencias Marfret para el transporte mar\u00edtimo y fluvial, incluidas soluciones de transporte mar\u00edtimo de mercanc\u00edas polivalentes.","breadcrumb":{"@id":"https:\/\/www.marfret.com\/es\/contactos\/agencia\/#breadcrumb"},"inLanguage":"es-ES","potentialAction":[{"@type":"ReadAction","target":["https:\/\/www.marfret.com\/es\/contactos\/agencia\/"]}]},{"@type":"ImageObject","inLanguage":"es-ES","@id":"https:\/\/www.marfret.com\/es\/contactos\/agencia\/#primaryimage","url":"https:\/\/www.marfret.com\/app\/uploads\/2024\/02\/bandeau-agences-e1721384394101.png","contentUrl":"https:\/\/www.marfret.com\/app\/uploads\/2024\/02\/bandeau-agences-e1721384394101.png","width":1825,"height":658},{"@type":"BreadcrumbList","@id":"https:\/\/www.marfret.com\/es\/contactos\/agencia\/#breadcrumb","itemListElement":[{"@type":"ListItem","position":1,"name":"Accueil","item":"https:\/\/www.marfret.com\/es\/"},{"@type":"ListItem","position":2,"name":"Contactos","item":"https:\/\/www.marfret.com\/es\/contactos\/"},{"@type":"ListItem","position":3,"name":"Agencia"}]},{"@type":"WebSite","@id":"https:\/\/www.marfret.com\/#website","url":"https:\/\/www.marfret.com\/","name":"Marfret","description":"Compagnie maritime","potentialAction":[{"@type":"SearchAction","target":{"@type":"EntryPoint","urlTemplate":"https:\/\/www.marfret.com\/?s={search_term_string}"},"query-input":{"@type":"PropertyValueSpecification","valueRequired":true,"valueName":"search_term_string"}}],"inLanguage":"es-ES"}]}},"_links":{"self":[{"href":"https:\/\/www.marfret.com\/es\/wp-json\/wp\/v2\/pages\/11250","targetHints":{"allow":["GET"]}}],"collection":[{"href":"https:\/\/www.marfret.com\/es\/wp-json\/wp\/v2\/pages"}],"about":[{"href":"https:\/\/www.marfret.com\/es\/wp-json\/wp\/v2\/types\/page"}],"author":[{"embeddable":true,"href":"https:\/\/www.marfret.com\/es\/wp-json\/wp\/v2\/users\/32"}],"replies":[{"embeddable":true,"href":"https:\/\/www.marfret.com\/es\/wp-json\/wp\/v2\/comments?post=11250"}],"version-history":[{"count":2,"href":"https:\/\/www.marfret.com\/es\/wp-json\/wp\/v2\/pages\/11250\/revisions"}],"predecessor-version":[{"id":13308,"href":"https:\/\/www.marfret.com\/es\/wp-json\/wp\/v2\/pages\/11250\/revisions\/13308"}],"up":[{"embeddable":true,"href":"https:\/\/www.marfret.com\/es\/wp-json\/wp\/v2\/pages\/11248"}],"wp:featuredmedia":[{"embeddable":true,"href":"https:\/\/www.marfret.com\/es\/wp-json\/wp\/v2\/media\/10843"}],"wp:attachment":[{"href":"https:\/\/www.marfret.com\/es\/wp-json\/wp\/v2\/media?parent=11250"}],"curies":[{"name":"wp","href":"https:\/\/api.w.org\/{rel}","templated":true}]}}