{"id":11015,"date":"2024-05-03T11:23:33","date_gmt":"2024-05-03T09:23:33","guid":{"rendered":"https:\/\/marfret.epartenaire.com\/mentions-legales\/"},"modified":"2024-10-03T16:04:10","modified_gmt":"2024-10-03T14:04:10","slug":"notas-legales","status":"publish","type":"page","link":"https:\/\/www.marfret.com\/es\/notas-legales\/","title":{"rendered":"Notas legales"},"content":{"rendered":"\t\t<div data-elementor-type=\"wp-page\" data-elementor-id=\"11015\" class=\"elementor elementor-11015 elementor-76\" data-elementor-post-type=\"page\">\n\t\t\t\t<div class=\"elementor-element elementor-element-45f05055 e-flex e-con-boxed e-con e-parent\" data-id=\"45f05055\" data-element_type=\"container\" data-e-type=\"container\">\n\t\t\t\t\t<div class=\"e-con-inner\">\n\t\t\t\t<div class=\"elementor-element elementor-element-26afc41c elementor-widget elementor-widget-text-editor\" data-id=\"26afc41c\" data-element_type=\"widget\" data-e-type=\"widget\" data-widget_type=\"text-editor.default\">\n\t\t\t\t<div class=\"elementor-widget-container\">\n\t\t\t\t\t\t\t\t\t<h2>Editor y Dise\u00f1ador de Hosting<\/h2><p>COMPAN\u00cdA MAR\u00cdTIMA MARFRET<\/p><p>13 Quai de la Joliette, 13002 Marsella<\/p><p>Tel\u00a0: 04.91.56.91.00<\/p><p>Capital Social: 5,000,000 euros<\/p><p>Siret\u00a0: 339\u00a0834\u00a0178 00016<\/p><p>RCS Marsella: 339 834 178<\/p><p>N\u00famero de IVA: FR 51 339 834 178<\/p><p>Director de Publicaci\u00f3n: Guillaume VIDIL<\/p><p>Dise\u00f1ador y Host:<\/p><p>e-partenaire<\/p><p>Bat A4 Europarc Pichaury,<br \/>1330 Rue JRGG de la Lauzi\u00e8re<\/p><p>Les Milles<\/p><p>13290 Aix-en-Provence<\/p><p>Correo electr\u00f3nico: contact@e-partenaire.fr<br \/>Tel : 04 86 87 03 09<br \/>T\u00e9rminos Generales de Uso del Sitio<\/p><h2>1. Seguridad y Confidencialidad<\/h2><p>Al acceder a este sitio web, aceptas las siguientes condiciones legales sin ninguna restricci\u00f3n:<\/p><p>MARFRET se reserva el derecho de modificar estos t\u00e9rminos generales de uso en cualquier momento y sin previo aviso. Al acceder a este sitio web, aceptas estas modificaciones.<\/p><p>MARFRET puede actualizar la informaci\u00f3n y los servicios de la empresa detallados en este sitio web en cualquier momento y sin demora.<\/p><h2>2. Propiedad Intelectual<\/h2><p>Todos los elementos del sitio son propiedad intelectual y exclusiva de MARFRET.<\/p><p>Cualquier reproducci\u00f3n, incluso parcial, explotaci\u00f3n, retransmisi\u00f3n o uso de los elementos del sitio, ya sean textuales, software, visuales o sonoros, est\u00e1 estrictamente prohibida.<\/p><p>A menos que se indique lo contrario, toda la informaci\u00f3n, art\u00edculos e im\u00e1genes est\u00e1n protegidos por derechos de autor. Cualquier uso sin el previo consentimiento por escrito de MARFRET est\u00e1 prohibido.<\/p><p>Derechos de Imagen:<\/p><ul><li>2\u00aa diapositiva del slider: Imagen de kjpargeter en Freepik render 3D de un paisaje oce\u00e1nico de pantalla ancha<\/li><li>Secci\u00f3n de Testimonios: Imagen de tawatchai07 en Freepik vista a\u00e9rea de un barco de carga en el mar<\/li><li>P\u00e1gina del Puerto de Barcelona: Imagen de bearfotos en Freepik puerto-barcelona-pendant-soiree-espagne<\/li><\/ul><ul><li>Para las acuarelas: Yvan Salomone<\/li><li>Para las im\u00e1genes extra\u00eddas de nuestro calendario 2024: Pierre Buttin.<\/li><\/ul><h2>3. Responsabilidad<\/h2><p>MARFRET o un tercero relacionado con MARFRET declina cualquier responsabilidad en caso de da\u00f1o directo o indirecto que resulte del acceso a este sitio web y\/o del uso de la informaci\u00f3n contenida en el mismo.<\/p><p>MARFRET no ser\u00e1 responsable de ninguna p\u00e9rdida directa o indirecta que resulte de la transmisi\u00f3n err\u00f3nea o injustificada de informaci\u00f3n a un tercero, ni del acceso no autorizado de un tercero a dicha informaci\u00f3n. Adem\u00e1s, la responsabilidad de MARFRET no podr\u00e1 ser comprometida en caso de informaci\u00f3n inexacta y confidencial proporcionada en el marco de este servicio.<\/p><p>MARFRET no ser\u00e1 responsable de ning\u00fan da\u00f1o derivado de un virus inform\u00e1tico. Tampoco ser\u00e1 responsable de ning\u00fan da\u00f1o resultante del acceso no autorizado por un tercero a cualquier informaci\u00f3n, dato o c\u00f3digo de acceso contenido en este sitio web.<\/p><p>Las \u00e1reas protegidas por un identificador y una contrase\u00f1a en el sitio son accesibles \u00fanicamente a las personas autorizadas. Cualquier persona no autorizada que acceda a estas \u00e1reas ser\u00e1 objeto de acciones legales.<\/p><h2>4. Ausencia de Garant\u00eda<\/h2><p>MARFRET se esfuerza por actualizar regularmente este sitio web, pero su responsabilidad no podr\u00e1 ser comprometida en cuanto a la exactitud o la integridad de la informaci\u00f3n contenida en el mismo.<\/p><p>MARFRET no est\u00e1 obligada a garantizar el acceso al sitio y no es responsable de las interrupciones ni de las consecuencias que puedan derivarse.<\/p><p>Cualquier comentario y, en general, cualquier dato o sugerencia aportada por el usuario de este sitio web se convertir\u00e1 en propiedad de MARFRET y podr\u00e1 ser utilizada, sin restricci\u00f3n, por el grupo MARFRET. Dichos comentarios y\/o sugerencias no son confidenciales de ninguna manera.<\/p><h2>5. Ley Aplicable \u2013 Litigios<\/h2><p>Estas Condiciones Generales de Uso est\u00e1n regidas e interpretadas por la ley francesa. Estas condiciones generales de uso est\u00e1n redactadas en franc\u00e9s e ingl\u00e9s. En caso de conflictos de interpretaci\u00f3n, prevalecer\u00e1 la versi\u00f3n en franc\u00e9s. Cualquier disputa relacionada con su uso estar\u00e1 sujeta a la competencia exclusiva de los tribunales franceses.<\/p><h2><strong>6. Carta RGPD<\/strong><\/h2><p>La Compa\u00f1\u00eda Mar\u00edtima Marfret (&#8220;MARFRET&#8221;) puede recoger datos personales que le conciernen cuando utiliza nuestro sitio web.<\/p><p>Desde el 25 de mayo de 2018, el Reglamento General de Protecci\u00f3n de Datos (RGPD) ha entrado en vigor.<\/p><p>Para garantizar mejor sus derechos, MARFRET, en calidad de responsable del tratamiento, se compromete a cumplir con esta nueva legislaci\u00f3n.<\/p><p>Le agradecemos que lea detenidamente esta nota informativa.<\/p><h3><strong>6.1. \u00bfCu\u00e1les son los datos personales que recopilamos?<\/strong><\/h3><p>Los datos personales recopilados son los siguientes:<\/p><ul><li>Identidad y datos de contacto (nombre, direcci\u00f3n, n\u00famero de tel\u00e9fono, correo electr\u00f3nico)<\/li><li>Datos comerciales (contrato\/pedido\/compra\/historial de uso\/servicios y productos&#8230;)<\/li><li>Contabilidad (facturas\/datos de pago&#8230;)<\/li><li>Historial del servicio al cliente (detalles del centro de llamadas, tickets&#8230;)<\/li><\/ul><h3><strong>6.2. \u00bfPara qu\u00e9 utilizamos sus datos?<\/strong><\/h3><p>Sus datos son recopilados y utilizados para los prop\u00f3sitos descritos a continuaci\u00f3n:<\/p><ul><li>Para asegurar la ejecuci\u00f3n de un contrato del que usted es parte o para la ejecuci\u00f3n de medidas precontractuales tomadas a su solicitud.<\/li><li>Para enviarle boletines y comunicaciones comerciales sobre nuestros productos y servicios.<\/li><\/ul><p>Su informaci\u00f3n personal se utiliza en todo caso en un inter\u00e9s leg\u00edtimo para desarrollar nuestra actividad y as\u00ed servirle mejor y responder a sus expectativas.<\/p><p>Este prop\u00f3sito no debe, sin embargo, prevalecer sobre el respeto a sus libertades y derechos fundamentales. En cualquier momento, tiene la opci\u00f3n de retirar su consentimiento respecto al uso y conservaci\u00f3n de sus datos personales.<\/p><h3><strong>6.3. \u00bfDurante cu\u00e1nto tiempo se conservan sus datos?<\/strong><\/h3><p>Sus datos se conservan durante el tiempo necesario para alcanzar los prop\u00f3sitos descritos anteriormente y, en su caso, durante el tiempo previsto por la ley.<\/p><p>Los datos comerciales y contables se conservan durante 10 a\u00f1os de acuerdo con la legislaci\u00f3n comercial francesa (Art\u00edculo L123-22, p\u00e1rrafo 2 del C\u00f3digo de Comercio).<\/p><p>Conservamos los datos de marketing durante 3 a\u00f1os a partir de la fecha de recopilaci\u00f3n. Una vez transcurrido este plazo, dichos datos se eliminan.<\/p><p>Los datos comerciales y los datos de contacto pueden conservarse durante m\u00e1s tiempo para cumplir con las leyes comerciales aplicables.<\/p><p>Las cookies de sesi\u00f3n se eliminan cuando cierras la ventana de tu navegador. Las cookies persistentes generalmente duran 3 meses y como m\u00e1ximo 2 a\u00f1os.<\/p><h3><strong>6.4. \u00bfCon qui\u00e9n compartimos sus datos?<\/strong><\/h3><p>Solo comunicamos o compartimos sus datos en los siguientes casos:<\/p><ul><li>Con las empresas del grupo MARFRET: solo el personal autorizado cuya actividad justifique el acceso a la informaci\u00f3n, con fines de auditor\u00eda interna, gesti\u00f3n administrativa o facturaci\u00f3n, pero tambi\u00e9n para asegurarnos de que reciba la misma calidad de servicio, independientemente del pa\u00eds en el que realice un pedido.<\/li><li>Con prestadores de servicios que act\u00faan en nuestro nombre.<\/li><li>Cuando estamos legalmente obligados a hacerlo o cuando es necesario para cumplir con la ley aplicable: por ejemplo, para responder a una orden judicial.<\/li><\/ul><h3><strong>6.5. Cookies<\/strong><\/h3><p>Podemos recopilar cierta informaci\u00f3n a trav\u00e9s de cookies.<\/p><p>Una &#8220;Cookie&#8221; es un archivo de texto que registra informaci\u00f3n sobre sus interacciones con un sitio web en particular. Existen varios tipos de cookies:<\/p><ul><li>&#8220;Cookies temporales&#8221; o &#8220;cookies de sesi\u00f3n&#8221;: que se eliminan cuando cierras la ventana de tu navegador.<\/li><li>&#8220;Cookies permanentes&#8221; o &#8220;cookies persistentes&#8221;: que almacenan informaci\u00f3n de manera m\u00e1s permanente en el disco duro de tu computadora.<\/li><\/ul><p>Las cookies pueden facilitar el uso de los sitios web al permitir que el servidor acceda r\u00e1pidamente a cierta informaci\u00f3n:<\/p><p>Las cookies de sesi\u00f3n pueden ser utilizadas para facilitar tu navegaci\u00f3n y pueden aparecer cuando visitas un sitio web con el que nuestro sitio tiene ciertas relaciones (por ejemplo, el sitio web de una empresa afiliada).<\/p><p>Las cookies persistentes pueden ser utilizadas cuando personalizas nuestro sitio web. Esto se traduce concretamente en el registro de ciertos datos sobre ti, como tus preferencias de idioma, ubicaci\u00f3n, configuraciones de visualizaci\u00f3n, o ciertos datos recurrentes utilizados en cada visita a nuestro sitio web.<\/p><p>El uso de estas cookies es un medio eficaz para mejorar la calidad de nuestros servicios de una manera m\u00e1s adaptada a tus necesidades.<\/p><p>Siempre tienes la opci\u00f3n de oponerte al uso de estas cookies. Para aceptar o rechazar la instalaci\u00f3n de cookies, debes configurar tu navegador de internet. En algunos casos, rechazar las cookies puede impedirte acceder a ciertas funciones del sitio. Puedes configurarlas de la siguiente manera:<\/p><p><u>En Microsoft Internet Explorerr<\/u><\/p><ol><li>Elige el men\u00fa &#8220;Herramientas&#8221;, luego &#8220;Opciones de Internet&#8221;<\/li><li>Haz clic en la pesta\u00f1a &#8220;Privacidad&#8221;<\/li><li>Selecciona el nivel deseado utilizando el control deslizante<\/li><\/ol><p><u>En Mozilla Firefox<\/u><\/p><ol><li>Elige el men\u00fa &#8220;Herramientas&#8221; y luego &#8220;Opciones&#8221;<\/li><li>Cliquez sur l\u2019onglet \u00ab Vie priv\u00e9e \u00bb<\/li><li>Dans la liste d\u00e9roulante \u00ab R\u00e8gles de conservation \u00bb s\u00e9lectionnez le niveau souhait\u00e9<\/li><\/ol><p><u>Sous Google Chrome<\/u><\/p><ol><li>Cliquez sur l\u2019ic\u00f4ne permettant d\u2019afficher le menu des param\u00e8tres<\/li><li>Cliquez sur \u00ab Options \u00bb<\/li><li>Dans la zone &#8220;Historique&#8221;, s\u00e9lectionnez &#8220;utiliser les param\u00e8tres personnalis\u00e9s pour l\u2019historique&#8221;<\/li><li>Choisissez le niveau souhait\u00e9<\/li><\/ol><p><u>Sous Safari<\/u><\/p><ol><li>Cliquez dans le menu \u00ab Safari \u00bb<\/li><li>Cliquez sur \u00ab Pr\u00e9f\u00e9rences \u00bb<\/li><li>Dans l\u2019onglet \u00ab S\u00e9curit\u00e9 \u00bb s\u00e9lectionnez le niveau souhait\u00e9<\/li><\/ol><p><strong>\u00a0<\/strong><\/p><h3><strong>6.6. Quels sont vos droits ?<\/strong><\/h3><p>Vous disposez \u00e0 tout moment\u00a0:<\/p><ul><li>D\u2019un droit d\u2019acc\u00e8s \u00e0 vos donn\u00e9es \u00e0 caract\u00e8re personnel<\/li><li>D\u2019un droit de rectification de vos donn\u00e9es \u00e0 caract\u00e8re personnel inexactes ou incompl\u00e8tes<\/li><li>Droit \u00e0 l\u2019effacement de vos donn\u00e9es \u00e0 caract\u00e8re personnel<\/li><li>D\u2019un droit \u00e0 la limitation du traitement de vos donn\u00e9es \u00e0 caract\u00e8re personnel<\/li><li>D\u2019un droit \u00e0 la portabilit\u00e9\u00a0: il s\u2019agit du droit de recevoir dans un format structur\u00e9, couramment utilis\u00e9 et lisible sur machine, les donn\u00e9es \u00e0 caract\u00e8re personnel librement communiqu\u00e9es au responsable de traitement et le droit de transmettre ces donn\u00e9es \u00e0 un autre responsable de traitement.<\/li><li>D\u2019un droit d\u2019opposition \u00e0 un traitement ou au transfert de vos donn\u00e9es \u00e0 caract\u00e8re personnel<\/li><\/ul><p>Ces droits se r\u00e9f\u00e8rent et s\u2019appliquent conform\u00e9ment aux dispositions du r\u00e8glement europ\u00e9en de protection des donn\u00e9es pr\u00e9cit\u00e9 sans qu\u2019aucune extension de pr\u00e9rogative ne puisse \u00eatre appliqu\u00e9e.<\/p><p>Enfin, vous avez toujours la facult\u00e9 d\u2019introduire une r\u00e9clamation aupr\u00e8s d\u2019une autorit\u00e9 de contr\u00f4le.<\/p><h3><strong>6.7. Protection de vos donn\u00e9es personnelles <\/strong><\/h3><p>Nous assurons un niveau de protection ad\u00e9quat de vos donn\u00e9es et veillerons \u00e0 ce que des mesures de s\u00e9curit\u00e9 techniques et organisationnelles\u00a0 appropri\u00e9es (y compris la sensibilisation et la formation du personnel participant aux op\u00e9rations de traitement) soient mises en place pour prot\u00e9ger vos donn\u00e9es contre toute destruction accidentelle ou illicite, perte ou alt\u00e9ration accidentelle, divulgation ou acc\u00e8s non autoris\u00e9s, et contre toutes les autres\u00a0 formes de traitement illicites.<\/p><p>Cependant, dans la mesure o\u00f9 internet n\u2019est pas compl\u00e8tement s\u00e9curis\u00e9, nous ne pouvons garantir que vos informations personnelles stock\u00e9es ou envoy\u00e9es seront totalement s\u00e9curis\u00e9es. Nous vous encourageons \u00e0 faire preuve de prudence lorsque vous utilisez internet pour acc\u00e9der \u00e0 notre site internet.<\/p><h3><strong>6.8. Modification de la politique<\/strong><\/h3><p>Notre politique est susceptible d\u2019\u00eatre modifi\u00e9e pour refl\u00e9ter les \u00e9volutions dans la mani\u00e8re dont nous traitons vos donn\u00e9es \u00e0 caract\u00e8re personnel. Nous veillerons \u00e0 ce que vous soyez inform\u00e9s de tout changement important. Nous publierons \u00e9galement une mise \u00e0 jour de cette Politique sur le site.<\/p><h3><strong>6.9. Nous contacter<\/strong><\/h3><p>En cas de violation, de r\u00e9clamation,\u00a0 ou pour toute question en lien avec le traitement de vos donn\u00e9es \u00e0 caract\u00e8re personnel, vous pouvez contacter notre d\u00e9l\u00e9gu\u00e9\u00a0 \u00e0 la protection des donn\u00e9es\u00a0:<\/p><ul><li>Par mail\u00a0: <a href=\"mailto:dpo@marfret.fr\">dpo@marfret.fr<\/a><\/li><li>Par courrier\u00a0: \u00e0 l\u2019attention du Service juridique \u2013 Data Protection Officer, 13 quai de la joliette 13002 MARSEILLE.<\/li><\/ul><p>Lorsque vous nous contactez, nous sommes susceptibles de vous demander\u00a0 des informations compl\u00e9mentaires afin de nous assurer de votre identit\u00e9. Une fois ces v\u00e9rifications r\u00e9alis\u00e9es, nous \u00e9valuons votre demande et vous fournissons une r\u00e9ponse dans les plus brefs d\u00e9lais.<\/p>\t\t\t\t\t\t\t\t<\/div>\n\t\t\t\t<\/div>\n\t\t\t\t\t<\/div>\n\t\t\t\t<\/div>\n\t\t\t\t<\/div>\n\t\t","protected":false},"excerpt":{"rendered":"<p>Editor y Dise\u00f1ador de Hosting COMPAN\u00cdA MAR\u00cdTIMA MARFRET 13 Quai de la Joliette, 13002 Marsella Tel\u00a0: 04.91.56.91.00 Capital Social: 5,000,000 euros Siret\u00a0: 339\u00a0834\u00a0178 00016 RCS Marsella: 339 834 178 N\u00famero de IVA: FR 51 339 834 178 Director de Publicaci\u00f3n: Guillaume VIDIL Dise\u00f1ador y Host: e-partenaire Bat A4 Europarc Pichaury,1330 Rue JRGG de la Lauzi\u00e8re [&hellip;]<\/p>\n","protected":false},"author":31,"featured_media":0,"parent":0,"menu_order":0,"comment_status":"closed","ping_status":"closed","template":"page-full-bandeau-100vh.php","meta":{"_acf_changed":false,"footnotes":""},"class_list":["post-11015","page","type-page","status-publish","hentry"],"acf":[],"yoast_head":"<!-- This site is optimized with the Yoast SEO plugin v27.5 - https:\/\/yoast.com\/product\/yoast-seo-wordpress\/ -->\n<title>Notas legales - Marfret<\/title>\n<meta name=\"robots\" content=\"index, follow, max-snippet:-1, max-image-preview:large, max-video-preview:-1\" \/>\n<link rel=\"canonical\" href=\"https:\/\/www.marfret.com\/es\/notas-legales\/\" \/>\n<meta property=\"og:locale\" content=\"es_ES\" \/>\n<meta property=\"og:type\" content=\"article\" \/>\n<meta property=\"og:title\" content=\"Notas legales - Marfret\" \/>\n<meta property=\"og:description\" content=\"Editor y Dise\u00f1ador de Hosting COMPAN\u00cdA MAR\u00cdTIMA MARFRET 13 Quai de la Joliette, 13002 Marsella Tel\u00a0: 04.91.56.91.00 Capital Social: 5,000,000 euros Siret\u00a0: 339\u00a0834\u00a0178 00016 RCS Marsella: 339 834 178 N\u00famero de IVA: FR 51 339 834 178 Director de Publicaci\u00f3n: Guillaume VIDIL Dise\u00f1ador y Host: e-partenaire Bat A4 Europarc Pichaury,1330 Rue JRGG de la Lauzi\u00e8re [&hellip;]\" \/>\n<meta property=\"og:url\" content=\"https:\/\/www.marfret.com\/es\/notas-legales\/\" \/>\n<meta property=\"og:site_name\" content=\"Marfret\" \/>\n<meta property=\"article:modified_time\" content=\"2024-10-03T14:04:10+00:00\" \/>\n<meta name=\"twitter:card\" content=\"summary_large_image\" \/>\n<meta name=\"twitter:label1\" content=\"Est. reading time\" \/>\n\t<meta name=\"twitter:data1\" content=\"9 minutes\" \/>\n<script type=\"application\/ld+json\" class=\"yoast-schema-graph\">{\"@context\":\"https:\\\/\\\/schema.org\",\"@graph\":[{\"@type\":\"WebPage\",\"@id\":\"https:\\\/\\\/www.marfret.com\\\/es\\\/notas-legales\\\/\",\"url\":\"https:\\\/\\\/www.marfret.com\\\/es\\\/notas-legales\\\/\",\"name\":\"Notas legales - Marfret\",\"isPartOf\":{\"@id\":\"https:\\\/\\\/www.marfret.com\\\/#website\"},\"datePublished\":\"2024-05-03T09:23:33+00:00\",\"dateModified\":\"2024-10-03T14:04:10+00:00\",\"breadcrumb\":{\"@id\":\"https:\\\/\\\/www.marfret.com\\\/es\\\/notas-legales\\\/#breadcrumb\"},\"inLanguage\":\"es-ES\",\"potentialAction\":[{\"@type\":\"ReadAction\",\"target\":[\"https:\\\/\\\/www.marfret.com\\\/es\\\/notas-legales\\\/\"]}]},{\"@type\":\"BreadcrumbList\",\"@id\":\"https:\\\/\\\/www.marfret.com\\\/es\\\/notas-legales\\\/#breadcrumb\",\"itemListElement\":[{\"@type\":\"ListItem\",\"position\":1,\"name\":\"Accueil\",\"item\":\"https:\\\/\\\/www.marfret.com\\\/es\\\/\"},{\"@type\":\"ListItem\",\"position\":2,\"name\":\"Notas legales\"}]},{\"@type\":\"WebSite\",\"@id\":\"https:\\\/\\\/www.marfret.com\\\/#website\",\"url\":\"https:\\\/\\\/www.marfret.com\\\/\",\"name\":\"Marfret\",\"description\":\"Compagnie maritime\",\"potentialAction\":[{\"@type\":\"SearchAction\",\"target\":{\"@type\":\"EntryPoint\",\"urlTemplate\":\"https:\\\/\\\/www.marfret.com\\\/?s={search_term_string}\"},\"query-input\":{\"@type\":\"PropertyValueSpecification\",\"valueRequired\":true,\"valueName\":\"search_term_string\"}}],\"inLanguage\":\"es-ES\"}]}<\/script>\n<!-- \/ Yoast SEO plugin. -->","yoast_head_json":{"title":"Notas legales - Marfret","robots":{"index":"index","follow":"follow","max-snippet":"max-snippet:-1","max-image-preview":"max-image-preview:large","max-video-preview":"max-video-preview:-1"},"canonical":"https:\/\/www.marfret.com\/es\/notas-legales\/","og_locale":"es_ES","og_type":"article","og_title":"Notas legales - Marfret","og_description":"Editor y Dise\u00f1ador de Hosting COMPAN\u00cdA MAR\u00cdTIMA MARFRET 13 Quai de la Joliette, 13002 Marsella Tel\u00a0: 04.91.56.91.00 Capital Social: 5,000,000 euros Siret\u00a0: 339\u00a0834\u00a0178 00016 RCS Marsella: 339 834 178 N\u00famero de IVA: FR 51 339 834 178 Director de Publicaci\u00f3n: Guillaume VIDIL Dise\u00f1ador y Host: e-partenaire Bat A4 Europarc Pichaury,1330 Rue JRGG de la Lauzi\u00e8re [&hellip;]","og_url":"https:\/\/www.marfret.com\/es\/notas-legales\/","og_site_name":"Marfret","article_modified_time":"2024-10-03T14:04:10+00:00","twitter_card":"summary_large_image","twitter_misc":{"Est. reading time":"9 minutes"},"schema":{"@context":"https:\/\/schema.org","@graph":[{"@type":"WebPage","@id":"https:\/\/www.marfret.com\/es\/notas-legales\/","url":"https:\/\/www.marfret.com\/es\/notas-legales\/","name":"Notas legales - Marfret","isPartOf":{"@id":"https:\/\/www.marfret.com\/#website"},"datePublished":"2024-05-03T09:23:33+00:00","dateModified":"2024-10-03T14:04:10+00:00","breadcrumb":{"@id":"https:\/\/www.marfret.com\/es\/notas-legales\/#breadcrumb"},"inLanguage":"es-ES","potentialAction":[{"@type":"ReadAction","target":["https:\/\/www.marfret.com\/es\/notas-legales\/"]}]},{"@type":"BreadcrumbList","@id":"https:\/\/www.marfret.com\/es\/notas-legales\/#breadcrumb","itemListElement":[{"@type":"ListItem","position":1,"name":"Accueil","item":"https:\/\/www.marfret.com\/es\/"},{"@type":"ListItem","position":2,"name":"Notas legales"}]},{"@type":"WebSite","@id":"https:\/\/www.marfret.com\/#website","url":"https:\/\/www.marfret.com\/","name":"Marfret","description":"Compagnie maritime","potentialAction":[{"@type":"SearchAction","target":{"@type":"EntryPoint","urlTemplate":"https:\/\/www.marfret.com\/?s={search_term_string}"},"query-input":{"@type":"PropertyValueSpecification","valueRequired":true,"valueName":"search_term_string"}}],"inLanguage":"es-ES"}]}},"_links":{"self":[{"href":"https:\/\/www.marfret.com\/es\/wp-json\/wp\/v2\/pages\/11015","targetHints":{"allow":["GET"]}}],"collection":[{"href":"https:\/\/www.marfret.com\/es\/wp-json\/wp\/v2\/pages"}],"about":[{"href":"https:\/\/www.marfret.com\/es\/wp-json\/wp\/v2\/types\/page"}],"author":[{"embeddable":true,"href":"https:\/\/www.marfret.com\/es\/wp-json\/wp\/v2\/users\/31"}],"replies":[{"embeddable":true,"href":"https:\/\/www.marfret.com\/es\/wp-json\/wp\/v2\/comments?post=11015"}],"version-history":[{"count":13,"href":"https:\/\/www.marfret.com\/es\/wp-json\/wp\/v2\/pages\/11015\/revisions"}],"predecessor-version":[{"id":14707,"href":"https:\/\/www.marfret.com\/es\/wp-json\/wp\/v2\/pages\/11015\/revisions\/14707"}],"wp:attachment":[{"href":"https:\/\/www.marfret.com\/es\/wp-json\/wp\/v2\/media?parent=11015"}],"curies":[{"name":"wp","href":"https:\/\/api.w.org\/{rel}","templated":true}]}}