{"id":10847,"date":"2024-05-02T15:55:26","date_gmt":"2024-05-02T13:55:26","guid":{"rendered":"https:\/\/marfret.epartenaire.com\/contenedores\/"},"modified":"2024-10-07T10:05:30","modified_gmt":"2024-10-07T08:05:30","slug":"contenedores","status":"publish","type":"page","link":"https:\/\/www.marfret.com\/es\/contenedores\/","title":{"rendered":"Contenedores"},"content":{"rendered":"\t\t<div data-elementor-type=\"wp-page\" data-elementor-id=\"10847\" class=\"elementor elementor-10847 elementor-252\" data-elementor-post-type=\"page\">\n\t\t\t\t<div class=\"elementor-element elementor-element-b350eb0 e-flex e-con-boxed e-con e-parent\" data-id=\"b350eb0\" data-element_type=\"container\" data-e-type=\"container\">\n\t\t\t\t\t<div class=\"e-con-inner\">\n\t\t<div class=\"elementor-element elementor-element-473fdfc e-con-full e-flex e-con e-child\" data-id=\"473fdfc\" data-element_type=\"container\" data-e-type=\"container\">\n\t\t\t\t<div class=\"elementor-element elementor-element-c9c2cbe elementor-widget elementor-widget-text-editor\" data-id=\"c9c2cbe\" data-element_type=\"widget\" data-e-type=\"widget\" data-widget_type=\"text-editor.default\">\n\t\t\t\t<div class=\"elementor-widget-container\">\n\t\t\t\t\t\t\t\t\t<h2>Nos \u00e9quipements<\/h2>\n<p>La progression sans pr\u00e9c\u00e9dent du commerce international est fortement li\u00e9e au d\u00e9veloppement du conteneur, une bo\u00eete standardis\u00e9e adapt\u00e9e \u00e0 tous les modes de transport, charg\u00e9e et d\u00e9charg\u00e9e en un temps record.<\/p>\n<p>Passant indiff\u00e9remment de la mer \u00e0 la route, aux rails et aux voies navigables, le conteneur g\u00e9n\u00e8re de nombreuses \u00e9conomies pour les clients de Marfret, transitaires et chargeurs.<\/p>\n<p>Les conteneurs exploit\u00e9s dans la flotte Marfret r\u00e9pondent tous aux normes en vigueur :<\/p>\n<ul>\n<li>ISO : normes d\u00e9finissant les dimensions et caract\u00e9ristiques des conteneurs<\/li>\n<li>TIR : normes douani\u00e8res pour le transport international<\/li>\n<li>CSC : convention r\u00e9gissant les normes de s\u00e9curit\u00e9 sur les conteneurs<\/li>\n<li>UIC : normes internationales pour le transport par fer des conteneurs<\/li>\n<li>TCT : normes pour le traitement des bois pour l\u2019Australie<\/li>\n<\/ul>\n\t\t\t\t\t\t\t\t<\/div>\n\t\t\t\t<\/div>\n\t\t\t\t<\/div>\n\t\t<div class=\"elementor-element elementor-element-1cd77d7 e-con-full e-flex e-con e-child\" data-id=\"1cd77d7\" data-element_type=\"container\" data-e-type=\"container\">\n\t\t\t\t<div class=\"elementor-element elementor-element-0c00cd9 elementor-widget elementor-widget-text-editor\" data-id=\"0c00cd9\" data-element_type=\"widget\" data-e-type=\"widget\" data-widget_type=\"text-editor.default\">\n\t\t\t\t<div class=\"elementor-widget-container\">\n\t\t\t\t\t\t\t\t\t<img fetchpriority=\"high\" decoding=\"async\" class=\"wp-image-950 size-full alignleft\" src=\"\/app\/uploads\/2017\/06\/conteneurs-1.jpg\" alt=\"\" width=\"300\" height=\"200\" \/>\r\n<p style=\"font-size: 18px;\">CONTENEURS\r\nTRANSPORT\u00c9S PAR AN\r\n<span style=\"color: #2cacb4; font-size: 24px;\"><strong>100 000 TEUS<\/strong><\/span><\/p>\t\t\t\t\t\t\t\t<\/div>\n\t\t\t\t<\/div>\n\t\t\t\t<\/div>\n\t\t\t\t\t<\/div>\n\t\t\t\t<\/div>\n\t\t<div class=\"elementor-element elementor-element-789bca2 e-flex e-con-boxed e-con e-parent\" data-id=\"789bca2\" data-element_type=\"container\" data-e-type=\"container\">\n\t\t\t\t\t<div class=\"e-con-inner\">\n\t\t\t\t<div class=\"elementor-element elementor-element-41e3d7f elementor-grid-1 elementor-posts--thumbnail-left elementor-grid-tablet-2 elementor-grid-mobile-1 elementor-widget elementor-widget-posts\" data-id=\"41e3d7f\" data-element_type=\"widget\" data-e-type=\"widget\" data-settings=\"{&quot;classic_columns&quot;:&quot;1&quot;,&quot;classic_columns_tablet&quot;:&quot;2&quot;,&quot;classic_columns_mobile&quot;:&quot;1&quot;,&quot;classic_row_gap&quot;:{&quot;unit&quot;:&quot;px&quot;,&quot;size&quot;:35,&quot;sizes&quot;:[]},&quot;classic_row_gap_tablet&quot;:{&quot;unit&quot;:&quot;px&quot;,&quot;size&quot;:&quot;&quot;,&quot;sizes&quot;:[]},&quot;classic_row_gap_mobile&quot;:{&quot;unit&quot;:&quot;px&quot;,&quot;size&quot;:&quot;&quot;,&quot;sizes&quot;:[]}}\" data-widget_type=\"posts.classic\">\n\t\t\t\t<div class=\"elementor-widget-container\">\n\t\t\t\t\t\t\t<div class=\"elementor-posts-container elementor-posts elementor-posts--skin-classic elementor-grid\" role=\"list\">\n\t\t\t\t<article class=\"elementor-post elementor-grid-item post-10934 conteneurs type-conteneurs status-publish format-standard has-post-thumbnail hentry\" role=\"listitem\">\n\t\t\t\t<a class=\"elementor-post__thumbnail__link\" href=\"https:\/\/www.marfret.com\/es\/conteneurs\/le-conteneur-dry-20-et-40\/\" tabindex=\"-1\" >\n\t\t\t<div class=\"elementor-post__thumbnail\"><img decoding=\"async\" width=\"1276\" height=\"836\" src=\"https:\/\/www.marfret.com\/app\/uploads\/2024\/05\/dry-single.jpg\" class=\"attachment-full size-full wp-image-10952\" alt=\"\" srcset=\"https:\/\/www.marfret.com\/app\/uploads\/2024\/05\/dry-single.jpg 1276w, https:\/\/www.marfret.com\/app\/uploads\/2024\/05\/dry-single-300x197.jpg 300w, https:\/\/www.marfret.com\/app\/uploads\/2024\/05\/dry-single-1024x671.jpg 1024w, https:\/\/www.marfret.com\/app\/uploads\/2024\/05\/dry-single-768x503.jpg 768w\" sizes=\"(max-width: 1276px) 100vw, 1276px\" \/><\/div>\n\t\t<\/a>\n\t\t\t\t<div class=\"elementor-post__text\">\n\t\t\t\t<h3 class=\"elementor-post__title\">\n\t\t\t<a href=\"https:\/\/www.marfret.com\/es\/conteneurs\/le-conteneur-dry-20-et-40\/\" >\n\t\t\t\tEl contenedor Dry de 20&#8242; y 40&#8242;\t\t\t<\/a>\n\t\t<\/h3>\n\t\t\t\t<div class=\"elementor-post__excerpt\">\n\t\t\t<p>(Dry, general Purpose, standard) Estos contenedores representan el 85% de la flota de contenedores operados por Marfret. Est\u00e1n destinados a mercanc\u00edas que no requieren condiciones especiales o manipulaci\u00f3n. Los contenedores de 40&#8242; est\u00e1n disponibles en dos alturas diferentes: 8&#8217;6 (2,591 m) y 9&#8217;6 (2,895 m). En este \u00faltimo caso, el contenedor se denomina &#8220;HIGH CUBE&#8221; (alto cubo).<\/p>\n\t\t<\/div>\n\t\t\t\t<\/div>\n\t\t\t\t<\/article>\n\t\t\t\t<article class=\"elementor-post elementor-grid-item post-10928 conteneurs type-conteneurs status-publish format-standard has-post-thumbnail hentry\" role=\"listitem\">\n\t\t\t\t<a class=\"elementor-post__thumbnail__link\" href=\"https:\/\/www.marfret.com\/es\/conteneurs\/le-conteneur-reefer-20-et-40\/\" tabindex=\"-1\" >\n\t\t\t<div class=\"elementor-post__thumbnail\"><img decoding=\"async\" width=\"1276\" height=\"836\" src=\"https:\/\/www.marfret.com\/app\/uploads\/2024\/05\/reefer-single.jpg\" class=\"attachment-full size-full wp-image-10949\" alt=\"\" srcset=\"https:\/\/www.marfret.com\/app\/uploads\/2024\/05\/reefer-single.jpg 1276w, https:\/\/www.marfret.com\/app\/uploads\/2024\/05\/reefer-single-300x197.jpg 300w, https:\/\/www.marfret.com\/app\/uploads\/2024\/05\/reefer-single-1024x671.jpg 1024w, https:\/\/www.marfret.com\/app\/uploads\/2024\/05\/reefer-single-768x503.jpg 768w\" sizes=\"(max-width: 1276px) 100vw, 1276px\" \/><\/div>\n\t\t<\/a>\n\t\t\t\t<div class=\"elementor-post__text\">\n\t\t\t\t<h3 class=\"elementor-post__title\">\n\t\t\t<a href=\"https:\/\/www.marfret.com\/es\/conteneurs\/le-conteneur-reefer-20-et-40\/\" >\n\t\t\t\tEl contenedor Reefer de 20&#8242; y 40&#8242;\t\t\t<\/a>\n\t\t<\/h3>\n\t\t\t\t<div class=\"elementor-post__excerpt\">\n\t\t\t<p>Dise\u00f1ado para el transporte de mercanc\u00edas bajo temperatura controlada (de -25\u00b0C a +25\u00b0C), est\u00e1n equipados con paredes de alto coeficiente de aislamiento t\u00e9rmico y un grupo mec\u00e1nico que permite la inyecci\u00f3n de aire caliente o fr\u00edo dentro del contenedor. Los grupos est\u00e1n impulsados el\u00e9ctricamente. Hay equipos disponibles en los terminales portuarios, en los barcos y en algunos chasis de camiones que alimentan estos grupos durante todo el transporte.<\/p>\n\t\t<\/div>\n\t\t\t\t<\/div>\n\t\t\t\t<\/article>\n\t\t\t\t<article class=\"elementor-post elementor-grid-item post-10922 conteneurs type-conteneurs status-publish format-standard has-post-thumbnail hentry\" role=\"listitem\">\n\t\t\t\t<a class=\"elementor-post__thumbnail__link\" href=\"https:\/\/www.marfret.com\/es\/conteneurs\/le-conteneur-pallet-wide-20-et-40\/\" tabindex=\"-1\" >\n\t\t\t<div class=\"elementor-post__thumbnail\"><img loading=\"lazy\" decoding=\"async\" width=\"1276\" height=\"836\" src=\"https:\/\/www.marfret.com\/app\/uploads\/2024\/05\/pallet_wide-single.jpg\" class=\"attachment-full size-full wp-image-10940\" alt=\"\" srcset=\"https:\/\/www.marfret.com\/app\/uploads\/2024\/05\/pallet_wide-single.jpg 1276w, https:\/\/www.marfret.com\/app\/uploads\/2024\/05\/pallet_wide-single-300x197.jpg 300w, https:\/\/www.marfret.com\/app\/uploads\/2024\/05\/pallet_wide-single-1024x671.jpg 1024w, https:\/\/www.marfret.com\/app\/uploads\/2024\/05\/pallet_wide-single-768x503.jpg 768w\" sizes=\"(max-width: 1276px) 100vw, 1276px\" \/><\/div>\n\t\t<\/a>\n\t\t\t\t<div class=\"elementor-post__text\">\n\t\t\t\t<h3 class=\"elementor-post__title\">\n\t\t\t<a href=\"https:\/\/www.marfret.com\/es\/conteneurs\/le-conteneur-pallet-wide-20-et-40\/\" >\n\t\t\t\tEl Contenedor Pallet-wide de 20&#8242; y 40&#8242;\t\t\t<\/a>\n\t\t<\/h3>\n\t\t\t\t<div class=\"elementor-post__excerpt\">\n\t\t\t<p>Estos contenedores son contenedores cerrados de uso general cuya anchura interior ha sido aumentada para optimizar el transporte de mercanc\u00edas paletizadas. En este tipo de contenedor, es posible colocar 2 paletas europeas, m\u00e9tricas o australianas una al lado de la otra (hasta 14 paletas europeas en un contenedor de 20&#8242; y 30 en uno de 40&#8242;).<\/p>\n\t\t<\/div>\n\t\t\t\t<\/div>\n\t\t\t\t<\/article>\n\t\t\t\t<article class=\"elementor-post elementor-grid-item post-10931 conteneurs type-conteneurs status-publish format-standard has-post-thumbnail hentry\" role=\"listitem\">\n\t\t\t\t<a class=\"elementor-post__thumbnail__link\" href=\"https:\/\/www.marfret.com\/es\/conteneurs\/le-conteneur-open-top-20-et-40\/\" tabindex=\"-1\" >\n\t\t\t<div class=\"elementor-post__thumbnail\"><img loading=\"lazy\" decoding=\"async\" width=\"1276\" height=\"836\" src=\"https:\/\/www.marfret.com\/app\/uploads\/2024\/05\/open_top-single.jpg\" class=\"attachment-full size-full wp-image-10946\" alt=\"\" srcset=\"https:\/\/www.marfret.com\/app\/uploads\/2024\/05\/open_top-single.jpg 1276w, https:\/\/www.marfret.com\/app\/uploads\/2024\/05\/open_top-single-300x197.jpg 300w, https:\/\/www.marfret.com\/app\/uploads\/2024\/05\/open_top-single-1024x671.jpg 1024w, https:\/\/www.marfret.com\/app\/uploads\/2024\/05\/open_top-single-768x503.jpg 768w\" sizes=\"(max-width: 1276px) 100vw, 1276px\" \/><\/div>\n\t\t<\/a>\n\t\t\t\t<div class=\"elementor-post__text\">\n\t\t\t\t<h3 class=\"elementor-post__title\">\n\t\t\t<a href=\"https:\/\/www.marfret.com\/es\/conteneurs\/le-conteneur-open-top-20-et-40\/\" >\n\t\t\t\tEl contenedor Open Top de 20&#8242; y 40&#8242;\t\t\t<\/a>\n\t\t<\/h3>\n\t\t\t\t<div class=\"elementor-post__excerpt\">\n\t\t\t<p>Estos contenedores no tienen paredes laterales ni techo. Est\u00e1n destinados al transporte de mercanc\u00edas cuyas dimensiones o naturaleza no permiten su colocaci\u00f3n en un contenedor est\u00e1ndar. Hay dos tipos de flats: los flats con paredes fijas y los flats con paredes abatibles. En este \u00faltimo caso, cuando las paredes est\u00e1n abatidas sobre el suelo, se reduce el espacio ocupado y es posible agrupar varios de estos flats para formar un \u00fanico m\u00f3dulo con dimensiones de un contenedor de 20&#8242; o 40&#8242;.<\/p>\n\t\t<\/div>\n\t\t\t\t<\/div>\n\t\t\t\t<\/article>\n\t\t\t\t<article class=\"elementor-post elementor-grid-item post-10926 conteneurs type-conteneurs status-publish format-standard has-post-thumbnail hentry\" role=\"listitem\">\n\t\t\t\t<a class=\"elementor-post__thumbnail__link\" href=\"https:\/\/www.marfret.com\/es\/conteneurs\/le-conteneur-flat-20-et-40\/\" tabindex=\"-1\" >\n\t\t\t<div class=\"elementor-post__thumbnail\"><img loading=\"lazy\" decoding=\"async\" width=\"1276\" height=\"836\" src=\"https:\/\/www.marfret.com\/app\/uploads\/2024\/05\/flat-single.jpg\" class=\"attachment-full size-full wp-image-10943\" alt=\"\" srcset=\"https:\/\/www.marfret.com\/app\/uploads\/2024\/05\/flat-single.jpg 1276w, https:\/\/www.marfret.com\/app\/uploads\/2024\/05\/flat-single-300x197.jpg 300w, https:\/\/www.marfret.com\/app\/uploads\/2024\/05\/flat-single-1024x671.jpg 1024w, https:\/\/www.marfret.com\/app\/uploads\/2024\/05\/flat-single-768x503.jpg 768w\" sizes=\"(max-width: 1276px) 100vw, 1276px\" \/><\/div>\n\t\t<\/a>\n\t\t\t\t<div class=\"elementor-post__text\">\n\t\t\t\t<h3 class=\"elementor-post__title\">\n\t\t\t<a href=\"https:\/\/www.marfret.com\/es\/conteneurs\/le-conteneur-flat-20-et-40\/\" >\n\t\t\t\tEl contenedor Flat de 20&#8242; y 40&#8242;\t\t\t<\/a>\n\t\t<\/h3>\n\t\t\t\t<div class=\"elementor-post__excerpt\">\n\t\t\t<p>Sus suelos, con las mismas dimensiones que las estructuras de los contenedores de 20&#8242; o 40&#8242;, pueden soportar ciertos paquetes pesados o voluminosos cuyas dimensiones totales no permiten su colocaci\u00f3n dentro de un contenedor. Los productos transportados en plataformas no est\u00e1n protegidos de las inclemencias del tiempo y no est\u00e1n en un espacio cerrado y sellado.<\/p>\n\t\t<\/div>\n\t\t\t\t<\/div>\n\t\t\t\t<\/article>\n\t\t\t\t<\/div>\n\t\t\n\t\t\t\t\t\t<\/div>\n\t\t\t\t<\/div>\n\t\t\t\t\t<\/div>\n\t\t\t\t<\/div>\n\t\t<div class=\"elementor-element elementor-element-80d6ce9 e-flex e-con-boxed e-con e-parent\" data-id=\"80d6ce9\" data-element_type=\"container\" data-e-type=\"container\">\n\t\t\t\t\t<div class=\"e-con-inner\">\n\t\t\t\t<div class=\"elementor-element elementor-element-d11fb5c elementor-widget elementor-widget-spacer\" data-id=\"d11fb5c\" data-element_type=\"widget\" data-e-type=\"widget\" data-widget_type=\"spacer.default\">\n\t\t\t\t<div class=\"elementor-widget-container\">\n\t\t\t\t\t\t\t<div class=\"elementor-spacer\">\n\t\t\t<div class=\"elementor-spacer-inner\"><\/div>\n\t\t<\/div>\n\t\t\t\t\t\t<\/div>\n\t\t\t\t<\/div>\n\t\t\t\t<div class=\"elementor-element elementor-element-e502f0a elementor-widget elementor-widget-html\" data-id=\"e502f0a\" data-element_type=\"widget\" data-e-type=\"widget\" data-widget_type=\"html.default\">\n\t\t\t\t<div class=\"elementor-widget-container\">\n\t\t\t\t\t<div class=\"text-center\" style=\"display: flex; justify-content: center; align-items: center; height: 100px;\">\r\n    <a target=\"_blank\" class=\"bouton bouton-orange\" href=\"https:\/\/marfret.epartenaire.com\/app\/uploads\/2024\/04\/conteneurs_fr-1.pdf\" style=\"display: flex; align-items: center; max-width: 50%;\">\r\n        <span style=\"line-height: 1.2;\">Voir les caract\u00e9ristiques techniques des conteneurs <\/span>\r\n        <i class=\"fas fa-file-pdf\" style=\"font-size: 32px; margin-left: 8px;\"><\/i>\r\n    <\/a>\r\n    <a target=\"_blank\" class=\"bouton bouton-orange\" href=\"https:\/\/marfret.epartenaire.com\/app\/uploads\/2024\/04\/iso-fr-1.pdf\" style=\"display: flex; align-items: center; max-width: 50%;\">\r\n        <span style=\"line-height: 1.2;\">Voir les codes ISO des conteneurs  <\/span>\r\n        <i class=\"fas fa-file-pdf\" style=\"font-size: 32px; margin-left: 25px;\"><\/i>\r\n    <\/a>\r\n<\/div>\r\n\t\t\t\t<\/div>\n\t\t\t\t<\/div>\n\t\t\t\t\t<\/div>\n\t\t\t\t<\/div>\n\t\t\t\t<\/div>\n\t\t","protected":false},"excerpt":{"rendered":"<p>Nos \u00e9quipements La progression sans pr\u00e9c\u00e9dent du commerce international est fortement li\u00e9e au d\u00e9veloppement du conteneur, une bo\u00eete standardis\u00e9e adapt\u00e9e \u00e0 tous les modes de transport, charg\u00e9e et d\u00e9charg\u00e9e en un temps record. Passant indiff\u00e9remment de la mer \u00e0 la route, aux rails et aux voies navigables, le conteneur g\u00e9n\u00e8re de nombreuses \u00e9conomies pour les [&hellip;]<\/p>\n","protected":false},"author":31,"featured_media":9123,"parent":0,"menu_order":0,"comment_status":"closed","ping_status":"closed","template":"page-full-bandeau-100vh.php","meta":{"_acf_changed":false,"footnotes":""},"class_list":["post-10847","page","type-page","status-publish","has-post-thumbnail","hentry"],"acf":[],"yoast_head":"<!-- This site is optimized with the Yoast SEO plugin v27.6 - https:\/\/yoast.com\/product\/yoast-seo-wordpress\/ -->\n<title>Lista de nuestros contenedores de env\u00edo | marfret<\/title>\n<meta name=\"description\" content=\"Cada mercanc\u00eda tiene su propio contenedor mar\u00edtimo. Adem\u00e1s del contenedor seco, Marfret dispone de una gama completa de contenedores mar\u00edtimos.\" \/>\n<meta name=\"robots\" content=\"index, follow, max-snippet:-1, max-image-preview:large, max-video-preview:-1\" \/>\n<link rel=\"canonical\" href=\"https:\/\/www.marfret.com\/es\/contenedores\/\" \/>\n<meta property=\"og:locale\" content=\"es_ES\" \/>\n<meta property=\"og:type\" content=\"article\" \/>\n<meta property=\"og:title\" content=\"Lista de nuestros contenedores de env\u00edo | marfret\" \/>\n<meta property=\"og:description\" content=\"Cada mercanc\u00eda tiene su propio contenedor mar\u00edtimo. Adem\u00e1s del contenedor seco, Marfret dispone de una gama completa de contenedores mar\u00edtimos.\" \/>\n<meta property=\"og:url\" content=\"https:\/\/www.marfret.com\/es\/contenedores\/\" \/>\n<meta property=\"og:site_name\" content=\"Marfret\" \/>\n<meta property=\"article:modified_time\" content=\"2024-10-07T08:05:30+00:00\" \/>\n<meta property=\"og:image\" content=\"https:\/\/www.marfret.com\/app\/uploads\/2024\/03\/1-3-e1710156991529.jpg\" \/>\n\t<meta property=\"og:image:width\" content=\"1920\" \/>\n\t<meta property=\"og:image:height\" content=\"1080\" \/>\n\t<meta property=\"og:image:type\" content=\"image\/jpeg\" \/>\n<meta name=\"twitter:card\" content=\"summary_large_image\" \/>\n<meta name=\"twitter:label1\" content=\"Est. reading time\" \/>\n\t<meta name=\"twitter:data1\" content=\"4 minutes\" \/>\n<script type=\"application\/ld+json\" class=\"yoast-schema-graph\">{\"@context\":\"https:\\\/\\\/schema.org\",\"@graph\":[{\"@type\":\"WebPage\",\"@id\":\"https:\\\/\\\/www.marfret.com\\\/es\\\/contenedores\\\/\",\"url\":\"https:\\\/\\\/www.marfret.com\\\/es\\\/contenedores\\\/\",\"name\":\"Lista de nuestros contenedores de env\u00edo | marfret\",\"isPartOf\":{\"@id\":\"https:\\\/\\\/www.marfret.com\\\/#website\"},\"primaryImageOfPage\":{\"@id\":\"https:\\\/\\\/www.marfret.com\\\/es\\\/contenedores\\\/#primaryimage\"},\"image\":{\"@id\":\"https:\\\/\\\/www.marfret.com\\\/es\\\/contenedores\\\/#primaryimage\"},\"thumbnailUrl\":\"https:\\\/\\\/www.marfret.com\\\/app\\\/uploads\\\/2024\\\/03\\\/1-3-e1710156991529.jpg\",\"datePublished\":\"2024-05-02T13:55:26+00:00\",\"dateModified\":\"2024-10-07T08:05:30+00:00\",\"description\":\"Cada mercanc\u00eda tiene su propio contenedor mar\u00edtimo. Adem\u00e1s del contenedor seco, Marfret dispone de una gama completa de contenedores mar\u00edtimos.\",\"breadcrumb\":{\"@id\":\"https:\\\/\\\/www.marfret.com\\\/es\\\/contenedores\\\/#breadcrumb\"},\"inLanguage\":\"es-ES\",\"potentialAction\":[{\"@type\":\"ReadAction\",\"target\":[\"https:\\\/\\\/www.marfret.com\\\/es\\\/contenedores\\\/\"]}]},{\"@type\":\"ImageObject\",\"inLanguage\":\"es-ES\",\"@id\":\"https:\\\/\\\/www.marfret.com\\\/es\\\/contenedores\\\/#primaryimage\",\"url\":\"https:\\\/\\\/www.marfret.com\\\/app\\\/uploads\\\/2024\\\/03\\\/1-3-e1710156991529.jpg\",\"contentUrl\":\"https:\\\/\\\/www.marfret.com\\\/app\\\/uploads\\\/2024\\\/03\\\/1-3-e1710156991529.jpg\",\"width\":1920,\"height\":1080,\"caption\":\"conteneur transport maritime marfret\"},{\"@type\":\"BreadcrumbList\",\"@id\":\"https:\\\/\\\/www.marfret.com\\\/es\\\/contenedores\\\/#breadcrumb\",\"itemListElement\":[{\"@type\":\"ListItem\",\"position\":1,\"name\":\"Accueil\",\"item\":\"https:\\\/\\\/www.marfret.com\\\/es\\\/\"},{\"@type\":\"ListItem\",\"position\":2,\"name\":\"Contenedores\"}]},{\"@type\":\"WebSite\",\"@id\":\"https:\\\/\\\/www.marfret.com\\\/#website\",\"url\":\"https:\\\/\\\/www.marfret.com\\\/\",\"name\":\"Marfret\",\"description\":\"Compagnie maritime\",\"potentialAction\":[{\"@type\":\"SearchAction\",\"target\":{\"@type\":\"EntryPoint\",\"urlTemplate\":\"https:\\\/\\\/www.marfret.com\\\/?s={search_term_string}\"},\"query-input\":{\"@type\":\"PropertyValueSpecification\",\"valueRequired\":true,\"valueName\":\"search_term_string\"}}],\"inLanguage\":\"es-ES\"}]}<\/script>\n<!-- \/ Yoast SEO plugin. -->","yoast_head_json":{"title":"Lista de nuestros contenedores de env\u00edo | marfret","description":"Cada mercanc\u00eda tiene su propio contenedor mar\u00edtimo. Adem\u00e1s del contenedor seco, Marfret dispone de una gama completa de contenedores mar\u00edtimos.","robots":{"index":"index","follow":"follow","max-snippet":"max-snippet:-1","max-image-preview":"max-image-preview:large","max-video-preview":"max-video-preview:-1"},"canonical":"https:\/\/www.marfret.com\/es\/contenedores\/","og_locale":"es_ES","og_type":"article","og_title":"Lista de nuestros contenedores de env\u00edo | marfret","og_description":"Cada mercanc\u00eda tiene su propio contenedor mar\u00edtimo. Adem\u00e1s del contenedor seco, Marfret dispone de una gama completa de contenedores mar\u00edtimos.","og_url":"https:\/\/www.marfret.com\/es\/contenedores\/","og_site_name":"Marfret","article_modified_time":"2024-10-07T08:05:30+00:00","og_image":[{"width":1920,"height":1080,"url":"https:\/\/www.marfret.com\/app\/uploads\/2024\/03\/1-3-e1710156991529.jpg","type":"image\/jpeg"}],"twitter_card":"summary_large_image","twitter_misc":{"Est. reading time":"4 minutes"},"schema":{"@context":"https:\/\/schema.org","@graph":[{"@type":"WebPage","@id":"https:\/\/www.marfret.com\/es\/contenedores\/","url":"https:\/\/www.marfret.com\/es\/contenedores\/","name":"Lista de nuestros contenedores de env\u00edo | marfret","isPartOf":{"@id":"https:\/\/www.marfret.com\/#website"},"primaryImageOfPage":{"@id":"https:\/\/www.marfret.com\/es\/contenedores\/#primaryimage"},"image":{"@id":"https:\/\/www.marfret.com\/es\/contenedores\/#primaryimage"},"thumbnailUrl":"https:\/\/www.marfret.com\/app\/uploads\/2024\/03\/1-3-e1710156991529.jpg","datePublished":"2024-05-02T13:55:26+00:00","dateModified":"2024-10-07T08:05:30+00:00","description":"Cada mercanc\u00eda tiene su propio contenedor mar\u00edtimo. Adem\u00e1s del contenedor seco, Marfret dispone de una gama completa de contenedores mar\u00edtimos.","breadcrumb":{"@id":"https:\/\/www.marfret.com\/es\/contenedores\/#breadcrumb"},"inLanguage":"es-ES","potentialAction":[{"@type":"ReadAction","target":["https:\/\/www.marfret.com\/es\/contenedores\/"]}]},{"@type":"ImageObject","inLanguage":"es-ES","@id":"https:\/\/www.marfret.com\/es\/contenedores\/#primaryimage","url":"https:\/\/www.marfret.com\/app\/uploads\/2024\/03\/1-3-e1710156991529.jpg","contentUrl":"https:\/\/www.marfret.com\/app\/uploads\/2024\/03\/1-3-e1710156991529.jpg","width":1920,"height":1080,"caption":"conteneur transport maritime marfret"},{"@type":"BreadcrumbList","@id":"https:\/\/www.marfret.com\/es\/contenedores\/#breadcrumb","itemListElement":[{"@type":"ListItem","position":1,"name":"Accueil","item":"https:\/\/www.marfret.com\/es\/"},{"@type":"ListItem","position":2,"name":"Contenedores"}]},{"@type":"WebSite","@id":"https:\/\/www.marfret.com\/#website","url":"https:\/\/www.marfret.com\/","name":"Marfret","description":"Compagnie maritime","potentialAction":[{"@type":"SearchAction","target":{"@type":"EntryPoint","urlTemplate":"https:\/\/www.marfret.com\/?s={search_term_string}"},"query-input":{"@type":"PropertyValueSpecification","valueRequired":true,"valueName":"search_term_string"}}],"inLanguage":"es-ES"}]}},"_links":{"self":[{"href":"https:\/\/www.marfret.com\/es\/wp-json\/wp\/v2\/pages\/10847","targetHints":{"allow":["GET"]}}],"collection":[{"href":"https:\/\/www.marfret.com\/es\/wp-json\/wp\/v2\/pages"}],"about":[{"href":"https:\/\/www.marfret.com\/es\/wp-json\/wp\/v2\/types\/page"}],"author":[{"embeddable":true,"href":"https:\/\/www.marfret.com\/es\/wp-json\/wp\/v2\/users\/31"}],"replies":[{"embeddable":true,"href":"https:\/\/www.marfret.com\/es\/wp-json\/wp\/v2\/comments?post=10847"}],"version-history":[{"count":31,"href":"https:\/\/www.marfret.com\/es\/wp-json\/wp\/v2\/pages\/10847\/revisions"}],"predecessor-version":[{"id":14799,"href":"https:\/\/www.marfret.com\/es\/wp-json\/wp\/v2\/pages\/10847\/revisions\/14799"}],"wp:featuredmedia":[{"embeddable":true,"href":"https:\/\/www.marfret.com\/es\/wp-json\/wp\/v2\/media\/9123"}],"wp:attachment":[{"href":"https:\/\/www.marfret.com\/es\/wp-json\/wp\/v2\/media?parent=10847"}],"curies":[{"name":"wp","href":"https:\/\/api.w.org\/{rel}","templated":true}]}}