{"id":10645,"date":"2024-05-02T10:17:23","date_gmt":"2024-05-02T08:17:23","guid":{"rendered":"https:\/\/marfret.epartenaire.com\/candidatura-espontanea\/"},"modified":"2024-10-07T10:27:25","modified_gmt":"2024-10-07T08:27:25","slug":"candidatura-espontanea","status":"publish","type":"page","link":"https:\/\/www.marfret.com\/es\/reclutamiento\/candidatura-espontanea\/","title":{"rendered":"Candidatura espont\u00e1nea"},"content":{"rendered":"\t\t<div data-elementor-type=\"wp-page\" data-elementor-id=\"10645\" class=\"elementor elementor-10645 elementor-8835\" data-elementor-post-type=\"page\">\n\t\t\t\t<div class=\"elementor-element elementor-element-8c4a97c e-flex e-con-boxed e-con e-parent\" data-id=\"8c4a97c\" data-element_type=\"container\" data-e-type=\"container\">\n\t\t\t\t\t<div class=\"e-con-inner\">\n\t\t\t\t<div class=\"elementor-element elementor-element-05c78cf elementor-widget elementor-widget-text-editor\" data-id=\"05c78cf\" data-element_type=\"widget\" data-e-type=\"widget\" data-widget_type=\"text-editor.default\">\n\t\t\t\t<div class=\"elementor-widget-container\">\n\t\t\t\t\t\t\t\t\t<h2>Aplicar a marfret<\/h2>\nPara publicar una solicitud espont\u00e1nea, encontrar\u00e1 un formulario a continuaci\u00f3n, en la parte inferior despu\u00e9s de las ofertas de trabajo.\t\t\t\t\t\t\t\t<\/div>\n\t\t\t\t<\/div>\n\t\t\t\t\t<\/div>\n\t\t\t\t<\/div>\n\t\t<div class=\"elementor-element elementor-element-78660f5d e-flex e-con-boxed e-con e-parent\" data-id=\"78660f5d\" data-element_type=\"container\" data-e-type=\"container\">\n\t\t\t\t\t<div class=\"e-con-inner\">\n\t\t\t\t<div class=\"elementor-element elementor-element-6f00fbf elementor-widget elementor-widget-shortcode\" data-id=\"6f00fbf\" data-element_type=\"widget\" data-e-type=\"widget\" data-widget_type=\"shortcode.default\">\n\t\t\t\t<div class=\"elementor-widget-container\">\n\t\t\t\t\t\t\t<div class=\"elementor-shortcode\"><iframe class=\"candidature-spontanee\" height='1200px' frameborder='0' align='bottom' width='100%' marginheight='900' marginwidth='0' src='https:\/\/www.talentdetection.com\/marfret\/75142-tDqJ5gqS1A\/accueil' id='iframeAdvertise' name='iframeAdvertise'><\/iframe><\/div>\n\t\t\t\t\t\t<\/div>\n\t\t\t\t<\/div>\n\t\t\t\t\t<\/div>\n\t\t\t\t<\/div>\n\t\t\t\t<\/div>\n\t\t","protected":false},"excerpt":{"rendered":"<p>Aplicar a marfret Para publicar una solicitud espont\u00e1nea, encontrar\u00e1 un formulario a continuaci\u00f3n, en la parte inferior despu\u00e9s de las ofertas de trabajo.<\/p>\n","protected":false},"author":31,"featured_media":12783,"parent":13514,"menu_order":0,"comment_status":"closed","ping_status":"closed","template":"page-full-bandeau-100vh.php","meta":{"_acf_changed":false,"footnotes":""},"class_list":["post-10645","page","type-page","status-publish","has-post-thumbnail","hentry"],"acf":[],"yoast_head":"<!-- This site is optimized with the Yoast SEO plugin v27.3 - https:\/\/yoast.com\/product\/yoast-seo-wordpress\/ -->\n<title>Candidatura espont\u00e1nea - Marfret<\/title>\n<meta name=\"robots\" content=\"index, follow, max-snippet:-1, max-image-preview:large, max-video-preview:-1\" \/>\n<link rel=\"canonical\" href=\"https:\/\/www.marfret.com\/es\/reclutamiento\/candidatura-espontanea\/\" \/>\n<meta property=\"og:locale\" content=\"es_ES\" \/>\n<meta property=\"og:type\" content=\"article\" \/>\n<meta property=\"og:title\" content=\"Candidatura espont\u00e1nea - Marfret\" \/>\n<meta property=\"og:description\" content=\"Aplicar a marfret Para publicar una solicitud espont\u00e1nea, encontrar\u00e1 un formulario a continuaci\u00f3n, en la parte inferior despu\u00e9s de las ofertas de trabajo.\" \/>\n<meta property=\"og:url\" content=\"https:\/\/www.marfret.com\/es\/reclutamiento\/candidatura-espontanea\/\" \/>\n<meta property=\"og:site_name\" content=\"Marfret\" \/>\n<meta property=\"article:modified_time\" content=\"2024-10-07T08:27:25+00:00\" \/>\n<meta property=\"og:image\" content=\"https:\/\/www.marfret.com\/app\/uploads\/2024\/07\/v-rotated-e1720774746692.jpg\" \/>\n\t<meta property=\"og:image:width\" content=\"1840\" \/>\n\t<meta property=\"og:image:height\" content=\"1232\" \/>\n\t<meta property=\"og:image:type\" content=\"image\/jpeg\" \/>\n<meta name=\"twitter:card\" content=\"summary_large_image\" \/>\n<meta name=\"twitter:label1\" content=\"Est. reading time\" \/>\n\t<meta name=\"twitter:data1\" content=\"1 minute\" \/>\n<script type=\"application\/ld+json\" class=\"yoast-schema-graph\">{\"@context\":\"https:\\\/\\\/schema.org\",\"@graph\":[{\"@type\":\"WebPage\",\"@id\":\"https:\\\/\\\/www.marfret.com\\\/es\\\/reclutamiento\\\/candidatura-espontanea\\\/\",\"url\":\"https:\\\/\\\/www.marfret.com\\\/es\\\/reclutamiento\\\/candidatura-espontanea\\\/\",\"name\":\"Candidatura espont\u00e1nea - Marfret\",\"isPartOf\":{\"@id\":\"https:\\\/\\\/www.marfret.com\\\/#website\"},\"primaryImageOfPage\":{\"@id\":\"https:\\\/\\\/www.marfret.com\\\/es\\\/reclutamiento\\\/candidatura-espontanea\\\/#primaryimage\"},\"image\":{\"@id\":\"https:\\\/\\\/www.marfret.com\\\/es\\\/reclutamiento\\\/candidatura-espontanea\\\/#primaryimage\"},\"thumbnailUrl\":\"https:\\\/\\\/www.marfret.com\\\/app\\\/uploads\\\/2024\\\/07\\\/v-rotated-e1720774746692.jpg\",\"datePublished\":\"2024-05-02T08:17:23+00:00\",\"dateModified\":\"2024-10-07T08:27:25+00:00\",\"breadcrumb\":{\"@id\":\"https:\\\/\\\/www.marfret.com\\\/es\\\/reclutamiento\\\/candidatura-espontanea\\\/#breadcrumb\"},\"inLanguage\":\"es-ES\",\"potentialAction\":[{\"@type\":\"ReadAction\",\"target\":[\"https:\\\/\\\/www.marfret.com\\\/es\\\/reclutamiento\\\/candidatura-espontanea\\\/\"]}]},{\"@type\":\"ImageObject\",\"inLanguage\":\"es-ES\",\"@id\":\"https:\\\/\\\/www.marfret.com\\\/es\\\/reclutamiento\\\/candidatura-espontanea\\\/#primaryimage\",\"url\":\"https:\\\/\\\/www.marfret.com\\\/app\\\/uploads\\\/2024\\\/07\\\/v-rotated-e1720774746692.jpg\",\"contentUrl\":\"https:\\\/\\\/www.marfret.com\\\/app\\\/uploads\\\/2024\\\/07\\\/v-rotated-e1720774746692.jpg\",\"width\":1840,\"height\":1232},{\"@type\":\"BreadcrumbList\",\"@id\":\"https:\\\/\\\/www.marfret.com\\\/es\\\/reclutamiento\\\/candidatura-espontanea\\\/#breadcrumb\",\"itemListElement\":[{\"@type\":\"ListItem\",\"position\":1,\"name\":\"Accueil\",\"item\":\"https:\\\/\\\/www.marfret.com\\\/es\\\/\"},{\"@type\":\"ListItem\",\"position\":2,\"name\":\"Reclutamiento\",\"item\":\"https:\\\/\\\/www.marfret.com\\\/es\\\/reclutamiento\\\/\"},{\"@type\":\"ListItem\",\"position\":3,\"name\":\"Candidatura espont\u00e1nea\"}]},{\"@type\":\"WebSite\",\"@id\":\"https:\\\/\\\/www.marfret.com\\\/#website\",\"url\":\"https:\\\/\\\/www.marfret.com\\\/\",\"name\":\"Marfret\",\"description\":\"Compagnie maritime\",\"potentialAction\":[{\"@type\":\"SearchAction\",\"target\":{\"@type\":\"EntryPoint\",\"urlTemplate\":\"https:\\\/\\\/www.marfret.com\\\/?s={search_term_string}\"},\"query-input\":{\"@type\":\"PropertyValueSpecification\",\"valueRequired\":true,\"valueName\":\"search_term_string\"}}],\"inLanguage\":\"es-ES\"}]}<\/script>\n<!-- \/ Yoast SEO plugin. -->","yoast_head_json":{"title":"Candidatura espont\u00e1nea - Marfret","robots":{"index":"index","follow":"follow","max-snippet":"max-snippet:-1","max-image-preview":"max-image-preview:large","max-video-preview":"max-video-preview:-1"},"canonical":"https:\/\/www.marfret.com\/es\/reclutamiento\/candidatura-espontanea\/","og_locale":"es_ES","og_type":"article","og_title":"Candidatura espont\u00e1nea - Marfret","og_description":"Aplicar a marfret Para publicar una solicitud espont\u00e1nea, encontrar\u00e1 un formulario a continuaci\u00f3n, en la parte inferior despu\u00e9s de las ofertas de trabajo.","og_url":"https:\/\/www.marfret.com\/es\/reclutamiento\/candidatura-espontanea\/","og_site_name":"Marfret","article_modified_time":"2024-10-07T08:27:25+00:00","og_image":[{"width":1840,"height":1232,"url":"https:\/\/www.marfret.com\/app\/uploads\/2024\/07\/v-rotated-e1720774746692.jpg","type":"image\/jpeg"}],"twitter_card":"summary_large_image","twitter_misc":{"Est. reading time":"1 minute"},"schema":{"@context":"https:\/\/schema.org","@graph":[{"@type":"WebPage","@id":"https:\/\/www.marfret.com\/es\/reclutamiento\/candidatura-espontanea\/","url":"https:\/\/www.marfret.com\/es\/reclutamiento\/candidatura-espontanea\/","name":"Candidatura espont\u00e1nea - Marfret","isPartOf":{"@id":"https:\/\/www.marfret.com\/#website"},"primaryImageOfPage":{"@id":"https:\/\/www.marfret.com\/es\/reclutamiento\/candidatura-espontanea\/#primaryimage"},"image":{"@id":"https:\/\/www.marfret.com\/es\/reclutamiento\/candidatura-espontanea\/#primaryimage"},"thumbnailUrl":"https:\/\/www.marfret.com\/app\/uploads\/2024\/07\/v-rotated-e1720774746692.jpg","datePublished":"2024-05-02T08:17:23+00:00","dateModified":"2024-10-07T08:27:25+00:00","breadcrumb":{"@id":"https:\/\/www.marfret.com\/es\/reclutamiento\/candidatura-espontanea\/#breadcrumb"},"inLanguage":"es-ES","potentialAction":[{"@type":"ReadAction","target":["https:\/\/www.marfret.com\/es\/reclutamiento\/candidatura-espontanea\/"]}]},{"@type":"ImageObject","inLanguage":"es-ES","@id":"https:\/\/www.marfret.com\/es\/reclutamiento\/candidatura-espontanea\/#primaryimage","url":"https:\/\/www.marfret.com\/app\/uploads\/2024\/07\/v-rotated-e1720774746692.jpg","contentUrl":"https:\/\/www.marfret.com\/app\/uploads\/2024\/07\/v-rotated-e1720774746692.jpg","width":1840,"height":1232},{"@type":"BreadcrumbList","@id":"https:\/\/www.marfret.com\/es\/reclutamiento\/candidatura-espontanea\/#breadcrumb","itemListElement":[{"@type":"ListItem","position":1,"name":"Accueil","item":"https:\/\/www.marfret.com\/es\/"},{"@type":"ListItem","position":2,"name":"Reclutamiento","item":"https:\/\/www.marfret.com\/es\/reclutamiento\/"},{"@type":"ListItem","position":3,"name":"Candidatura espont\u00e1nea"}]},{"@type":"WebSite","@id":"https:\/\/www.marfret.com\/#website","url":"https:\/\/www.marfret.com\/","name":"Marfret","description":"Compagnie maritime","potentialAction":[{"@type":"SearchAction","target":{"@type":"EntryPoint","urlTemplate":"https:\/\/www.marfret.com\/?s={search_term_string}"},"query-input":{"@type":"PropertyValueSpecification","valueRequired":true,"valueName":"search_term_string"}}],"inLanguage":"es-ES"}]}},"_links":{"self":[{"href":"https:\/\/www.marfret.com\/es\/wp-json\/wp\/v2\/pages\/10645","targetHints":{"allow":["GET"]}}],"collection":[{"href":"https:\/\/www.marfret.com\/es\/wp-json\/wp\/v2\/pages"}],"about":[{"href":"https:\/\/www.marfret.com\/es\/wp-json\/wp\/v2\/types\/page"}],"author":[{"embeddable":true,"href":"https:\/\/www.marfret.com\/es\/wp-json\/wp\/v2\/users\/31"}],"replies":[{"embeddable":true,"href":"https:\/\/www.marfret.com\/es\/wp-json\/wp\/v2\/comments?post=10645"}],"version-history":[{"count":6,"href":"https:\/\/www.marfret.com\/es\/wp-json\/wp\/v2\/pages\/10645\/revisions"}],"predecessor-version":[{"id":14812,"href":"https:\/\/www.marfret.com\/es\/wp-json\/wp\/v2\/pages\/10645\/revisions\/14812"}],"up":[{"embeddable":true,"href":"https:\/\/www.marfret.com\/es\/wp-json\/wp\/v2\/pages\/13514"}],"wp:featuredmedia":[{"embeddable":true,"href":"https:\/\/www.marfret.com\/es\/wp-json\/wp\/v2\/media\/12783"}],"wp:attachment":[{"href":"https:\/\/www.marfret.com\/es\/wp-json\/wp\/v2\/media?parent=10645"}],"curies":[{"name":"wp","href":"https:\/\/api.w.org\/{rel}","templated":true}]}}