{"id":10638,"date":"2024-05-02T10:14:59","date_gmt":"2024-05-02T08:14:59","guid":{"rendered":"https:\/\/marfret.epartenaire.com\/los-puertos\/"},"modified":"2024-10-07T11:23:40","modified_gmt":"2024-10-07T09:23:40","slug":"los-puertos","status":"publish","type":"page","link":"https:\/\/www.marfret.com\/es\/los-puertos\/","title":{"rendered":"Los puertos"},"content":{"rendered":"","protected":false},"excerpt":{"rendered":"","protected":false},"author":31,"featured_media":13236,"parent":0,"menu_order":0,"comment_status":"closed","ping_status":"closed","template":"archive-ports.php","meta":{"_acf_changed":false,"footnotes":""},"class_list":["post-10638","page","type-page","status-publish","has-post-thumbnail","hentry"],"acf":[],"yoast_head":"<!-- This site is optimized with the Yoast SEO plugin v27.4 - https:\/\/yoast.com\/product\/yoast-seo-wordpress\/ -->\n<title>Lista de puertos mar\u00edtimos y fluviales atendidos por Marfret<\/title>\n<meta name=\"description\" content=\"Consulte la lista de puertos atendidos por las l\u00edneas mar\u00edtimas regulares de Marfret\" \/>\n<meta name=\"robots\" content=\"index, follow, max-snippet:-1, max-image-preview:large, max-video-preview:-1\" \/>\n<link rel=\"canonical\" href=\"https:\/\/www.marfret.com\/es\/los-puertos\/\" \/>\n<meta property=\"og:locale\" content=\"es_ES\" \/>\n<meta property=\"og:type\" content=\"article\" \/>\n<meta property=\"og:title\" content=\"Lista de puertos mar\u00edtimos y fluviales atendidos por Marfret\" \/>\n<meta property=\"og:description\" content=\"Consulte la lista de puertos atendidos por las l\u00edneas mar\u00edtimas regulares de Marfret\" \/>\n<meta property=\"og:url\" content=\"https:\/\/www.marfret.com\/es\/los-puertos\/\" \/>\n<meta property=\"og:site_name\" content=\"Marfret\" \/>\n<meta property=\"article:modified_time\" content=\"2024-10-07T09:23:40+00:00\" \/>\n<meta property=\"og:image\" content=\"https:\/\/www.marfret.com\/app\/uploads\/2018\/02\/52cca3b10262020ba61b4489c38b5dd379bc81bf1-e1721385072289.jpg\" \/>\n\t<meta property=\"og:image:width\" content=\"1351\" \/>\n\t<meta property=\"og:image:height\" content=\"689\" \/>\n\t<meta property=\"og:image:type\" content=\"image\/jpeg\" \/>\n<meta name=\"twitter:card\" content=\"summary_large_image\" \/>\n<meta name=\"twitter:label1\" content=\"Est. reading time\" \/>\n\t<meta name=\"twitter:data1\" content=\"1 minute\" \/>\n<script type=\"application\/ld+json\" class=\"yoast-schema-graph\">{\"@context\":\"https:\\\/\\\/schema.org\",\"@graph\":[{\"@type\":\"WebPage\",\"@id\":\"https:\\\/\\\/www.marfret.com\\\/es\\\/los-puertos\\\/\",\"url\":\"https:\\\/\\\/www.marfret.com\\\/es\\\/los-puertos\\\/\",\"name\":\"Lista de puertos mar\u00edtimos y fluviales atendidos por Marfret\",\"isPartOf\":{\"@id\":\"https:\\\/\\\/www.marfret.com\\\/#website\"},\"primaryImageOfPage\":{\"@id\":\"https:\\\/\\\/www.marfret.com\\\/es\\\/los-puertos\\\/#primaryimage\"},\"image\":{\"@id\":\"https:\\\/\\\/www.marfret.com\\\/es\\\/los-puertos\\\/#primaryimage\"},\"thumbnailUrl\":\"https:\\\/\\\/www.marfret.com\\\/app\\\/uploads\\\/2018\\\/02\\\/52cca3b10262020ba61b4489c38b5dd379bc81bf1-e1721385072289.jpg\",\"datePublished\":\"2024-05-02T08:14:59+00:00\",\"dateModified\":\"2024-10-07T09:23:40+00:00\",\"description\":\"Consulte la lista de puertos atendidos por las l\u00edneas mar\u00edtimas regulares de Marfret\",\"breadcrumb\":{\"@id\":\"https:\\\/\\\/www.marfret.com\\\/es\\\/los-puertos\\\/#breadcrumb\"},\"inLanguage\":\"es-ES\",\"potentialAction\":[{\"@type\":\"ReadAction\",\"target\":[\"https:\\\/\\\/www.marfret.com\\\/es\\\/los-puertos\\\/\"]}]},{\"@type\":\"ImageObject\",\"inLanguage\":\"es-ES\",\"@id\":\"https:\\\/\\\/www.marfret.com\\\/es\\\/los-puertos\\\/#primaryimage\",\"url\":\"https:\\\/\\\/www.marfret.com\\\/app\\\/uploads\\\/2018\\\/02\\\/52cca3b10262020ba61b4489c38b5dd379bc81bf1-e1721385072289.jpg\",\"contentUrl\":\"https:\\\/\\\/www.marfret.com\\\/app\\\/uploads\\\/2018\\\/02\\\/52cca3b10262020ba61b4489c38b5dd379bc81bf1-e1721385072289.jpg\",\"width\":1351,\"height\":689},{\"@type\":\"BreadcrumbList\",\"@id\":\"https:\\\/\\\/www.marfret.com\\\/es\\\/los-puertos\\\/#breadcrumb\",\"itemListElement\":[{\"@type\":\"ListItem\",\"position\":1,\"name\":\"Accueil\",\"item\":\"https:\\\/\\\/www.marfret.com\\\/es\\\/\"},{\"@type\":\"ListItem\",\"position\":2,\"name\":\"Los puertos\"}]},{\"@type\":\"WebSite\",\"@id\":\"https:\\\/\\\/www.marfret.com\\\/#website\",\"url\":\"https:\\\/\\\/www.marfret.com\\\/\",\"name\":\"Marfret\",\"description\":\"Compagnie maritime\",\"potentialAction\":[{\"@type\":\"SearchAction\",\"target\":{\"@type\":\"EntryPoint\",\"urlTemplate\":\"https:\\\/\\\/www.marfret.com\\\/?s={search_term_string}\"},\"query-input\":{\"@type\":\"PropertyValueSpecification\",\"valueRequired\":true,\"valueName\":\"search_term_string\"}}],\"inLanguage\":\"es-ES\"}]}<\/script>\n<!-- \/ Yoast SEO plugin. -->","yoast_head_json":{"title":"Lista de puertos mar\u00edtimos y fluviales atendidos por Marfret","description":"Consulte la lista de puertos atendidos por las l\u00edneas mar\u00edtimas regulares de Marfret","robots":{"index":"index","follow":"follow","max-snippet":"max-snippet:-1","max-image-preview":"max-image-preview:large","max-video-preview":"max-video-preview:-1"},"canonical":"https:\/\/www.marfret.com\/es\/los-puertos\/","og_locale":"es_ES","og_type":"article","og_title":"Lista de puertos mar\u00edtimos y fluviales atendidos por Marfret","og_description":"Consulte la lista de puertos atendidos por las l\u00edneas mar\u00edtimas regulares de Marfret","og_url":"https:\/\/www.marfret.com\/es\/los-puertos\/","og_site_name":"Marfret","article_modified_time":"2024-10-07T09:23:40+00:00","og_image":[{"width":1351,"height":689,"url":"https:\/\/www.marfret.com\/app\/uploads\/2018\/02\/52cca3b10262020ba61b4489c38b5dd379bc81bf1-e1721385072289.jpg","type":"image\/jpeg"}],"twitter_card":"summary_large_image","twitter_misc":{"Est. reading time":"1 minute"},"schema":{"@context":"https:\/\/schema.org","@graph":[{"@type":"WebPage","@id":"https:\/\/www.marfret.com\/es\/los-puertos\/","url":"https:\/\/www.marfret.com\/es\/los-puertos\/","name":"Lista de puertos mar\u00edtimos y fluviales atendidos por Marfret","isPartOf":{"@id":"https:\/\/www.marfret.com\/#website"},"primaryImageOfPage":{"@id":"https:\/\/www.marfret.com\/es\/los-puertos\/#primaryimage"},"image":{"@id":"https:\/\/www.marfret.com\/es\/los-puertos\/#primaryimage"},"thumbnailUrl":"https:\/\/www.marfret.com\/app\/uploads\/2018\/02\/52cca3b10262020ba61b4489c38b5dd379bc81bf1-e1721385072289.jpg","datePublished":"2024-05-02T08:14:59+00:00","dateModified":"2024-10-07T09:23:40+00:00","description":"Consulte la lista de puertos atendidos por las l\u00edneas mar\u00edtimas regulares de Marfret","breadcrumb":{"@id":"https:\/\/www.marfret.com\/es\/los-puertos\/#breadcrumb"},"inLanguage":"es-ES","potentialAction":[{"@type":"ReadAction","target":["https:\/\/www.marfret.com\/es\/los-puertos\/"]}]},{"@type":"ImageObject","inLanguage":"es-ES","@id":"https:\/\/www.marfret.com\/es\/los-puertos\/#primaryimage","url":"https:\/\/www.marfret.com\/app\/uploads\/2018\/02\/52cca3b10262020ba61b4489c38b5dd379bc81bf1-e1721385072289.jpg","contentUrl":"https:\/\/www.marfret.com\/app\/uploads\/2018\/02\/52cca3b10262020ba61b4489c38b5dd379bc81bf1-e1721385072289.jpg","width":1351,"height":689},{"@type":"BreadcrumbList","@id":"https:\/\/www.marfret.com\/es\/los-puertos\/#breadcrumb","itemListElement":[{"@type":"ListItem","position":1,"name":"Accueil","item":"https:\/\/www.marfret.com\/es\/"},{"@type":"ListItem","position":2,"name":"Los puertos"}]},{"@type":"WebSite","@id":"https:\/\/www.marfret.com\/#website","url":"https:\/\/www.marfret.com\/","name":"Marfret","description":"Compagnie maritime","potentialAction":[{"@type":"SearchAction","target":{"@type":"EntryPoint","urlTemplate":"https:\/\/www.marfret.com\/?s={search_term_string}"},"query-input":{"@type":"PropertyValueSpecification","valueRequired":true,"valueName":"search_term_string"}}],"inLanguage":"es-ES"}]}},"_links":{"self":[{"href":"https:\/\/www.marfret.com\/es\/wp-json\/wp\/v2\/pages\/10638","targetHints":{"allow":["GET"]}}],"collection":[{"href":"https:\/\/www.marfret.com\/es\/wp-json\/wp\/v2\/pages"}],"about":[{"href":"https:\/\/www.marfret.com\/es\/wp-json\/wp\/v2\/types\/page"}],"author":[{"embeddable":true,"href":"https:\/\/www.marfret.com\/es\/wp-json\/wp\/v2\/users\/31"}],"replies":[{"embeddable":true,"href":"https:\/\/www.marfret.com\/es\/wp-json\/wp\/v2\/comments?post=10638"}],"version-history":[{"count":1,"href":"https:\/\/www.marfret.com\/es\/wp-json\/wp\/v2\/pages\/10638\/revisions"}],"predecessor-version":[{"id":10640,"href":"https:\/\/www.marfret.com\/es\/wp-json\/wp\/v2\/pages\/10638\/revisions\/10640"}],"wp:featuredmedia":[{"embeddable":true,"href":"https:\/\/www.marfret.com\/es\/wp-json\/wp\/v2\/media\/13236"}],"wp:attachment":[{"href":"https:\/\/www.marfret.com\/es\/wp-json\/wp\/v2\/media?parent=10638"}],"curies":[{"name":"wp","href":"https:\/\/api.w.org\/{rel}","templated":true}]}}